{"id":3498,"date":"2013-11-12T16:38:33","date_gmt":"2013-11-13T00:38:33","guid":{"rendered":"http:\/\/toolkit.capta.org\/finance\/fundraising\/sponsorship-versus-endorsement\/"},"modified":"2015-01-28T10:32:04","modified_gmt":"2015-01-28T18:32:04","slug":"sponsorship-versus-endorsement","status":"publish","type":"page","link":"https:\/\/toolkit.capta.org\/es\/finance\/fundraising\/sponsorship-versus-endorsement\/","title":{"rendered":"Patrocinio versus respaldo"},"content":{"rendered":"<p>La ley permite a una organizaci\u00f3n sin fines de lucro recibir el patrocinio empresarial libre de impuestos, si el patrocinio est\u00e1 relacionado a un evento espec\u00edfico que se lleva a cabo una vez al a\u00f1o. La PTA puede recibir pagos estructurados como <b>regal\u00edas<\/b> o firmar contratos de patrocinio con empresas, incluyendo empresas de comercio electr\u00f3nico. En virtud de nuevas reglamentaciones, las PTA pueden aceptar un patrocinio exclusivo. Un acuerdo exclusivo es aquel que proh\u00edbe que los competidores del patrocinador vendan en la actividad. La parte del pago que refleja el elemento de exclusi\u00f3n est\u00e1 sujeta al pago de impuestos.<\/p>\n<p>Para que el pago califique, no debe haber ning\u00fan arreglo o expectativa de que la empresa reciba alg\u00fan beneficio sustancial por el pago recibido. La PTA no puede entrar en sociedad con una empresa. La <b>sociedad<\/b> implica repartir las p\u00e9rdidas y las ganancias del negocio y se convertir\u00eda en ingreso por negocios no relacionados, con responsabilidad tributaria.<\/p>\n<p>La PTA debe reconocer p\u00fablicamente la regal\u00eda o el patrocinio. El mensaje de agradecimiento puede incluir el nombre, el logotipo, la direcci\u00f3n, el n\u00famero de tel\u00e9fono y los productos de la empresa patrocinadora.<\/p>\n<p style=\"text-align: center;\"><i>La PTA\u2008puede<\/i><\/p>\n<p>Colgar una pancarta en el plantel escolar, con el permiso del director de la escuela, de acuerdo con la norma del distrito.<\/p>\n<p>Colgar una pancarta donde se va a llevar a cabo el evento, luego de la aprobaci\u00f3n del permiso de uso de las instalaciones (<a href=\"https:\/\/toolkit.capta.org\/es\/running-your-pta\/basic-policies\/working-with-the-schools\/\">El uso de las instalaciones escolares por parte de la PTA<\/a>; <a href=\"http:\/\/downloads.capta.org\/toolkit\/formularios\/Ap%C3%A9ndicePermisoParaUsoDeInstalacionesEscolares.pdf\" target=\"_blank\">Ap\u00e9ndice al permiso para el uso de las instalaciones escolares)<\/a>.<\/p>\n<p>Colocar un reconocimiento en el libro del programa del evento.<\/p>\n<p>Anunciar a la audiencia qui\u00e9nes son los patrocinadores del evento.<\/p>\n<p>Reconocer el patrocinio del evento particular en el bolet\u00edn de la PTA o en el bolet\u00edn de la escuela, si lo permite la norma del distrito escolar.<\/p>\n<p>Distribuir muestras de los productos del patrocinador en el evento patrocinado, si lo permite la norma del distrito escolar o si el permiso de uso de las instalaciones\u00a0(<a href=\"https:\/\/toolkit.capta.org\/es\/running-your-pta\/basic-policies\/working-with-the-schools\/\">El uso de las instalaciones escolares por parte de la PTA<\/a>; <a href=\"http:\/\/downloads.capta.org\/toolkit\/formularios\/Ap%C3%A9ndicePermisoParaUsoDeInstalacionesEscolares.pdf\" target=\"_blank\">Ap\u00e9ndice al permiso para el uso de las instalaciones escolares)<\/a> abarca la distribuci\u00f3n de productos patrocinadores.<\/p>\n<p>La PTA puede suministrar un enlace de hipertexto desde el sitio Web de la PTA al sitio Web del patrocinador. La PTA debe ser cautelosa en la forma en que se establezca el enlace. Es posible que la existencia de un enlace pueda causar que el pago del patrocinador se considere como ingreso por negocios no relacionados, particularmente si el enlace tiene forma de un anuncio en movimiento. Un enlace ser\u00eda probablemente visto por el IRS como la retenci\u00f3n del car\u00e1cter pasivo asociado con el patrocinio empresarial, mientras que un anuncio en movimiento ser\u00eda probablemente considerado como publicidad. La vigencia del enlace debe corresponder con los t\u00e9rminos del contrato con el patrocinador.<\/p>\n<p>Si la PTA suministra un enlace Web a una empresa de comercio electr\u00f3nico, debe incluirse en el sitio Web de la PTA una declaraci\u00f3n de limitaci\u00f3n de responsabilidad. Por ejemplo:<\/p>\n<p style=\"padding-left: 30px;\">\u201cLa PTA no respalda, garantiza ni recomienda ninguno de estos productos. La PTA recibe un peque\u00f1o porcentaje de cada venta. Si usted decide comprar alg\u00fan producto, le damos las gracias\u201d.<\/p>\n<p>Una empresa de comercio electr\u00f3nico debe considerarse como una compa\u00f1\u00eda de recaudaci\u00f3n de fondos que act\u00faa como intermediario o mediador entre vendedores y consumidores.<\/p>\n<p>Como la PTA obviamente se esforzar\u00eda en promocionar el uso de las compras electr\u00f3nicas, con el fin de hacerlo sin riesgos se deben aplicar las siguientes condiciones:<\/p>\n<ul>\n<li>El uso del programa debe quedar completamente a discreci\u00f3n del usuario.<\/li>\n<li>La unidad no puede tener control sobre el hecho de que alguien use o no use el sitio.<\/li>\n<li>La unidad no puede tener control sobre si est\u00e1n o no habilitados para cualquier proceder.<\/li>\n<li>La unidad no puede revelar informaci\u00f3n a terceros sobre los afiliados.<\/li>\n<\/ul>\n<p>Una variedad de vendedores electr\u00f3nicos, tambi\u00e9n conocidos como centros comerciales de beneficencia, donan una parte de las compras hechas a trav\u00e9s de sus sitios a cambio de la buena disposici\u00f3n que puede generar la beneficencia. Los centros comerciales de beneficencia permiten a los clientes utilizar la p\u00e1gina de inicio del centro comercial como portal para las compras en una gran cantidad de tiendas participantes. Por cada compra en l\u00ednea, la PTA recibir\u00eda un porcentaje de la venta. Si se trabaja con el comercio electr\u00f3nico de esta manera, hay menos probabilidades de que se considere que la PTA conduce un negocio y en cambio, simplemente est\u00e1 recibiendo regal\u00edas.<\/p>\n<p>Cada oportunidad de recaudaci\u00f3n de fondos debe ser evaluada individualmente.<\/p>\n<p align=\"center\"><i>\u00a0<\/i><i>La empresa debe<\/i><\/p>\n<p>Comprender las normas y procedimientos de la PTA, especialmente la norma no comercial, la norma no sectaria y la norma no partidaria.<\/p>\n<p>No violar las normas, las posiciones y las metas de la PTA.<\/p>\n<p>Excluir todos los sitios Web que venden o presentan armas de fuego, tabaco, bebidas alcoh\u00f3licas o material para adultos.<\/p>\n<p>Tener por escrito una norma de apoyo a las oportunidades educativas.<\/p>\n<p>Ofrecer beneficios a la PTA.<\/p>\n<p>Fomentar la participaci\u00f3n en la PTA.<\/p>\n<p>Proteger la privacidad y la seguridad de los usuarios:<\/p>\n<ul>\n<li>Proh\u00edbe tender trampas, es decir, la posibilidad de que un tercero observe la transacci\u00f3n cuando los usuarios interact\u00faan con los vendedores.<\/li>\n<li>Tiene sellos de privacidad de la Oficina de Buenas Pr\u00e1cticas Comerciales y del grupo empresarial.<\/li>\n<li>Requiere que las personas proporcionen solamente informaci\u00f3n m\u00ednima, tal como el nombre y la direcci\u00f3n de correo electr\u00f3nico.<\/li>\n<\/ul>\n<p>No solicitar el registro o la membres\u00eda obligatorios para participar en el programa.<\/p>\n<p>Asegurar que la interfaz del programa sea clara, funcional y f\u00e1cil de usar.<\/p>\n<p>Estructurar los pagos a la PTA como regal\u00edas.<\/p>\n<p>Identificar espec\u00edficamente la unidad de la PTA como una entidad separada y distinta que recibe las regal\u00edas, en lugar de anotar simplemente el lugar de la escuela.<\/p>\n<p>Proveer la contabilidad completa para determinar la repartici\u00f3n de regal\u00edas sobre una base mensual.<\/p>\n<p>Requerir una cantidad de esfuerzo m\u00ednimo a la PTA para las actividades de promoci\u00f3n.<\/p>\n<p>Ser vista como una compa\u00f1\u00eda de recaudaci\u00f3n de fondos que act\u00faa como intermediaria entre vendedores y consumidores.<\/p>\n<p>Nota: Las compras efectuadas a trav\u00e9s del comercio electr\u00f3nico generalmente no resultar\u00e1n en contribuciones de beneficencia deducibles de impuestos, a menos que el comprador pueda demostrar que el monto pagado por el art\u00edculo excedi\u00f3 su valor justo de mercado y que el excedente del pago tiene el prop\u00f3sito de ser un obsequio para la PTA.<\/p>\n","protected":false},"excerpt":{"rendered":"<p>La ley permite a una organizaci\u00f3n sin fines de lucro recibir el patrocinio empresarial libre de impuestos, si el patrocinio est\u00e1 relacionado a un evento espec\u00edfico que se lleva a cabo una vez al a\u00f1o. La PTA puede recibir pagos estructurados como regal\u00edas o firmar contratos de patrocinio con empresas, incluyendo empresas de comercio electr\u00f3nico. [&hellip;]<\/p>\n","protected":false},"author":8,"featured_media":0,"parent":3466,"menu_order":0,"comment_status":"closed","ping_status":"closed","template":"","meta":{"footnotes":""},"class_list":["post-3498","page","type-page","status-publish","hentry","entry"],"_links":{"self":[{"href":"https:\/\/toolkit.capta.org\/es\/wp-json\/wp\/v2\/pages\/3498","targetHints":{"allow":["GET"]}}],"collection":[{"href":"https:\/\/toolkit.capta.org\/es\/wp-json\/wp\/v2\/pages"}],"about":[{"href":"https:\/\/toolkit.capta.org\/es\/wp-json\/wp\/v2\/types\/page"}],"author":[{"embeddable":true,"href":"https:\/\/toolkit.capta.org\/es\/wp-json\/wp\/v2\/users\/8"}],"replies":[{"embeddable":true,"href":"https:\/\/toolkit.capta.org\/es\/wp-json\/wp\/v2\/comments?post=3498"}],"version-history":[{"count":0,"href":"https:\/\/toolkit.capta.org\/es\/wp-json\/wp\/v2\/pages\/3498\/revisions"}],"up":[{"embeddable":true,"href":"https:\/\/toolkit.capta.org\/es\/wp-json\/wp\/v2\/pages\/3466"}],"wp:attachment":[{"href":"https:\/\/toolkit.capta.org\/es\/wp-json\/wp\/v2\/media?parent=3498"}],"curies":[{"name":"wp","href":"https:\/\/api.w.org\/{rel}","templated":true}]}}