{"id":3502,"date":"2013-11-12T16:43:45","date_gmt":"2013-11-13T00:43:45","guid":{"rendered":"http:\/\/toolkit.capta.org\/finance\/fundraising\/selecting-appropriate-fundraising-activities\/"},"modified":"2024-05-23T12:20:34","modified_gmt":"2024-05-23T19:20:34","slug":"selecting-appropriate-fundraising-activities","status":"publish","type":"page","link":"https:\/\/toolkit.capta.org\/es\/finance\/fundraising\/selecting-appropriate-fundraising-activities\/","title":{"rendered":"Selecci\u00f3n de las actividades de recaudaci\u00f3n de fondos"},"content":{"rendered":"<p>Si est\u00e1 considerando la posibilidad de llevar a cabo grandes recaudaciones de fondos, tenga en cuenta lo siguiente<\/p>\n<ul>\n<li>\u00bfEst\u00e1 relacionado el proyecto de recaudaci\u00f3n de fondos con los fines educativos, de beneficencia y filantr\u00f3picos de la PTA como organizaci\u00f3n exonerada de impuestos?<\/li>\n<li>\u00bfSer\u00e1 designado el producto de la recaudaci\u00f3n de fondos a proyectos espec\u00edficos aprobados que cumplen con los prop\u00f3sitos de PTA? No realice una recaudaci\u00f3n de fondos si la PTA no ha determinado c\u00f3mo se gastar\u00e1n los fondos.<\/li>\n<li>\u00bfViola el proyecto la norma no comercial de la PTA?<\/li>\n<li>\u00bfTiene suficientes voluntarios la asociaci\u00f3n?<\/li>\n<\/ul>\n<div id=\"wp-spoiler-1\" class=\"wp-spoiler wpui-hashable wpui-light wpui-styles\" data-style=\"wpui-light\">  <h3 class=\"wp-spoiler-title wpui-hashable fade-true slide-true open-false\"><strong>Lineamientos para llevar a cabo proyectos de recaudaci\u00f3n de fondos<\/strong><\/h3><div class=\"wpui-hidden wp-spoiler-content\">\n<p>El jefe de Recaudaci\u00f3n de Fondos debe:<\/p>\n<p>Presentar planes a la junta ejecutiva para su aprobaci\u00f3n y para obtener fondos para gastar fondos.<\/p>\n<p>Lea todos los contratos detenidamente.<\/p>\n<p>Pedir a los afiliados que aprueben el contrato antes de comprometerse con el proveedor. Aseg\u00farese de que el contrato est\u00e9 firmado por dos funcionarios electos de la PTA, uno de los cuales debe ser el presidente, luego de que los miembros hayan votado a favor de llevar a cabo el proyecto.<\/p>\n<p>Siga los procedimientos financieros del seguro de fianza requerido como parte del programa de seguros de la PTA de California. (Ver\u00a0 <a href=\"https:\/\/toolkit.capta.org\/es\/finance\/banking\/handling-pta-funds\/\">Manejo de los fondos de la PTA<\/a>.)<\/p>\n<p>Solicitar reembolsos en forma oportuna para los gastos efectuados en nombre de la asociaci\u00f3n o, si se solicita un anticipo, presentar la autorizaci\u00f3n y solicitud de pago completada para el reembolso a m\u00e1s tardar 14 d\u00edas despu\u00e9s del evento.<\/p>\n<p>Nunca pagar a ning\u00fan proveedor con dinero recaudado el d\u00eda del evento. Pagar las facturas con cheque despu\u00e9s de una votaci\u00f3n de la asociaci\u00f3n.<\/p>\n<p>Preparar un informe detallando los ingresos y gastos del evento.<\/p>\n<p><\/div>  <\/div><!-- end div.wp-spoiler --><div id=\"wp-spoiler-2\" class=\"wp-spoiler wpui-hashable wpui-light wpui-styles\" data-style=\"wpui-light\">  <h3 class=\"wp-spoiler-title wpui-hashable fade-true slide-true open-false\"><strong>El alcohol y los eventos de la PTA<\/strong><\/h3><div class=\"wpui-hidden wp-spoiler-content\"><\/p>\n<p><strong>Venta de alcohol<\/strong> \u2013 Conforme al C\u00f3digo de Negocios y Profesiones de California, Secci\u00f3n 25608, \u201cToda persona que posee, consume, vende, de o entregue a otra persona, cualquier bebida alcoh\u00f3lica en o en cualquier escuela p\u00fablica o sus instalaciones, es culpable de un delito menor \u00ab.<\/p>\n<p>(Nota: el Proyecto de Ley de la Asamblea 2073 (\u00abAB 2073\u00bb), que se convirti\u00f3 en ley el 1\u00ba de enero de 2015, otorgo una excepci\u00f3n a la prohibici\u00f3n contra la venta o el consumo de bebidas alcoh\u00f3licas en las instalaciones del distrito K-12 si las bebidas son adquiridas, pose\u00eddas, usadas, vendidas o consumidas bajo una licencia o permiso obtenido para eventos especiales celebrados cuando los estudiantes no est\u00e1n presentes en las instalaciones. La nueva ley permitir\u00e1 que los distritos del K-12, de colegios comunitarios y otras agencias de educaci\u00f3n locales tengan m\u00e1s flexibilidad en el alquiler de sus instalaciones para recaudar fondos y para otros eventos que incluyen bebidas alcoh\u00f3licas, siempre y cuando se obtenga una licencia o permiso y que los estudiantes no est\u00e9n presentes.)<\/p>\n<p>De acuerdo con el programa de seguros de la PTA del Estado de California, las PTAs pueden participar en la venta de bebidas alcoh\u00f3licas en los eventos de la PTA siempre que se obtengan las aprobaciones necesarias, incluyendo la correspondiente licencia ABC (Control de Bebidas Alcoh\u00f3licas) y la aprobaci\u00f3n del distrito escolar para los eventos que se celebran en el recinto escolar. Muchas PTAs tienen subastas y cenas silenciosas anuales para recaudar fondos, en las cuales se donan botellas y\/o cajas de vino para que se usen como art\u00edculos de subasta. Estas botellas y\/o cajas de vino donadas pueden usarse como art\u00edculos de subasta. Comun\u00edquese con el distrito escolar para saber cu\u00e1les son las p\u00f3lizas locales relacionadas con la subasta de bebidas alcoh\u00f3licas donadas.<\/p>\n<p><strong>Servir alcohol en los eventos de la PTA<\/strong> \u2013 La PTA del Estado de California recomienda encarecidamente a las PTAs de unidad, consejo y distrito que se abstengan de servir bebidas alcoh\u00f3licas en las funciones de la PTA, especialmente cuando los estudiantes est\u00e9n presentes. Si se sirven bebidas alcoh\u00f3licas en una funci\u00f3n de la PTA solo para adultos, se debe tener cuidado para limitar la responsabilidad de la PTA. Se sugiere que las bebidas alcoh\u00f3licas sean proporcionadas y servidas por un establecimiento con licencia, un servicio de bebidas alcoh\u00f3licas con licencia o una empresa de catering que cuente con los permisos y seguros adecuados. Cuando una PTA est\u00e9 planeando un evento que incluir\u00e1 bebidas alcoh\u00f3licas, la PTA puede cobrar el costo de las bebidas alcoh\u00f3licas a trav\u00e9s de la venta de boletos. Si una PTA vota para servir o vender bebidas alcoh\u00f3licas en un evento, todas las licencias necesarias de ABC (Control de Bebidas Alcoh\u00f3licas) deben obtenerse comunic\u00e1ndose con la oficina local de ABC. Tenga en cuenta que la agencia ABC puede requerir\u00a0 capacitaci\u00f3n en ventas y servicio de alcohol.<\/p>\n<p>Se recomienda que los fondos de la PTA no se utilicen para comprar bebidas alcoh\u00f3licas o botellas de alcohol. Recuerde, el prop\u00f3sito de la PTA es trabajar en nombre de todos los ni\u00f1os y hablar por \u00abcada ni\u00f1o con una sola voz\u00bb.<\/p>\n<p>Si alguna PTA tiene m\u00e1s preguntas sobre este tema, comun\u00edquese con el agente de seguros de la PTA del Estado de California y con la PTA de su distrito.<\/p>\n<p><\/div>  <\/div><!-- end div.wp-spoiler --><div id=\"wp-spoiler-3\" class=\"wp-spoiler wpui-hashable wpui-light wpui-styles\" data-style=\"wpui-light\">  <h3 class=\"wp-spoiler-title wpui-hashable fade-true slide-true open-false\"><strong>Selecci\u00f3n de una empresa de recaudaci\u00f3n de fondos<\/strong><\/h3><div class=\"wpui-hidden wp-spoiler-content\"><\/p>\n<p>Investigue y eval\u00fae varias compa\u00f1\u00edas de recaudaci\u00f3n de fondos. Determine cu\u00e1l es el mayor beneficio para la PTA de trabajar con cada compa\u00f1\u00eda de recaudaci\u00f3n de fondos en particular. Invite a varias compa\u00f1\u00edas a ofrecer presentaciones con el fin de comparar varios aspectos de cada programa. No seleccione a una compa\u00f1\u00eda en base a un s\u00f3lo criterio, tal como el porcentaje de ganancias.<\/p>\n<p>Determine la calidad del producto. Los art\u00edculos de mayor calidad generan m\u00e1s ventas y aumentan la reputaci\u00f3n de la PTA. Determine el tipo de servicios que ofrecen para hacer que la recaudaci\u00f3n de fondos transcurra tan satisfactoriamente como sea posible.<\/p>\n<ul>\n<li>\u00bfEl env\u00edo es un costo adicional?<\/li>\n<li>\u00bfExiste una reducci\u00f3n en el costo basada en el volumen de compra?<\/li>\n<li>\u00bfQui\u00e9n tiene la responsabilidad de dise\u00f1ar los volantes del recaudador de fondos?<\/li>\n<li>\u00bfQui\u00e9n tiene la responsabilidad de empacar las \u00f3rdenes individuales?<\/li>\n<li>\u00bfLos productos tienen garant\u00eda?<\/li>\n<li>\u00bfC\u00f3mo se manejan los errores de un pedido?<\/li>\n<\/ul>\n<p>Determine la experiencia, el profesionalismo y la reputaci\u00f3n de la empresa en el seno de la comunidad. Averig\u00fce cu\u00e1nto tiempo ha estado la empresa en el negocio, si la empresa es miembro de la Asociaci\u00f3n de Recaudadores de Fondos y Vendedores Directos (<a href=\"http:\/\/www.afrds.org\/\" target=\"_blank\" rel=\"noopener noreferrer\">www.afrds.com<\/a>) y pida dos o tres referencias. Si una empresa no suministra referencias, es preferible no utilizar sus servicios. Cuando se suministren las referencias, p\u00f3ngase en contacto con quienes las enviaron; pregunte sobre su experiencia con la empresa y si la recomiendan.<\/p>\n<p>Averig\u00fce acerca de las medidas de seguridad o normas que ofrece la empresa. Revise muestras de las cartas, v\u00eddeos, volantes y otros materiales de promoci\u00f3n de la empresa que indiquen la garant\u00eda de esa seguridad.<\/p>\n<p>Determine la capacidad de la empresa para cumplir las metas de la PTA. El precio al detalle del producto debe representar un valor de mercado justo para bienes de ese tipo y estar calculado razonablemente. La PTA debe ser capaz de obtener una ganancia justa. Averig\u00fce si la empresa tiene un historial de logros. En dicha situaci\u00f3n, la empresa debe convencer a la PTA de que va a cumplir su meta. No pague por la totalidad de los productos hasta que se entregue la orden completa. Si se requiere un dep\u00f3sito, debe ser un monto en se\u00f1al de trato por la orden completa.<\/p>\n<p>Verifique que la empresa tenga seguro de responsabilidad civil. La Lista de Proveedores Aprobados proporciona una lista de Concesionarios\/Vendedores\/Proveedores de Servicio que han presentado la prueba apropiada de seguro ante el Agente de seguros de la PTA del Estado de California. El hecho de que un proveedor aparezca en esta lista NO QUIERE decir que todas las actividades que ofrezca est\u00e9n autorizadas. Consulte <u>la<\/u> <em>Gu\u00eda de Seguros<\/em> y comun\u00edquese con el corredor de seguros de la PTA del Estado de California para obtener informaci\u00f3n adicional.<\/p>\n<p><\/div>  <\/div><!-- end div.wp-spoiler --><div id=\"wp-spoiler-4\" class=\"wp-spoiler wpui-hashable wpui-light wpui-styles\" data-style=\"wpui-light\">  <h3 class=\"wp-spoiler-title wpui-hashable fade-true slide-true open-false\"><strong>Operaci\u00f3n de juegos de bingo y noches de p\u00f3ker con fines de beneficencia<\/strong><\/h3><div class=\"wpui-hidden wp-spoiler-content\"><\/p>\n<p>El bingo es un juego de azar que debe cumplir con las regulaciones de todas las autoridades locales, incluyendo el gobierno local, el de la ciudad y el distrito escolar. Consulte con el consejo del condado y\/o el procurador de la ciudad para determinar las leyes y ordenanzas locales. Cuando sea autorizada, la PTA, como una organizaci\u00f3n a la que se aplica el C\u00f3digo Tributario \u00a723701d (organizaci\u00f3n de beneficencia y exenci\u00f3n tributaria), puede recibir una licencia para llevar a cabo un juego de bingo, considerando que cumple con todo lo estipulado en el C\u00f3digo Penal del Estado de California \u00a7326.5. Estas leyes se actualizan con frecuencia.<\/p>\n<p align=\"left\">Ciertas organizaciones exentas de impuestos tienen autorizaci\u00f3n por la ley estatal y la ordenanza local para recaudar dinero de bingo, a condici\u00f3n de que: (1) los ingresos se utilicen \u00fanicamente para fines ben\u00e9ficos; (2) los juegos se realicen por miembros voluntarios de las organizaciones; (3) no se paguen sueldos con las ganancias del bingo; (4) no se combine el dinero del bingo con otros fondos; y (5) la organizaci\u00f3n que realiza el bingo tenga una licencia v\u00e1lida emitida por la ciudad o condado en el que se juega bingo.<\/p>\n<p align=\"left\">En enero de 2007, una ley de California (AB 839) fue promulgada permitiendo a las organizaciones sin fines de lucro elegibles tener recaudaciones de fondos de \u00abnoche de p\u00f3ker de caridad\u00bb. Las organizaciones sin fines de lucro y proveedores de equipos y servicios para esos eventos de recaudaci\u00f3n de fondos deben presentar un formulario de inscripci\u00f3n anual a la Oficina de Control de Juegos de Azar para su aprobaci\u00f3n.<\/p>\n<p align=\"left\">Las organizaciones deben cumplir con todos los requisitos del Procurador General de California; consulte <a href=\"https:\/\/oag.ca.gov\/gambling\/charitable\">https:\/\/oag.ca.gov\/gambling\/charitable<\/a>.<\/p>\n<p align=\"left\">El dinero procedente de bingo y de la noche de p\u00f3ker de caridad se consideran parte de los recibos brutos de la unidad.<\/p>\n<p>Las ganancias del bingo se consideran como parte de los ingresos brutos de la unidad de la PTA. (<a href=\"https:\/\/toolkit.capta.org\/es\/finance\/banking\/income\/\">Ingresos<\/a> brutos).<span lang=\"es-419\">Deben tenerse en cuenta en la revisi\u00f3n financiera, en el presupuesto y en todos los informes financieros para la junta ejecutiva y la asociaci\u00f3n. <\/span>Si otra persona, adem\u00e1s del tesorero, tiene la responsabilidad de los informes, debe presentarse un informe financiero en cada reuni\u00f3n de la junta ejecutiva y de la asociaci\u00f3n. Tambi\u00e9n se deben considerar las ganancias al determinar la necesidad de declarar el Impuesto Federal y el Impuesto al Ingreso por Negocios no Relacionados.<\/p>\n<p><\/div>  <\/div><!-- end div.wp-spoiler --><div id=\"wp-spoiler-5\" class=\"wp-spoiler wpui-hashable wpui-light wpui-styles\" data-style=\"wpui-light\">  <h3 class=\"wp-spoiler-title wpui-hashable fade-true slide-true open-false\"><strong>Rifas legales para las PTA<\/strong><\/h3><div class=\"wpui-hidden wp-spoiler-content\"><\/p>\n<p>Los formularios y la informaci\u00f3n sobre c\u00f3mo realizar una rifa legal se pueden obtener visitando el sitio web del Fiscal General de California. <a href=\"https:\/\/oag.ca.gov\/charities\/raffles\">https:\/\/oag.ca.gov\/charities\/raffles<\/a><\/p>\n<p>Un formulario de inscripci\u00f3n completado y la cuota de inscripci\u00f3n deben someterse para el 1 de septiembre de cada a\u00f1o (1 de septiembre al 31 de agosto) durante cual una rifa se espera realizar. Un Informe de Rifas no Lucrativas debe ser completado por separado para cada rifa realizada durante el a\u00f1o de la cobertura (1 de septiembre al 31 de agosto). Los informes se deben entregar antes del 1 de septiembre (Secci\u00f3n 320.5 del C\u00f3digo Penal de California).<\/p>\n<p>Las rifas incluyen, pero no se limitan a, 50\/50, rifas, donaci\u00f3n de dibujos, \u201cducky derby\u201d y bingo \u201ccow chip\u201d. Las rifas cincuenta-cincuenta (50-50) son ilegales.<\/p>\n<p style=\"font-weight: 400;\">El Procurador General proh\u00edbe la venta en l\u00ednea de boletos para rifas. Se puede anunciar el sorteo en su sitio web pero los boletos se deben vender en persona.<\/p>\n<p><\/div>  <\/div><!-- end div.wp-spoiler --><div id=\"wp-spoiler-6\" class=\"wp-spoiler wpui-hashable wpui-light wpui-styles\" data-style=\"wpui-light\">  <h3 class=\"wp-spoiler-title wpui-hashable fade-true slide-true open-false\"><strong>Programas de vales<\/strong><\/h3><div class=\"wpui-hidden wp-spoiler-content\"><\/p>\n<p>(Ver <a href=\"https:\/\/toolkit.capta.org\/es\/finance\/banking\/non-dues-revenue\/\">E-scrip<\/a>)<\/p>\n<p>El vale es un cup\u00f3n que puede ser canjeado en vez de utilizar efectivo en la tienda donde se emiti\u00f3. Los vales se compran, usualmente, en tiendas de abarrotes, en grandes cantidades con un descuento sobre el valor nominal. La PTA luego vende los vales a su valor total para recaudar fondos para la unidad. Cuando se adquieren directamente, los vales son canjeables por cualquier persona y, en consecuencia, est\u00e1n sujetos a la p\u00e9rdida o al hurto como el dinero en efectivo.<\/p>\n<p>Los vales pueden ser adquiridos por la unidad de la PTA, ya sea directamente en la tienda o un mayorista de scrip. El seguro b\u00e1sico de fianza que se provee como parte del programa de seguro de la PTA de California puede no ser suficiente para las PTA que venden grandes cantidades de vales. Para aquellas que lo necesitan, hay l\u00edmites m\u00e1s altos. Favor de referirse a la <i>Gu\u00eda de seguros<\/i>.<\/p>\n<p>Informe a los compradores que los vales no son deducibles de impuestos ya que se recibe el valor total cuando se paga por art\u00edculos en la tienda que lo emiti\u00f3, tal como si fueran pagados en efectivo.<\/p>\n<p>Verifique que el comit\u00e9 de vales aplique los procedimientos financieros correctos.<\/p>\n<p>Trabaje directamente con la(s) tienda(s) y pague los vales con un cheque de la PTA firmado por dos funcionarios autorizados.<\/p>\n<p>Mantenga un registro exacto del inventario de vales y de todas las ventas.<\/p>\n<p>Presente por escrito un informe al tesorero con las boletas de dep\u00f3sito adjuntas, el cual ser\u00e1 archivado para la auditor\u00eda.<\/p>\n<p>Hagan arreglos para la salvaguarda de scrip entre venta y venta.<\/p>\n<p>No guarde los vales en la residencia particular de un miembro de la comisi\u00f3n ni en la cajuela de un autom\u00f3vil.<\/p>\n<p>Para grandes cantidades de vales, se recomienda alquilar una caja de seguridad en un banco.<\/p>\n<p>Si los vales no vendidos o el dinero no pueden depositarse inmediatamente en el banco, haga arreglos anticipadamente con el director para usar la caja fuerte de la escuela. Se recomienda que la PTA adquiera una peque\u00f1a caja con llave para colocarla dentro de la caja fuerte de la escuela.<\/p>\n<p>Antes de colocar vales no vendidos o dinero en la caja fuerte de la escuela, dos miembros de la PTA, uno de ellos, un directivo de finanzas o jefe de comit\u00e9, deben contarlo. Documente el monto y haga que los miembros de la junta ejecutiva de la PTA firmen la documentaci\u00f3n. El director puede requerir que un representante de la escuela verifique la documentaci\u00f3n.<\/p>\n<p>Efect\u00fae las ventas de vales en un lugar seguro y protegido.<\/p>\n<p>Suministre a los clientes interesados el nombre y el n\u00famero telef\u00f3nico de la persona a quien puedan contactar para informaci\u00f3n sobre la venta.<\/p>\n<p>Nunca env\u00ede a ni\u00f1os como mensajeros.<\/p>\n<p>Mantenga el control sobre el programa para asegurar que todas las ventas de vales se informen con exactitud.<\/p>\n<p><\/div>  <\/div><!-- end div.wp-spoiler --><\/p>\n<p>&nbsp;<\/p>\n<p>&nbsp;<\/p>\n","protected":false},"excerpt":{"rendered":"<p>Si est\u00e1 considerando la posibilidad de llevar a cabo grandes recaudaciones de fondos, tenga en cuenta lo siguiente \u00bfEst\u00e1 relacionado el proyecto de recaudaci\u00f3n de fondos con los fines educativos, de beneficencia y filantr\u00f3picos de la PTA como organizaci\u00f3n exonerada de impuestos? \u00bfSer\u00e1 designado el producto de la recaudaci\u00f3n de fondos a proyectos espec\u00edficos aprobados [&hellip;]<\/p>\n","protected":false},"author":8,"featured_media":0,"parent":3466,"menu_order":0,"comment_status":"closed","ping_status":"closed","template":"","meta":{"footnotes":""},"class_list":["post-3502","page","type-page","status-publish","hentry","entry"],"_links":{"self":[{"href":"https:\/\/toolkit.capta.org\/es\/wp-json\/wp\/v2\/pages\/3502","targetHints":{"allow":["GET"]}}],"collection":[{"href":"https:\/\/toolkit.capta.org\/es\/wp-json\/wp\/v2\/pages"}],"about":[{"href":"https:\/\/toolkit.capta.org\/es\/wp-json\/wp\/v2\/types\/page"}],"author":[{"embeddable":true,"href":"https:\/\/toolkit.capta.org\/es\/wp-json\/wp\/v2\/users\/8"}],"replies":[{"embeddable":true,"href":"https:\/\/toolkit.capta.org\/es\/wp-json\/wp\/v2\/comments?post=3502"}],"version-history":[{"count":4,"href":"https:\/\/toolkit.capta.org\/es\/wp-json\/wp\/v2\/pages\/3502\/revisions"}],"predecessor-version":[{"id":11279,"href":"https:\/\/toolkit.capta.org\/es\/wp-json\/wp\/v2\/pages\/3502\/revisions\/11279"}],"up":[{"embeddable":true,"href":"https:\/\/toolkit.capta.org\/es\/wp-json\/wp\/v2\/pages\/3466"}],"wp:attachment":[{"href":"https:\/\/toolkit.capta.org\/es\/wp-json\/wp\/v2\/media?parent=3502"}],"curies":[{"name":"wp","href":"https:\/\/api.w.org\/{rel}","templated":true}]}}