{"id":3510,"date":"2013-10-29T17:25:45","date_gmt":"2013-10-30T00:25:45","guid":{"rendered":"http:\/\/toolkit.capta.org\/finance\/programs-at-schools\/"},"modified":"2014-02-03T15:28:53","modified_gmt":"2014-02-03T23:28:53","slug":"programs-at-schools","status":"publish","type":"page","link":"https:\/\/toolkit.capta.org\/es\/finance\/programs-at-schools\/","title":{"rendered":"Programas en la escuela"},"content":{"rendered":"<p>Un PTA puede optar por organizar o apoyar programas educativos, sujeto a las directrices y limitaciones seguros de PTA. Dichos programas van desde contratar personal al donar dinero a los distritos escolares, apoyar las excursiones de la clase o apoyar un programa de enriquecimiento acad\u00e9mico. Los afiliados actuales de la PTA deber\u00e1n aprobar todos los proyectos y programas antes de que pueda hacerse ning\u00fan gasto.<\/p>\n<p>El suministro de personal, las lecciones particulares y los programas de enriquecimiento se deben basar en las necesidades de la comunidad escolar. Consulte con el director, el cuerpo docente, el director del programa y los padres. El programa debe tener beneficios positivos para todos los participantes.<\/p>\n<p><a href=\"https:\/\/toolkit.capta.org\/es\/finance\/programs-at-schools\/pta-funds-versus-school-funds\/\">Fondos de la PTA versus fondos escolares o p\u00fablicos<\/a><br \/>\n<a href=\"https:\/\/toolkit.capta.org\/es\/finance\/programs-at-schools\/field-trips\/\">Excursiones de campo<\/a><br \/>\n<a href=\"https:\/\/toolkit.capta.org\/es\/finance\/programs-at-schools\/school-staff-positions\/\">Cargos de personal escolar<\/a><br \/>\n<a href=\"https:\/\/toolkit.capta.org\/es\/finance\/programs-at-schools\/computers-technology-and-other-major-purchases\/\">Adquisici\u00f3n de computadoras, tecnolog\u00eda y otras compras grandes<\/a><br \/>\n<a href=\"https:\/\/toolkit.capta.org\/es\/finance\/programs-at-schools\/academic-enrichment-programs\/\">Programas de enriquecimiento acad\u00e9mico<\/a><br \/>\n<a href=\"https:\/\/toolkit.capta.org\/es\/finance\/programs-at-schools\/personal-gifts\/\">Obsequios personales<\/a><br \/>\n<a href=\"https:\/\/toolkit.capta.org\/es\/finance\/programs-at-schools\/hospitality\/\">Hospitalidad<\/a><br \/>\n<a href=\"https:\/\/toolkit.capta.org\/es\/finance\/programs-at-schools\/staff-appreciation\/\">Apreciaci\u00f3n del personal<\/a><br \/>\n<a href=\"https:\/\/toolkit.capta.org\/es\/finance\/programs-at-schools\/volunteer-appreciation\/\">Apreciaci\u00f3n de los voluntarios<\/a><br \/>\n<a href=\"https:\/\/toolkit.capta.org\/es\/finance\/programs-at-schools\/pta-and-education-foundations\/\">La PTA y las funciones educativas<\/a><\/p>\n","protected":false},"excerpt":{"rendered":"<p>Un PTA puede optar por organizar o apoyar programas educativos, sujeto a las directrices y limitaciones seguros de PTA. Dichos programas van desde contratar personal al donar dinero a los distritos escolares, apoyar las excursiones de la clase o apoyar un programa de enriquecimiento acad\u00e9mico. Los afiliados actuales de la PTA deber\u00e1n aprobar todos los [&hellip;]<\/p>\n","protected":false},"author":8,"featured_media":0,"parent":3057,"menu_order":0,"comment_status":"closed","ping_status":"closed","template":"","meta":{"footnotes":""},"class_list":["post-3510","page","type-page","status-publish","hentry","entry"],"_links":{"self":[{"href":"https:\/\/toolkit.capta.org\/es\/wp-json\/wp\/v2\/pages\/3510","targetHints":{"allow":["GET"]}}],"collection":[{"href":"https:\/\/toolkit.capta.org\/es\/wp-json\/wp\/v2\/pages"}],"about":[{"href":"https:\/\/toolkit.capta.org\/es\/wp-json\/wp\/v2\/types\/page"}],"author":[{"embeddable":true,"href":"https:\/\/toolkit.capta.org\/es\/wp-json\/wp\/v2\/users\/8"}],"replies":[{"embeddable":true,"href":"https:\/\/toolkit.capta.org\/es\/wp-json\/wp\/v2\/comments?post=3510"}],"version-history":[{"count":0,"href":"https:\/\/toolkit.capta.org\/es\/wp-json\/wp\/v2\/pages\/3510\/revisions"}],"up":[{"embeddable":true,"href":"https:\/\/toolkit.capta.org\/es\/wp-json\/wp\/v2\/pages\/3057"}],"wp:attachment":[{"href":"https:\/\/toolkit.capta.org\/es\/wp-json\/wp\/v2\/media?parent=3510"}],"curies":[{"name":"wp","href":"https:\/\/api.w.org\/{rel}","templated":true}]}}