{"id":3536,"date":"2013-11-12T16:59:07","date_gmt":"2013-11-13T00:59:07","guid":{"rendered":"http:\/\/toolkit.capta.org\/finance\/programs-at-schools\/personal-gifts\/"},"modified":"2013-12-06T15:59:05","modified_gmt":"2013-12-06T23:59:05","slug":"personal-gifts","status":"publish","type":"page","link":"https:\/\/toolkit.capta.org\/es\/finance\/programs-at-schools\/personal-gifts\/","title":{"rendered":"Obsequios personales"},"content":{"rendered":"<p>Los fondos de la PTA no deben ser usados para adquirir obsequios personales, equipo para los salones o comedores del personal ni para mobiliario de las oficinas del director. Los obsequios personales incluyen tarjetas de regalo y las fiestas de regalos previas al nacimiento de un ni\u00f1o, el D\u00eda de la Secretaria, condolencias, bodas y cumplea\u00f1os. Si los afiliados determinan que tales art\u00edculos son necesarios, los miembros individuales pueden hacer donaciones personales para adquirir los art\u00edculos designados. Estas donaciones no se deben mezclar con los fondos de la PTA.<\/p>\n","protected":false},"excerpt":{"rendered":"<p>Los fondos de la PTA no deben ser usados para adquirir obsequios personales, equipo para los salones o comedores del personal ni para mobiliario de las oficinas del director. Los obsequios personales incluyen tarjetas de regalo y las fiestas de regalos previas al nacimiento de un ni\u00f1o, el D\u00eda de la Secretaria, condolencias, bodas y [&hellip;]<\/p>\n","protected":false},"author":8,"featured_media":0,"parent":3510,"menu_order":0,"comment_status":"closed","ping_status":"closed","template":"","meta":{"footnotes":""},"class_list":["post-3536","page","type-page","status-publish","hentry","entry"],"_links":{"self":[{"href":"https:\/\/toolkit.capta.org\/es\/wp-json\/wp\/v2\/pages\/3536","targetHints":{"allow":["GET"]}}],"collection":[{"href":"https:\/\/toolkit.capta.org\/es\/wp-json\/wp\/v2\/pages"}],"about":[{"href":"https:\/\/toolkit.capta.org\/es\/wp-json\/wp\/v2\/types\/page"}],"author":[{"embeddable":true,"href":"https:\/\/toolkit.capta.org\/es\/wp-json\/wp\/v2\/users\/8"}],"replies":[{"embeddable":true,"href":"https:\/\/toolkit.capta.org\/es\/wp-json\/wp\/v2\/comments?post=3536"}],"version-history":[{"count":0,"href":"https:\/\/toolkit.capta.org\/es\/wp-json\/wp\/v2\/pages\/3536\/revisions"}],"up":[{"embeddable":true,"href":"https:\/\/toolkit.capta.org\/es\/wp-json\/wp\/v2\/pages\/3510"}],"wp:attachment":[{"href":"https:\/\/toolkit.capta.org\/es\/wp-json\/wp\/v2\/media?parent=3536"}],"curies":[{"name":"wp","href":"https:\/\/api.w.org\/{rel}","templated":true}]}}