{"id":3540,"date":"2013-11-12T17:00:16","date_gmt":"2013-11-13T01:00:16","guid":{"rendered":"http:\/\/toolkit.capta.org\/finance\/programs-at-schools\/hospitality\/"},"modified":"2023-08-02T15:53:05","modified_gmt":"2023-08-02T22:53:05","slug":"hospitality","status":"publish","type":"page","link":"https:\/\/toolkit.capta.org\/es\/finance\/programs-at-schools\/hospitality\/","title":{"rendered":"Hospitalidad"},"content":{"rendered":"<p>Las PTA deben mantener su estatus de organizaci\u00f3n no lucrativa, tal como lo dicta el C\u00f3digo del Servicio de Recaudaci\u00f3n de Impuestos, secci\u00f3n 501(c)(3). Dentro del texto del c\u00f3digo, el IRS permite gastos no relacionados directamente al prop\u00f3sito primario de la PTA si los gastos no son un monto importante. El l\u00edmite recomendado para utilizarse como gu\u00eda para los gastos de hospitalidad de la PTA es de 5%, incluyendo reconocimiento al personal o voluntarios. Es importante presupuestar apropiadamente cuando toman en cuenta todos los gastos de PTA, y todos los gastos deben ser aprobados por la asociaci\u00f3n.<\/p>\n<p>La PTA puede proporcionar servicios de hospitalidad para las reuniones de la asociaci\u00f3n, la junta ejecutiva del comit\u00e9; de reconocimiento al personal; reconocimiento a los voluntarios y otros eventos que requieran refrescos, alimentos, art\u00edculos de papel, certificados o decoraciones. La PTA puede escoger:<\/p>\n<ul>\n<li>Comprar bebida no alcoh\u00f3licas y bocadillos<\/li>\n<li>Solicitar donaciones de empresas o de los miembros, o<\/li>\n<li>Guardar suministros para hacer caf\u00e9 o bebidas o ponche, etc.<\/li>\n<\/ul>\n<p>El costo de las comidas o bebidas proporcionados a los voluntarios durante el curso de su trabajo; por ejemplo, mientras procesan pedidos para recaudar fondos o contando dinero despu\u00e9s de un programa nocturno, no se consideran como hospitalidad. Estos gastos deben ser presupuestados y aprobados por la asociaci\u00f3n de antemano. Los gastos se contabilizan como un costo del programa o la recaudaci\u00f3n de fondos en que se est\u00e1 trabajando; por ejemplo, venta de papel de regalo o un festival de oto\u00f1o.<\/p>\n","protected":false},"excerpt":{"rendered":"<p>Las PTA deben mantener su estatus de organizaci\u00f3n no lucrativa, tal como lo dicta el C\u00f3digo del Servicio de Recaudaci\u00f3n de Impuestos, secci\u00f3n 501(c)(3). Dentro del texto del c\u00f3digo, el IRS permite gastos no relacionados directamente al prop\u00f3sito primario de la PTA si los gastos no son un monto importante. El l\u00edmite recomendado para utilizarse [&hellip;]<\/p>\n","protected":false},"author":8,"featured_media":0,"parent":3510,"menu_order":0,"comment_status":"closed","ping_status":"closed","template":"","meta":{"footnotes":""},"class_list":["post-3540","page","type-page","status-publish","hentry","entry"],"_links":{"self":[{"href":"https:\/\/toolkit.capta.org\/es\/wp-json\/wp\/v2\/pages\/3540","targetHints":{"allow":["GET"]}}],"collection":[{"href":"https:\/\/toolkit.capta.org\/es\/wp-json\/wp\/v2\/pages"}],"about":[{"href":"https:\/\/toolkit.capta.org\/es\/wp-json\/wp\/v2\/types\/page"}],"author":[{"embeddable":true,"href":"https:\/\/toolkit.capta.org\/es\/wp-json\/wp\/v2\/users\/8"}],"replies":[{"embeddable":true,"href":"https:\/\/toolkit.capta.org\/es\/wp-json\/wp\/v2\/comments?post=3540"}],"version-history":[{"count":1,"href":"https:\/\/toolkit.capta.org\/es\/wp-json\/wp\/v2\/pages\/3540\/revisions"}],"predecessor-version":[{"id":11103,"href":"https:\/\/toolkit.capta.org\/es\/wp-json\/wp\/v2\/pages\/3540\/revisions\/11103"}],"up":[{"embeddable":true,"href":"https:\/\/toolkit.capta.org\/es\/wp-json\/wp\/v2\/pages\/3510"}],"wp:attachment":[{"href":"https:\/\/toolkit.capta.org\/es\/wp-json\/wp\/v2\/media?parent=3540"}],"curies":[{"name":"wp","href":"https:\/\/api.w.org\/{rel}","templated":true}]}}