{"id":3551,"date":"2013-11-12T17:03:06","date_gmt":"2013-11-13T01:03:06","guid":{"rendered":"http:\/\/toolkit.capta.org\/finance\/programs-at-schools\/pta-and-education-foundations\/"},"modified":"2016-05-18T16:19:56","modified_gmt":"2016-05-18T23:19:56","slug":"pta-and-education-foundations","status":"publish","type":"page","link":"https:\/\/toolkit.capta.org\/es\/finance\/programs-at-schools\/pta-and-education-foundations\/","title":{"rendered":"La PTA y las fundaciones educativas"},"content":{"rendered":"<p>Una fundaci\u00f3n educativa es una organizaci\u00f3n que administra fondos para financiar proyectos que favorecen prop\u00f3sitos educativos. La PTA puede colaborar con una fundaci\u00f3n educativa en un programa o proyecto espec\u00edfico, pero debe asegurarse de que las metas y objetivos de la fundaci\u00f3n educativa concuerden con los de la PTA.<\/p>\n<p>La PTA de California cree que todo el p\u00fablico en general, a trav\u00e9s de sus impuestos, es responsable de financiar adecuadamente la educaci\u00f3n p\u00fablica.<\/p>\n<p>A las PTA se les solicita con frecuencia trabajar en conjunto o colaborar con fundaciones educativas. La PTA puede contribuir fondos cuando una fundaci\u00f3n planea un proyecto fuera del presupuesto de un distrito escolar. La partida debe estar incluida en el presupuesto de la PTA aprobado por sus miembros. Cuando la contribuci\u00f3n se entrega a la fundaci\u00f3n, la PTA debe enviarle una carta inform\u00e1ndole que dichos fondos deben usarse en la escuela contribuyente. Los fondos de la fundaci\u00f3n educativa no deben ser canalizados a trav\u00e9s de una tesorer\u00eda de la PTA.<\/p>\n<p>Si la fundaci\u00f3n planea recaudar fondos exclusivamente para el proyecto y luego otorgarlos al distrito escolar, entonces la PTA debe entregar su contribuci\u00f3n directamente al distrito escolar. La partida debe estar incluida en el presupuesto de la PTA aprobado por sus miembros. Al enviar su contribuci\u00f3n al distrito escolar, la PTA debe incluir una carta estipulando que los fondos deben ser usados en la escuela contribuyente.<\/p>\n","protected":false},"excerpt":{"rendered":"<p>Una fundaci\u00f3n educativa es una organizaci\u00f3n que administra fondos para financiar proyectos que favorecen prop\u00f3sitos educativos. La PTA puede colaborar con una fundaci\u00f3n educativa en un programa o proyecto espec\u00edfico, pero debe asegurarse de que las metas y objetivos de la fundaci\u00f3n educativa concuerden con los de la PTA. La PTA de California cree que [&hellip;]<\/p>\n","protected":false},"author":8,"featured_media":0,"parent":3510,"menu_order":0,"comment_status":"closed","ping_status":"closed","template":"","meta":{"footnotes":""},"class_list":["post-3551","page","type-page","status-publish","hentry","entry"],"_links":{"self":[{"href":"https:\/\/toolkit.capta.org\/es\/wp-json\/wp\/v2\/pages\/3551","targetHints":{"allow":["GET"]}}],"collection":[{"href":"https:\/\/toolkit.capta.org\/es\/wp-json\/wp\/v2\/pages"}],"about":[{"href":"https:\/\/toolkit.capta.org\/es\/wp-json\/wp\/v2\/types\/page"}],"author":[{"embeddable":true,"href":"https:\/\/toolkit.capta.org\/es\/wp-json\/wp\/v2\/users\/8"}],"replies":[{"embeddable":true,"href":"https:\/\/toolkit.capta.org\/es\/wp-json\/wp\/v2\/comments?post=3551"}],"version-history":[{"count":3,"href":"https:\/\/toolkit.capta.org\/es\/wp-json\/wp\/v2\/pages\/3551\/revisions"}],"predecessor-version":[{"id":7794,"href":"https:\/\/toolkit.capta.org\/es\/wp-json\/wp\/v2\/pages\/3551\/revisions\/7794"}],"up":[{"embeddable":true,"href":"https:\/\/toolkit.capta.org\/es\/wp-json\/wp\/v2\/pages\/3510"}],"wp:attachment":[{"href":"https:\/\/toolkit.capta.org\/es\/wp-json\/wp\/v2\/media?parent=3551"}],"curies":[{"name":"wp","href":"https:\/\/api.w.org\/{rel}","templated":true}]}}