{"id":3555,"date":"2013-10-29T17:28:26","date_gmt":"2013-10-30T00:28:26","guid":{"rendered":"http:\/\/toolkit.capta.org\/finance\/pta-audit\/"},"modified":"2024-07-10T15:43:52","modified_gmt":"2024-07-10T22:43:52","slug":"pta-financial-review","status":"publish","type":"page","link":"https:\/\/toolkit.capta.org\/es\/finance\/pta-financial-review\/","title":{"rendered":"Revisi\u00f3n Financiera de la PTA"},"content":{"rendered":"<p>Una revisi\u00f3n financiera es un examen formal de los libros y registros financieros de los oficiales financieros de la PTA. Sirve para certificar que los ingresos y gastos, seg\u00fan lo autorizado en las actas, est\u00e1n en conformidad con los estatutos, las reglas permanentes y las limitaciones presupuestarias. La revisi\u00f3n financiera de la PTA sirve como un examen oficial de los registros financieros realizado por el revisor financiero, el comit\u00e9 de revisi\u00f3n financiera designado o el auditor profesional remunerado en casos especificados en los estatutos y cuando hay un cambio de oficiales financieros.<\/p>\n<p><a href=\"https:\/\/toolkit.capta.org\/es\/finance\/pta-financial-review\/financial-review-schedule\/\">Calendario de revisi\u00f3n financiera <\/a><br \/>\n<a href=\"https:\/\/toolkit.capta.org\/es\/finance\/pta-financial-review\/purpose-of-a-financial-review\/\">Prop\u00f3sito de una revisi\u00f3n financiera<\/a><br \/>\n<a href=\"https:\/\/toolkit.capta.org\/es\/finance\/pta-financial-review\/preparation-for-a-financial-review\/\">Preparaci\u00f3n para una revisi\u00f3n financiera<\/a><br \/>\n<a href=\"https:\/\/toolkit.capta.org\/es\/finance\/pta-financial-review\/financial-review-procedure-and-recommendations\/\">Procedimiento de revisi\u00f3n financiera y recomendaciones<\/a><br \/>\n<a href=\"https:\/\/toolkit.capta.org\/es\/finance\/pta-financial-review\/financial-review-report\/\">Informe de revisi\u00f3n financiera<\/a><\/p>\n<div class=\"entry-content\">\n<div class=\"pf-content\"><\/div>\n<\/div>\n<p class=\"entry-title\">\n","protected":false},"excerpt":{"rendered":"<p>Una revisi\u00f3n financiera es un examen formal de los libros y registros financieros de los oficiales financieros de la PTA. Sirve para certificar que los ingresos y gastos, seg\u00fan lo autorizado en las actas, est\u00e1n en conformidad con los estatutos, las reglas permanentes y las limitaciones presupuestarias. La revisi\u00f3n financiera de la PTA sirve como [&hellip;]<\/p>\n","protected":false},"author":8,"featured_media":0,"parent":3057,"menu_order":0,"comment_status":"closed","ping_status":"closed","template":"","meta":{"footnotes":""},"class_list":["post-3555","page","type-page","status-publish","hentry","entry"],"_links":{"self":[{"href":"https:\/\/toolkit.capta.org\/es\/wp-json\/wp\/v2\/pages\/3555","targetHints":{"allow":["GET"]}}],"collection":[{"href":"https:\/\/toolkit.capta.org\/es\/wp-json\/wp\/v2\/pages"}],"about":[{"href":"https:\/\/toolkit.capta.org\/es\/wp-json\/wp\/v2\/types\/page"}],"author":[{"embeddable":true,"href":"https:\/\/toolkit.capta.org\/es\/wp-json\/wp\/v2\/users\/8"}],"replies":[{"embeddable":true,"href":"https:\/\/toolkit.capta.org\/es\/wp-json\/wp\/v2\/comments?post=3555"}],"version-history":[{"count":3,"href":"https:\/\/toolkit.capta.org\/es\/wp-json\/wp\/v2\/pages\/3555\/revisions"}],"predecessor-version":[{"id":11350,"href":"https:\/\/toolkit.capta.org\/es\/wp-json\/wp\/v2\/pages\/3555\/revisions\/11350"}],"up":[{"embeddable":true,"href":"https:\/\/toolkit.capta.org\/es\/wp-json\/wp\/v2\/pages\/3057"}],"wp:attachment":[{"href":"https:\/\/toolkit.capta.org\/es\/wp-json\/wp\/v2\/media?parent=3555"}],"curies":[{"name":"wp","href":"https:\/\/api.w.org\/{rel}","templated":true}]}}