{"id":3559,"date":"2013-11-12T17:15:25","date_gmt":"2013-11-13T01:15:25","guid":{"rendered":"http:\/\/toolkit.capta.org\/finance\/pta-audit\/audit-schedule\/"},"modified":"2024-03-28T09:19:28","modified_gmt":"2024-03-28T16:19:28","slug":"financial-review-schedule","status":"publish","type":"page","link":"https:\/\/toolkit.capta.org\/es\/finance\/pta-financial-review\/financial-review-schedule\/","title":{"rendered":"Calendario de Revisi\u00f3n Financiera"},"content":{"rendered":"<p>Todas las PTAs de unidad, consejo y distrito deben realizar revisiones financieras semestralmente o tras la renuncia del tesorero, el secretario financiero, cualquier persona autorizada a firmar cheques o en cualquier momento que la junta ejecutiva considere necesario.<\/p>\n<p>Al comienzo del a\u00f1o, el tesorero debe organizar los documentos financieros de la asociaci\u00f3n de manera que puedan revisarse f\u00e1cilmente. El rese\u00f1ador financiero debe reunirse con los oficiales financieros y explicarles que es lo que se requiere para realizar una revisi\u00f3n financiera.<\/p>\n","protected":false},"excerpt":{"rendered":"<p>Todas las PTAs de unidad, consejo y distrito deben realizar revisiones financieras semestralmente o tras la renuncia del tesorero, el secretario financiero, cualquier persona autorizada a firmar cheques o en cualquier momento que la junta ejecutiva considere necesario. Al comienzo del a\u00f1o, el tesorero debe organizar los documentos financieros de la asociaci\u00f3n de manera que [&hellip;]<\/p>\n","protected":false},"author":8,"featured_media":0,"parent":3555,"menu_order":0,"comment_status":"closed","ping_status":"closed","template":"","meta":{"footnotes":""},"class_list":["post-3559","page","type-page","status-publish","hentry","entry"],"_links":{"self":[{"href":"https:\/\/toolkit.capta.org\/es\/wp-json\/wp\/v2\/pages\/3559","targetHints":{"allow":["GET"]}}],"collection":[{"href":"https:\/\/toolkit.capta.org\/es\/wp-json\/wp\/v2\/pages"}],"about":[{"href":"https:\/\/toolkit.capta.org\/es\/wp-json\/wp\/v2\/types\/page"}],"author":[{"embeddable":true,"href":"https:\/\/toolkit.capta.org\/es\/wp-json\/wp\/v2\/users\/8"}],"replies":[{"embeddable":true,"href":"https:\/\/toolkit.capta.org\/es\/wp-json\/wp\/v2\/comments?post=3559"}],"version-history":[{"count":3,"href":"https:\/\/toolkit.capta.org\/es\/wp-json\/wp\/v2\/pages\/3559\/revisions"}],"predecessor-version":[{"id":11207,"href":"https:\/\/toolkit.capta.org\/es\/wp-json\/wp\/v2\/pages\/3559\/revisions\/11207"}],"up":[{"embeddable":true,"href":"https:\/\/toolkit.capta.org\/es\/wp-json\/wp\/v2\/pages\/3555"}],"wp:attachment":[{"href":"https:\/\/toolkit.capta.org\/es\/wp-json\/wp\/v2\/media?parent=3559"}],"curies":[{"name":"wp","href":"https:\/\/api.w.org\/{rel}","templated":true}]}}