{"id":3562,"date":"2013-11-12T17:17:21","date_gmt":"2013-11-13T01:17:21","guid":{"rendered":"http:\/\/toolkit.capta.org\/finance\/pta-audit\/purpose-of-an-audit\/"},"modified":"2024-07-10T15:22:27","modified_gmt":"2024-07-10T22:22:27","slug":"purpose-of-a-financial-review","status":"publish","type":"page","link":"https:\/\/toolkit.capta.org\/es\/finance\/pta-financial-review\/purpose-of-a-financial-review\/","title":{"rendered":"Prop\u00f3sito de una revisi\u00f3n financiera"},"content":{"rendered":"<p style=\"font-weight: 400;\">Una revisi\u00f3n financiera determina la exactitud de los libros, detecta inconsistencias o errores, brinda recomendaciones que se deben hacer para corregirlas, protege a los oficiales financieros, verifica que los fondos se enviaron a trav\u00e9s de los canales apropiados y asegura a los miembros que los recursos de la asociaci\u00f3n se administraron de manera profesional dentro de las normas establecidas para su uso.<\/p>\n<p>La persona que realiza la revisi\u00f3n financiera siempre debe ser imparcial y no estar relacionada por sangre o matrimonio ni residir en el mismo hogar que el presidente u otros oficiales financieros o cualquier presidente que maneje fondos.<\/p>\n<p>El rese\u00f1ador financiero suele ser miembro de los comit\u00e9s de presupuesto, programas o recaudaci\u00f3n de fondos, pero nunca est\u00e1 autorizado a firmar los cheques de la PTA.<\/p>\n<p>El rese\u00f1ador financiero puede ser un funcionario electo, un individuo o comit\u00e9 designado, o un profesional contratado por la PTA de acuerdo con los procedimientos enumerados en los estatutos. El presidente, tesorero, secretario financiero, secretario o presidentes de comit\u00e9s que manejan fondos no podr\u00e1n revisar las finanzas.<\/p>\n<p>El presidente puede formar parte de un comit\u00e9 de revisi\u00f3n financiera, si es necesario, siempre que la mayor\u00eda del comit\u00e9 no sean personas autorizadas a firmar cheques.<\/p>\n","protected":false},"excerpt":{"rendered":"<p>Una revisi\u00f3n financiera determina la exactitud de los libros, detecta inconsistencias o errores, brinda recomendaciones que se deben hacer para corregirlas, protege a los oficiales financieros, verifica que los fondos se enviaron a trav\u00e9s de los canales apropiados y asegura a los miembros que los recursos de la asociaci\u00f3n se administraron de manera profesional dentro [&hellip;]<\/p>\n","protected":false},"author":8,"featured_media":0,"parent":3555,"menu_order":0,"comment_status":"closed","ping_status":"closed","template":"","meta":{"footnotes":""},"class_list":["post-3562","page","type-page","status-publish","hentry","entry"],"_links":{"self":[{"href":"https:\/\/toolkit.capta.org\/es\/wp-json\/wp\/v2\/pages\/3562","targetHints":{"allow":["GET"]}}],"collection":[{"href":"https:\/\/toolkit.capta.org\/es\/wp-json\/wp\/v2\/pages"}],"about":[{"href":"https:\/\/toolkit.capta.org\/es\/wp-json\/wp\/v2\/types\/page"}],"author":[{"embeddable":true,"href":"https:\/\/toolkit.capta.org\/es\/wp-json\/wp\/v2\/users\/8"}],"replies":[{"embeddable":true,"href":"https:\/\/toolkit.capta.org\/es\/wp-json\/wp\/v2\/comments?post=3562"}],"version-history":[{"count":3,"href":"https:\/\/toolkit.capta.org\/es\/wp-json\/wp\/v2\/pages\/3562\/revisions"}],"predecessor-version":[{"id":11341,"href":"https:\/\/toolkit.capta.org\/es\/wp-json\/wp\/v2\/pages\/3562\/revisions\/11341"}],"up":[{"embeddable":true,"href":"https:\/\/toolkit.capta.org\/es\/wp-json\/wp\/v2\/pages\/3555"}],"wp:attachment":[{"href":"https:\/\/toolkit.capta.org\/es\/wp-json\/wp\/v2\/media?parent=3562"}],"curies":[{"name":"wp","href":"https:\/\/api.w.org\/{rel}","templated":true}]}}