{"id":3566,"date":"2013-11-12T17:18:27","date_gmt":"2013-11-13T01:18:27","guid":{"rendered":"http:\/\/toolkit.capta.org\/finance\/pta-audit\/preparation-for-an-audit\/"},"modified":"2024-07-10T15:26:10","modified_gmt":"2024-07-10T22:26:10","slug":"preparation-for-a-financial-review","status":"publish","type":"page","link":"https:\/\/toolkit.capta.org\/es\/finance\/pta-financial-review\/preparation-for-a-financial-review\/","title":{"rendered":"Preparaci\u00f3n para una revisi\u00f3n financiera"},"content":{"rendered":"<p>Recoja todos los libros financieros, registros e informes del tesorero, incluyendo:<\/p>\n<ul>\n<li>Una copia del \u00faltimo informe de revisi\u00f3n financiera;<\/li>\n<li>Estatutos actuales y normas permanentes;<\/li>\n<li>Originales del registro del talonario de cheques escritos a mano o electr\u00f3nicamente y cheques pagados (incluyendo cheques anulados);<\/li>\n<li>Originales de los estados de cuenta bancarios, libro del banco y boletas de dep\u00f3sito;<\/li>\n<li>Dep\u00f3sitos y documentos de respaldo para los recibos de efectivo;<\/li>\n<li>Recibos por dinero en efectivo;<\/li>\n<li>Autorizaciones de pago con recibos adjuntos;<\/li>\n<li>Estados detallados y recibos de las cuentas pagadas;<\/li>\n<li>Informes Mensuales del Tesorero;<\/li>\n<li>Los libros de contabilidad originales del tesorero incluyendo los archivos de reserva (dispositivo externo de almacenamiento) si los libros son mantenidos en una computadora;<\/li>\n<li>Informe Financiero por categor\u00eda para el per\u00edodo de la revisi\u00f3n financiera con o sin comparaci\u00f3n presupuestaria;<\/li>\n<li>Copias de las actas de la junta, de la comisi\u00f3n ejecutiva y de la asociaci\u00f3n incluyendo un presupuesto adoptado, as\u00ed como cualquier enmienda aprobada durante el a\u00f1o, aprobaci\u00f3n de gastos y ratificaci\u00f3n de pagos;<\/li>\n<li>Informes de los presidentes de los comit\u00e9s (por ejemplo, de recaudaci\u00f3n de fondos, de afiliaci\u00f3n, etc.);<\/li>\n<li>Cualquier otra informaci\u00f3n solicitada por el rese\u00f1ador financiero;<\/li>\n<li>Copia de los formularios de reporte requerido de Planilla Anual de Compensaci\u00f3n al Trabajador de la PTA;<\/li>\n<li>Copias de todos los formularios de reporte estatales y federales si la PTA contrata empleados;<\/li>\n<li>Copias de todos los formularios de reporte estatales y federales si la PTA contrata contratistas independientes;<\/li>\n<li>Copias de los <em>Formularios 990<\/em> del Servicio de Recaudaci\u00f3n de Impuestos (IRS) m\u00e1s recientes presentados; y<\/li>\n<li>Copias del <em>Formulario Estatal 199 aplicable y del formulario RRF-1 y CT-TR-1, si corresponde.<\/em><\/li>\n<li>Una copia del \u00faltimo informe de revisi\u00f3n financiera;<\/li>\n<li>Estatutos actuales y normas permanentes;<\/li>\n<li>\u00a0Originales del registro del talonario de cheques escritos a mano o electr\u00f3nicamente y cheques pagados (incluyendo cheques anulados);<\/li>\n<li>Originales de los estados de cuenta bancarios, libro del banco y boletas de dep\u00f3sito;<\/li>\n<li>Dep\u00f3sitos y documentos de respaldo para los recibos de efectivo;<\/li>\n<li>Recibos por dinero en efectivo;<\/li>\n<li>Autorizaciones de pago con recibos adjuntos;<\/li>\n<li>Estados detallados y recibos de las cuentas pagadas;<\/li>\n<li>Informes Mensuales del Tesorero;<\/li>\n<li>Los libros de contabilidad originales del tesorero incluyendo los archivos de reserva (dispositivo externo de almacenamiento) si los libros son mantenidos en una computadora;<\/li>\n<li>Informe Financiero por categor\u00eda para el per\u00edodo de la revisi\u00f3n financiera con o sin comparaci\u00f3n presupuestaria;<\/li>\n<li>Copias de las actas de la junta, de la comisi\u00f3n ejecutiva y de la asociaci\u00f3n incluyendo un presupuesto adoptado, as\u00ed como cualquier enmienda aprobada durante el a\u00f1o, aprobaci\u00f3n de gastos y ratificaci\u00f3n de pagos;<\/li>\n<li>Informes de los presidentes de los comit\u00e9s (por ejemplo, de recaudaci\u00f3n de fondos, de afiliaci\u00f3n, etc.);<\/li>\n<li>Cualquier otra informaci\u00f3n solicitada por el rese\u00f1ador financiero;<\/li>\n<li>Copia de los formularios requeridos del Informe de N\u00f3mina Anual de Compensaci\u00f3n al Trabajador de la PTA;<\/li>\n<li>Copias de todos los formularios de informe estatales y federales si la PTA contrata empleados;<\/li>\n<li>Copias de todos los formularios de informe estatales y federales si la PTA contrata contratistas independientes;<\/li>\n<li>Copias de los <em>Formularios 990 del Servicio de Recaudaci\u00f3n<\/em> <em>de Impuestos<\/em> (IRS) m\u00e1s recientes presentados; y<\/li>\n<li>Copias del Formulario Estatal 199 aplicable y del formulario RRF-1 y CT-TR-1, si corresponde.<\/li>\n<\/ul>\n","protected":false},"excerpt":{"rendered":"<p>Recoja todos los libros financieros, registros e informes del tesorero, incluyendo: Una copia del \u00faltimo informe de revisi\u00f3n financiera; Estatutos actuales y normas permanentes; Originales del registro del talonario de cheques escritos a mano o electr\u00f3nicamente y cheques pagados (incluyendo cheques anulados); Originales de los estados de cuenta bancarios, libro del banco y boletas de [&hellip;]<\/p>\n","protected":false},"author":8,"featured_media":0,"parent":3555,"menu_order":0,"comment_status":"closed","ping_status":"closed","template":"","meta":{"footnotes":""},"class_list":["post-3566","page","type-page","status-publish","hentry","entry"],"_links":{"self":[{"href":"https:\/\/toolkit.capta.org\/es\/wp-json\/wp\/v2\/pages\/3566","targetHints":{"allow":["GET"]}}],"collection":[{"href":"https:\/\/toolkit.capta.org\/es\/wp-json\/wp\/v2\/pages"}],"about":[{"href":"https:\/\/toolkit.capta.org\/es\/wp-json\/wp\/v2\/types\/page"}],"author":[{"embeddable":true,"href":"https:\/\/toolkit.capta.org\/es\/wp-json\/wp\/v2\/users\/8"}],"replies":[{"embeddable":true,"href":"https:\/\/toolkit.capta.org\/es\/wp-json\/wp\/v2\/comments?post=3566"}],"version-history":[{"count":4,"href":"https:\/\/toolkit.capta.org\/es\/wp-json\/wp\/v2\/pages\/3566\/revisions"}],"predecessor-version":[{"id":11344,"href":"https:\/\/toolkit.capta.org\/es\/wp-json\/wp\/v2\/pages\/3566\/revisions\/11344"}],"up":[{"embeddable":true,"href":"https:\/\/toolkit.capta.org\/es\/wp-json\/wp\/v2\/pages\/3555"}],"wp:attachment":[{"href":"https:\/\/toolkit.capta.org\/es\/wp-json\/wp\/v2\/media?parent=3566"}],"curies":[{"name":"wp","href":"https:\/\/api.w.org\/{rel}","templated":true}]}}