{"id":3574,"date":"2013-11-12T17:20:25","date_gmt":"2013-11-13T01:20:25","guid":{"rendered":"http:\/\/toolkit.capta.org\/finance\/pta-audit\/audit-report\/"},"modified":"2024-07-10T15:42:28","modified_gmt":"2024-07-10T22:42:28","slug":"financial-review-report","status":"publish","type":"page","link":"https:\/\/toolkit.capta.org\/es\/finance\/pta-financial-review\/financial-review-report\/","title":{"rendered":"Informe de Revisi\u00f3n Financiera"},"content":{"rendered":"<p>Prepare un <a href=\"https:\/\/s3.amazonaws.com\/downloads.capta.org\/toolkit\/formularios\/Informe-de-Revision-Financiera-2023.pdf\" target=\"_blank\" rel=\"noopener noreferrer\">Informe de revisi\u00f3n financiera<\/a>, que incluya recomendaciones, para cada una de las cuentas bancarias o de ahorros. El formulario debe enumerar la cuenta banco, direcci\u00f3n y cuenta el n\u00famero de la sucursal. El informe se presenta como sigue:<\/p>\n<ul>\n<li>A menos que se descubra una mala gesti\u00f3n, la revisi\u00f3n financiera y las recomendaciones se deben presentar al tesorero y al presidente.<\/li>\n<li>Los informes y recomendaciones se presentan a continuaci\u00f3n a la junta ejecutiva, que los aprueban.<\/li>\n<li>El\/los informe(s) luego se presenta\/n a la asociaci\u00f3n para su adopci\u00f3n. Una vez que la asociaci\u00f3n adopta el informe de revisi\u00f3n financiera, los informes, la lista de verificaci\u00f3n y las recomendaciones se suben al sistema de retenci\u00f3n de documentos de acuerdo con los estatutos.<\/li>\n<\/ul>\n<p>Cuando le convoquen, solamente lea la siguiente declaraci\u00f3n: \u201cYo\/el rese\u00f1ador financiero\/el comit\u00e9 de revisi\u00f3n financiera he\/hemos examinado los registros del tesorero (y del secretario financiero) de _____ PTA y acordamos que est\u00e1n<\/p>\n<ul>\n<li>correctos, o<\/li>\n<li>en orden con las siguientes recomendaciones, o<\/li>\n<li>correctos de manera sustancial con las siguientes recomendaciones, o<\/li>\n<li>parcialmente en orden, pero se necesitan procedimientos de contabilidad m\u00e1s adecuados para que se pueda dar un informe de revisi\u00f3n financiera m\u00e1s completo, o<\/li>\n<li>incorrectos.\u201d<\/li>\n<\/ul>\n<p>El rese\u00f1ador financiero, o en el caso de un comit\u00e9 de revisi\u00f3n financiera, cada miembro del comit\u00e9, debe firmar el informe. Si hubiera recomendaciones, el presidente deber\u00eda declarar que el tesorero y la junta ejecutiva est\u00e1n o estar\u00e1n abordando las irregularidades . La asociaci\u00f3n adopta el informe de revisi\u00f3n financiera con la moci\u00f3n: \u00abPropongo que se adopte el informe de revisi\u00f3n financiera\u00bb.<\/p>\n<p>Cuando los afiliados hacen preguntas, el presidente debe nombrar un comit\u00e9 para examinar las preocupaciones e informar a la asociaci\u00f3n en la pr\u00f3xima reuni\u00f3n.<\/p>\n","protected":false},"excerpt":{"rendered":"<p>Prepare un Informe de revisi\u00f3n financiera, que incluya recomendaciones, para cada una de las cuentas bancarias o de ahorros. El formulario debe enumerar la cuenta banco, direcci\u00f3n y cuenta el n\u00famero de la sucursal. El informe se presenta como sigue: A menos que se descubra una mala gesti\u00f3n, la revisi\u00f3n financiera y las recomendaciones se [&hellip;]<\/p>\n","protected":false},"author":8,"featured_media":0,"parent":3555,"menu_order":0,"comment_status":"closed","ping_status":"closed","template":"","meta":{"footnotes":""},"class_list":["post-3574","page","type-page","status-publish","hentry","entry"],"_links":{"self":[{"href":"https:\/\/toolkit.capta.org\/es\/wp-json\/wp\/v2\/pages\/3574","targetHints":{"allow":["GET"]}}],"collection":[{"href":"https:\/\/toolkit.capta.org\/es\/wp-json\/wp\/v2\/pages"}],"about":[{"href":"https:\/\/toolkit.capta.org\/es\/wp-json\/wp\/v2\/types\/page"}],"author":[{"embeddable":true,"href":"https:\/\/toolkit.capta.org\/es\/wp-json\/wp\/v2\/users\/8"}],"replies":[{"embeddable":true,"href":"https:\/\/toolkit.capta.org\/es\/wp-json\/wp\/v2\/comments?post=3574"}],"version-history":[{"count":4,"href":"https:\/\/toolkit.capta.org\/es\/wp-json\/wp\/v2\/pages\/3574\/revisions"}],"predecessor-version":[{"id":11348,"href":"https:\/\/toolkit.capta.org\/es\/wp-json\/wp\/v2\/pages\/3574\/revisions\/11348"}],"up":[{"embeddable":true,"href":"https:\/\/toolkit.capta.org\/es\/wp-json\/wp\/v2\/pages\/3555"}],"wp:attachment":[{"href":"https:\/\/toolkit.capta.org\/es\/wp-json\/wp\/v2\/media?parent=3574"}],"curies":[{"name":"wp","href":"https:\/\/api.w.org\/{rel}","templated":true}]}}