{"id":3577,"date":"2013-10-29T17:33:43","date_gmt":"2013-10-30T00:33:43","guid":{"rendered":"http:\/\/toolkit.capta.org\/finance\/tax-filing\/"},"modified":"2020-12-22T13:17:40","modified_gmt":"2020-12-22T21:17:40","slug":"tax-filing","status":"publish","type":"page","link":"https:\/\/toolkit.capta.org\/es\/finance\/tax-filing\/","title":{"rendered":"Presentaci\u00f3n de impuestos"},"content":{"rendered":"<p><strong>Requisitos tributarios<br \/>\n<\/strong><a href=\"https:\/\/toolkit.capta.org\/es\/finance\/tax-filing\/employer-identification-number\/\">N\u00famero de identificaci\u00f3n de empleador<\/a> (EIN)<br \/>\n<a href=\"https:\/\/toolkit.capta.org\/es\/finance\/tax-filing\/tax-exempt-status-and-letters-of-determination\/\">Estatus de exenci\u00f3n fiscal y cartas de determinaci\u00f3n<\/a><br \/>\n<a href=\"https:\/\/toolkit.capta.org\/es\/finance\/tax-filing\/sales-tax\/\">Impuesto sobre las ventas<\/a><br \/>\n<a href=\"https:\/\/toolkit.capta.org\/es\/finance\/tax-filing\/federal-taxes\/\">Impuestos federales<\/a><br \/>\n<a href=\"https:\/\/toolkit.capta.org\/es\/finance\/tax-filing\/state-taxes-and-government-forms\/\">Impuestos estatales y formularios gubernamentales<\/a><br \/>\n<a href=\"https:\/\/toolkit.capta.org\/es\/finance\/tax-filing\/gross-receipts\/\">Ingresos brutos<\/a><br \/>\n<a href=\"https:\/\/toolkit.capta.org\/es\/finance\/tax-filing\/unrelated-business-income-tax\/\">Impuestos sobre los ingresos por negocios no relacionados<\/a><br \/>\n<a href=\"https:\/\/toolkit.capta.org\/es\/finance\/tax-filing\/filing-due-dates\/\">Fechas de presentaci\u00f3n de las declaraciones<\/a><br \/>\n<a href=\"https:\/\/toolkit.capta.org\/es\/finance\/tax-filing\/officer-responsibilities-for-filing\/\">Responsabilidades de los funcionarios en las declaraciones<\/a><br \/>\n<a href=\"https:\/\/toolkit.capta.org\/es\/finance\/tax-filing\/irs-audit\/\">Auditor\u00eda del Servicio de Impuestos Internos<\/a> (IRS)<\/p>\n","protected":false},"excerpt":{"rendered":"<p>Requisitos tributarios N\u00famero de identificaci\u00f3n de empleador (EIN) Estatus de exenci\u00f3n fiscal y cartas de determinaci\u00f3n Impuesto sobre las ventas Impuestos federales Impuestos estatales y formularios gubernamentales Ingresos brutos Impuestos sobre los ingresos por negocios no relacionados Fechas de presentaci\u00f3n de las declaraciones Responsabilidades de los funcionarios en las declaraciones Auditor\u00eda del Servicio de Impuestos [&hellip;]<\/p>\n","protected":false},"author":8,"featured_media":0,"parent":3057,"menu_order":0,"comment_status":"closed","ping_status":"closed","template":"","meta":{"footnotes":""},"class_list":["post-3577","page","type-page","status-publish","hentry","entry"],"_links":{"self":[{"href":"https:\/\/toolkit.capta.org\/es\/wp-json\/wp\/v2\/pages\/3577","targetHints":{"allow":["GET"]}}],"collection":[{"href":"https:\/\/toolkit.capta.org\/es\/wp-json\/wp\/v2\/pages"}],"about":[{"href":"https:\/\/toolkit.capta.org\/es\/wp-json\/wp\/v2\/types\/page"}],"author":[{"embeddable":true,"href":"https:\/\/toolkit.capta.org\/es\/wp-json\/wp\/v2\/users\/8"}],"replies":[{"embeddable":true,"href":"https:\/\/toolkit.capta.org\/es\/wp-json\/wp\/v2\/comments?post=3577"}],"version-history":[{"count":1,"href":"https:\/\/toolkit.capta.org\/es\/wp-json\/wp\/v2\/pages\/3577\/revisions"}],"predecessor-version":[{"id":10540,"href":"https:\/\/toolkit.capta.org\/es\/wp-json\/wp\/v2\/pages\/3577\/revisions\/10540"}],"up":[{"embeddable":true,"href":"https:\/\/toolkit.capta.org\/es\/wp-json\/wp\/v2\/pages\/3057"}],"wp:attachment":[{"href":"https:\/\/toolkit.capta.org\/es\/wp-json\/wp\/v2\/media?parent=3577"}],"curies":[{"name":"wp","href":"https:\/\/api.w.org\/{rel}","templated":true}]}}