{"id":3581,"date":"2013-11-12T17:22:49","date_gmt":"2013-11-13T01:22:49","guid":{"rendered":"http:\/\/toolkit.capta.org\/finance\/tax-filing\/employer-identification-number\/"},"modified":"2020-12-22T14:15:02","modified_gmt":"2020-12-22T22:15:02","slug":"employer-identification-number","status":"publish","type":"page","link":"https:\/\/toolkit.capta.org\/es\/finance\/tax-filing\/employer-identification-number\/","title":{"rendered":"N\u00famero de identificaci\u00f3n de empleador (EIN)"},"content":{"rendered":"<p>Las PTA no deben usar el n\u00famero de seguro social de ninguna persona ni el <b>N\u00famero de identificaci\u00f3n de empleador<\/b> (EIN, por sus siglas en ingl\u00e9s) de otra organizaci\u00f3n. Ninguna otra organizaci\u00f3n puede usar el EIN de las PTA.<\/p>\n<p>El EIN se indica en los estatutos, as\u00ed como en el <i>Formulario 990<\/i> del IRS. Si no encuentra el n\u00famero, averig\u00fce con el tesorero del consejo o distrito de la PTA. El distrito puede llamar a la oficina estatal para obtener el n\u00famero o solicitar ayuda adicional. La PTA de California se comunicar\u00e1 con el IRS para obtener el EIN para nuevas unidades.<\/p>\n","protected":false},"excerpt":{"rendered":"<p>Las PTA no deben usar el n\u00famero de seguro social de ninguna persona ni el N\u00famero de identificaci\u00f3n de empleador (EIN, por sus siglas en ingl\u00e9s) de otra organizaci\u00f3n. Ninguna otra organizaci\u00f3n puede usar el EIN de las PTA. El EIN se indica en los estatutos, as\u00ed como en el Formulario 990 del IRS. Si [&hellip;]<\/p>\n","protected":false},"author":8,"featured_media":0,"parent":3577,"menu_order":0,"comment_status":"closed","ping_status":"closed","template":"","meta":{"footnotes":""},"class_list":["post-3581","page","type-page","status-publish","hentry","entry"],"_links":{"self":[{"href":"https:\/\/toolkit.capta.org\/es\/wp-json\/wp\/v2\/pages\/3581","targetHints":{"allow":["GET"]}}],"collection":[{"href":"https:\/\/toolkit.capta.org\/es\/wp-json\/wp\/v2\/pages"}],"about":[{"href":"https:\/\/toolkit.capta.org\/es\/wp-json\/wp\/v2\/types\/page"}],"author":[{"embeddable":true,"href":"https:\/\/toolkit.capta.org\/es\/wp-json\/wp\/v2\/users\/8"}],"replies":[{"embeddable":true,"href":"https:\/\/toolkit.capta.org\/es\/wp-json\/wp\/v2\/comments?post=3581"}],"version-history":[{"count":1,"href":"https:\/\/toolkit.capta.org\/es\/wp-json\/wp\/v2\/pages\/3581\/revisions"}],"predecessor-version":[{"id":10565,"href":"https:\/\/toolkit.capta.org\/es\/wp-json\/wp\/v2\/pages\/3581\/revisions\/10565"}],"up":[{"embeddable":true,"href":"https:\/\/toolkit.capta.org\/es\/wp-json\/wp\/v2\/pages\/3577"}],"wp:attachment":[{"href":"https:\/\/toolkit.capta.org\/es\/wp-json\/wp\/v2\/media?parent=3581"}],"curies":[{"name":"wp","href":"https:\/\/api.w.org\/{rel}","templated":true}]}}