{"id":3585,"date":"2013-11-12T17:24:07","date_gmt":"2013-11-13T01:24:07","guid":{"rendered":"http:\/\/toolkit.capta.org\/finance\/tax-filing\/tax-exempt-status-and-letters-of-determination\/"},"modified":"2017-10-30T12:40:22","modified_gmt":"2017-10-30T19:40:22","slug":"tax-exempt-status-and-letters-of-determination","status":"publish","type":"page","link":"https:\/\/toolkit.capta.org\/es\/finance\/tax-filing\/tax-exempt-status-and-letters-of-determination\/","title":{"rendered":"Estatus de exenci\u00f3n fiscal y cartas de determinaci\u00f3n"},"content":{"rendered":"<p>Por lo general, en California las PTA no deben pagar impuestos sobre sus ganancias. La PTA de California ha obtenido del Servicio de Impuestos Internos (IRS) una carta de exenci\u00f3n tributaria grupal en virtud de la Secci\u00f3n 501(c)(3) del C\u00f3digo Tributario.<\/p>\n<p>El presidente de la PTA que necesita las letras de exenci\u00f3n debe ponerse en contacto con las oficinas de la PTA de California para solicitar una copia de la carta de determinaci\u00f3n de la PTA. La PTA debe estar en buen estado con el Fiscal General para recibir la carta.<\/p>\n<p>Para conservar la condici\u00f3n de exenci\u00f3n tributaria, las PTA deben cuidar que la recaudaci\u00f3n de fondos no se convierta en una prioridad. Una unidad individual puede afectar a toda la asociaci\u00f3n. Los distritos, los consejos y las unidades de la PTA no pagan impuesto federal sobre el ingreso por actividades sustancialmente relacionadas con el prop\u00f3sito por el cual le fue otorgada la condici\u00f3n de exenci\u00f3n.<\/p>\n","protected":false},"excerpt":{"rendered":"<p>Por lo general, en California las PTA no deben pagar impuestos sobre sus ganancias. La PTA de California ha obtenido del Servicio de Impuestos Internos (IRS) una carta de exenci\u00f3n tributaria grupal en virtud de la Secci\u00f3n 501(c)(3) del C\u00f3digo Tributario. El presidente de la PTA que necesita las letras de exenci\u00f3n debe ponerse en [&hellip;]<\/p>\n","protected":false},"author":8,"featured_media":0,"parent":3577,"menu_order":0,"comment_status":"closed","ping_status":"closed","template":"","meta":{"footnotes":""},"class_list":["post-3585","page","type-page","status-publish","hentry","entry"],"_links":{"self":[{"href":"https:\/\/toolkit.capta.org\/es\/wp-json\/wp\/v2\/pages\/3585","targetHints":{"allow":["GET"]}}],"collection":[{"href":"https:\/\/toolkit.capta.org\/es\/wp-json\/wp\/v2\/pages"}],"about":[{"href":"https:\/\/toolkit.capta.org\/es\/wp-json\/wp\/v2\/types\/page"}],"author":[{"embeddable":true,"href":"https:\/\/toolkit.capta.org\/es\/wp-json\/wp\/v2\/users\/8"}],"replies":[{"embeddable":true,"href":"https:\/\/toolkit.capta.org\/es\/wp-json\/wp\/v2\/comments?post=3585"}],"version-history":[{"count":1,"href":"https:\/\/toolkit.capta.org\/es\/wp-json\/wp\/v2\/pages\/3585\/revisions"}],"predecessor-version":[{"id":8960,"href":"https:\/\/toolkit.capta.org\/es\/wp-json\/wp\/v2\/pages\/3585\/revisions\/8960"}],"up":[{"embeddable":true,"href":"https:\/\/toolkit.capta.org\/es\/wp-json\/wp\/v2\/pages\/3577"}],"wp:attachment":[{"href":"https:\/\/toolkit.capta.org\/es\/wp-json\/wp\/v2\/media?parent=3585"}],"curies":[{"name":"wp","href":"https:\/\/api.w.org\/{rel}","templated":true}]}}