{"id":3593,"date":"2013-11-13T08:49:29","date_gmt":"2013-11-13T16:49:29","guid":{"rendered":"http:\/\/toolkit.capta.org\/finance\/tax-filing\/federal-taxes\/"},"modified":"2020-12-22T14:20:31","modified_gmt":"2020-12-22T22:20:31","slug":"federal-taxes","status":"publish","type":"page","link":"https:\/\/toolkit.capta.org\/es\/finance\/tax-filing\/federal-taxes\/","title":{"rendered":"Impuestos federales"},"content":{"rendered":"<p>Aunque la PTA es una organizaci\u00f3n que opera bajo la confianza p\u00fablica, debe cumplir con todos los requisitos de impuestos prescritos <u>por la ley<\/u> bajo el estatus de organizaci\u00f3n sin fines de lucro. En consecuencia, se les requiere a todas las PTA presentar declaraciones de impuestos federales, dependiendo de sus ingresos brutos (ver m\u00e1s adelante).<\/p>\n<p>Las leyes tributarias de las organizaciones sin fines de lucro de EE. UU. requieren que las PTAs con ingresos brutos normalmente de menos o igual a $50,000 que presenten el formulario <em>990N<\/em> una <em>tarjeta postal electr\u00f3nica<\/em> \u00a0de informaci\u00f3n anualmente ante el IRS.<\/p>\n<p>Las PTAs con ingresos brutos anuales normalmente de m\u00e1s de $50,000 y menos de $200,000 y con un total de activos de menos de $500,000 deber\u00e1n presentar el <em>Formulario 990EZ<\/em>.<\/p>\n<p>Las PTAs con ingresos brutos anuales de $200,000 o m\u00e1s, o totales de activos de $500,000 o m\u00e1s, deben presentar el <em>Formulario 990<\/em>. Los <em>Formularios 990 <\/em>y<em> 990EZ<\/em> tienen anexos adicionales que deber\u00e1n presentarse. Si la asociaci\u00f3n no presenta los anexos adecuados, el IRS no tendr\u00e1 en cuenta la declaraci\u00f3n presentada. Actualmente, la multa es de $20 por d\u00eda por declaraciones tard\u00edas o no presentadas.<\/p>\n<p>Los formularios de IRS fechados en el a\u00f1o en que empieza el <strong>a\u00f1o fiscal<\/strong> de la PTA, son los formularios que deben usarse. Por ejemplo, si el a\u00f1o fiscal actual empieza el 1 de julio de 2019 y termina el 30 de junio de 2020, deben usarse los formularios del a\u00f1o 2019.<\/p>\n<div>\n<div class=\"spotlightbox\">\n<p>Se recomienda que las PTAs busquen el consejo de un profesional de impuestos que tenga conocimiento sobre las declaraciones 501 (c) (3) sin fines de lucro necesarias. Este es un gasto leg\u00edtimo de la PTA.<\/p>\n<\/div>\n<\/div>\n","protected":false},"excerpt":{"rendered":"<p>Aunque la PTA es una organizaci\u00f3n que opera bajo la confianza p\u00fablica, debe cumplir con todos los requisitos de impuestos prescritos por la ley bajo el estatus de organizaci\u00f3n sin fines de lucro. En consecuencia, se les requiere a todas las PTA presentar declaraciones de impuestos federales, dependiendo de sus ingresos brutos (ver m\u00e1s adelante). [&hellip;]<\/p>\n","protected":false},"author":8,"featured_media":0,"parent":3577,"menu_order":0,"comment_status":"closed","ping_status":"closed","template":"","meta":{"footnotes":""},"class_list":["post-3593","page","type-page","status-publish","hentry","entry"],"_links":{"self":[{"href":"https:\/\/toolkit.capta.org\/es\/wp-json\/wp\/v2\/pages\/3593","targetHints":{"allow":["GET"]}}],"collection":[{"href":"https:\/\/toolkit.capta.org\/es\/wp-json\/wp\/v2\/pages"}],"about":[{"href":"https:\/\/toolkit.capta.org\/es\/wp-json\/wp\/v2\/types\/page"}],"author":[{"embeddable":true,"href":"https:\/\/toolkit.capta.org\/es\/wp-json\/wp\/v2\/users\/8"}],"replies":[{"embeddable":true,"href":"https:\/\/toolkit.capta.org\/es\/wp-json\/wp\/v2\/comments?post=3593"}],"version-history":[{"count":3,"href":"https:\/\/toolkit.capta.org\/es\/wp-json\/wp\/v2\/pages\/3593\/revisions"}],"predecessor-version":[{"id":10566,"href":"https:\/\/toolkit.capta.org\/es\/wp-json\/wp\/v2\/pages\/3593\/revisions\/10566"}],"up":[{"embeddable":true,"href":"https:\/\/toolkit.capta.org\/es\/wp-json\/wp\/v2\/pages\/3577"}],"wp:attachment":[{"href":"https:\/\/toolkit.capta.org\/es\/wp-json\/wp\/v2\/media?parent=3593"}],"curies":[{"name":"wp","href":"https:\/\/api.w.org\/{rel}","templated":true}]}}