{"id":3596,"date":"2013-11-13T08:58:59","date_gmt":"2013-11-13T16:58:59","guid":{"rendered":"http:\/\/toolkit.capta.org\/finance\/tax-filing\/state-taxes-and-government-forms\/"},"modified":"2024-05-22T15:49:03","modified_gmt":"2024-05-22T22:49:03","slug":"state-taxes-and-government-forms","status":"publish","type":"page","link":"https:\/\/toolkit.capta.org\/es\/finance\/tax-filing\/state-taxes-and-government-forms\/","title":{"rendered":"Impuestos estatales y formularios gubernamentales"},"content":{"rendered":"<p>Las PTA deben ajustarse a los requisitos estatales sobre la presentaci\u00f3n.<\/p>\n<p>Sin tomar en cuenta sus activos o sus niveles de ingreso, se requiere que todas las PTA presenten todos los a\u00f1os el <em>Informe de Cuotas para la Renovaci\u00f3n de Inscripci\u00f3n<\/em> (<em>RRF-1<\/em>) ante el Registro de Fondos de Beneficencia del Procurador General de California.<\/p>\n<p>El n\u00famero de inscripci\u00f3n caritativa del estado (CT#) se asigna despu\u00e9s de que una organizaci\u00f3n se haya registrado. La organizaci\u00f3n debe enviar el CT1 <em>Formulario de Registro Inicial<\/em> y los dem\u00e1s documentos\/materiales de referencia que se enumeran en el formulario. Un <em>Formulario<\/em> <em>RRF-1<\/em> no puede ser procesado hasta que la organizaci\u00f3n se haya inscripto y tenga su CT#.<\/p>\n<p>El RRF-1 se puede enviar despu\u00e9s de que la organizaci\u00f3n reciba la carta de confirmaci\u00f3n de registro que incluir\u00e1 el n\u00famero del CT.<\/p>\n<p>A partir del a\u00f1o fiscal 2019-2020, todas las organizaciones sin fines de lucro en California que presenten un formulario de tarjeta postal electr\u00f3nica 990N ante el IRS deben completar y enviar un <em>CT-TR-Informe del Tesorero<\/em> con su formulario RRF-1 anual. Las PTAs que presenten el IRS 900 o 990EZ continuar\u00e1n enviando una copia de esa declaraci\u00f3n con su formulario RRF-1 anual.<\/p>\n<p>Cada PTA debe presentar un Formulario <em>199 o 199N<\/em> anualmente ante la Franquicia de Impuesto (FTB). Las PTAs con ingresos brutos anuales normalmente superiores a $50,000 deben presentar el <em>Formulario 199.<\/em><\/p>\n<p style=\"font-weight: 400;\">Tenga en cuenta que, a partir del a\u00f1o fiscal 2021, la Franquicia de Impuestos Estatales ya no cobra una tarifa de presentaci\u00f3n para nadie y la casilla anterior que las Ptas deb\u00edan marcar ya no est\u00e1 en el formulario. PTAs con ingresos brutos anuales normalmente igual o menos de $50,000 son requerido de presentar el Formulario 199N (formulario electr\u00f3nico) anualmente ante el FTB.<\/p>\n<p>Los Formularios y sus instrucciones est\u00e1n disponibles en el sitio Web del Procurador General en <a href=\"https:\/\/oag.ca.gov\/charities\">oag.ca.gov\/charities<\/a>.<\/p>\n<p>Las PTAs que tienen un ingreso por negocios no relacionados de $1.000 o m\u00e1s, deben presentar el Formulario 109 ante la Junta de Impuestos sobre Franquicias.<\/p>\n<p>Las PTA incorporadas deben presentar una <em>Declaraci\u00f3n de Informaci\u00f3n &#8211; Sin fines de lucro (formulario SI-100)<\/em> ante la Secretar\u00eda de Estado de California cada dos a\u00f1os.<\/p>\n","protected":false},"excerpt":{"rendered":"<p>Las PTA deben ajustarse a los requisitos estatales sobre la presentaci\u00f3n. Sin tomar en cuenta sus activos o sus niveles de ingreso, se requiere que todas las PTA presenten todos los a\u00f1os el Informe de Cuotas para la Renovaci\u00f3n de Inscripci\u00f3n (RRF-1) ante el Registro de Fondos de Beneficencia del Procurador General de California. El [&hellip;]<\/p>\n","protected":false},"author":8,"featured_media":0,"parent":3577,"menu_order":0,"comment_status":"closed","ping_status":"closed","template":"","meta":{"footnotes":""},"class_list":["post-3596","page","type-page","status-publish","hentry","entry"],"_links":{"self":[{"href":"https:\/\/toolkit.capta.org\/es\/wp-json\/wp\/v2\/pages\/3596","targetHints":{"allow":["GET"]}}],"collection":[{"href":"https:\/\/toolkit.capta.org\/es\/wp-json\/wp\/v2\/pages"}],"about":[{"href":"https:\/\/toolkit.capta.org\/es\/wp-json\/wp\/v2\/types\/page"}],"author":[{"embeddable":true,"href":"https:\/\/toolkit.capta.org\/es\/wp-json\/wp\/v2\/users\/8"}],"replies":[{"embeddable":true,"href":"https:\/\/toolkit.capta.org\/es\/wp-json\/wp\/v2\/comments?post=3596"}],"version-history":[{"count":4,"href":"https:\/\/toolkit.capta.org\/es\/wp-json\/wp\/v2\/pages\/3596\/revisions"}],"predecessor-version":[{"id":11252,"href":"https:\/\/toolkit.capta.org\/es\/wp-json\/wp\/v2\/pages\/3596\/revisions\/11252"}],"up":[{"embeddable":true,"href":"https:\/\/toolkit.capta.org\/es\/wp-json\/wp\/v2\/pages\/3577"}],"wp:attachment":[{"href":"https:\/\/toolkit.capta.org\/es\/wp-json\/wp\/v2\/media?parent=3596"}],"curies":[{"name":"wp","href":"https:\/\/api.w.org\/{rel}","templated":true}]}}