{"id":3600,"date":"2013-11-13T08:59:48","date_gmt":"2013-11-13T16:59:48","guid":{"rendered":"http:\/\/toolkit.capta.org\/finance\/tax-filing\/gross-receipts\/"},"modified":"2020-12-22T16:56:10","modified_gmt":"2020-12-23T00:56:10","slug":"gross-receipts","status":"publish","type":"page","link":"https:\/\/toolkit.capta.org\/es\/finance\/tax-filing\/gross-receipts\/","title":{"rendered":"Ingresos brutos"},"content":{"rendered":"<p>Los ingresos brutos son el monto total que la organizaci\u00f3n recibi\u00f3 de todas las fuentes durante su a\u00f1o fiscal anual (incluidos los a\u00f1os cortos), sin restar ning\u00fan costo o gasto. Los ingresos brutos no incluyen los fondos que no pertenecen a la unidad (Fondos que No Pertenecen a la Unidad).<\/p>\n<p>Los ingresos brutos de una organizaci\u00f3n se consideran ser normalmente $50,000 o menos si la organizaci\u00f3n:<\/p>\n<ol>\n<li>Tiene a\u00f1o o menos de funcionar y ha recibido, o los donantes se han comprometido a donar, $75,000 o menos durante su primer a\u00f1o fiscal;<\/li>\n<li>Entre 1 y 3 a\u00f1os de funcionar y tuvieron un promedio de $60,000 o menos en ingresos brutos durante cada uno de sus primeros 2 a\u00f1os tributarios;<\/li>\n<li>Tres a\u00f1os o m\u00e1s y tuvieron un promedio de $50,000 o menos en ingresos brutos durante los 3 a\u00f1os tributarios inmediatamente anteriores (incluido el a\u00f1o para el cual se presentar\u00eda la declaraci\u00f3n).<\/li>\n<\/ol>\n<div>\n<div class=\"spotlightbox\">\n<p>Guarde siempre una copia de los formularios de impuestos firmados para los registros de la unidad y anote la fecha en que los formularios se enviaron por correo o presentaron.<\/p>\n<p>Siempre suba copias de todas las declaraciones de impuestos, incluido el RRF-1, el CT-TR-1 (si es necesario para presentar) y el SI-100 (si es necesario para presentar) a myPTEZ.<\/p>\n<p>Visite el Centro de apoyo para la presentaci\u00f3n de impuestos de la PTA del Estado de California para obtener enlaces a formularios de declaraci\u00f3n de impuestos e informaci\u00f3n adicional en capta.org\/pta-leaders\/services\/tax-filing-support-center<\/p>\n<p>Todos los formularios tributarios federales pueden descargarse en <a href=\"http:\/\/www.irs.gov\/\" target=\"_blank\" rel=\"noopener noreferrer\">www.irs.gov<\/a>.<br \/>\nLos formularios tributarios estatales pueden descargarse en <a href=\"https:\/\/www.ftb.ca.gov\/index.shtml?disabled=true\" target=\"_blank\" rel=\"noopener noreferrer\">www.ftb.ca.gov<\/a>.<br \/>\nLos formularios<em> RRF-1 <\/em>and<em> CT-TR-1<\/em> puede descargarse en <a href=\"https:\/\/oag.ca.gov\/charities\">https:\/\/oag.ca.gov\/charities<\/a>.<br \/>\nVisite <a href=\"http:\/\/www.guidestar.org\/\" target=\"_blank\" rel=\"noopener noreferrer\">www.guidestar.org<\/a> or <a href=\"https:\/\/projects.propublica.org\/nonprofits\">projects.propublica.org\/nonprofits<\/a> para ver copias de declaraciones de impuestos presentadas con anterioridad.<\/p>\n<\/div>\n<\/div>\n","protected":false},"excerpt":{"rendered":"<p>Los ingresos brutos son el monto total que la organizaci\u00f3n recibi\u00f3 de todas las fuentes durante su a\u00f1o fiscal anual (incluidos los a\u00f1os cortos), sin restar ning\u00fan costo o gasto. Los ingresos brutos no incluyen los fondos que no pertenecen a la unidad (Fondos que No Pertenecen a la Unidad). Los ingresos brutos de una [&hellip;]<\/p>\n","protected":false},"author":8,"featured_media":0,"parent":3577,"menu_order":0,"comment_status":"closed","ping_status":"closed","template":"","meta":{"footnotes":""},"class_list":["post-3600","page","type-page","status-publish","hentry","entry"],"_links":{"self":[{"href":"https:\/\/toolkit.capta.org\/es\/wp-json\/wp\/v2\/pages\/3600","targetHints":{"allow":["GET"]}}],"collection":[{"href":"https:\/\/toolkit.capta.org\/es\/wp-json\/wp\/v2\/pages"}],"about":[{"href":"https:\/\/toolkit.capta.org\/es\/wp-json\/wp\/v2\/types\/page"}],"author":[{"embeddable":true,"href":"https:\/\/toolkit.capta.org\/es\/wp-json\/wp\/v2\/users\/8"}],"replies":[{"embeddable":true,"href":"https:\/\/toolkit.capta.org\/es\/wp-json\/wp\/v2\/comments?post=3600"}],"version-history":[{"count":3,"href":"https:\/\/toolkit.capta.org\/es\/wp-json\/wp\/v2\/pages\/3600\/revisions"}],"predecessor-version":[{"id":10570,"href":"https:\/\/toolkit.capta.org\/es\/wp-json\/wp\/v2\/pages\/3600\/revisions\/10570"}],"up":[{"embeddable":true,"href":"https:\/\/toolkit.capta.org\/es\/wp-json\/wp\/v2\/pages\/3577"}],"wp:attachment":[{"href":"https:\/\/toolkit.capta.org\/es\/wp-json\/wp\/v2\/media?parent=3600"}],"curies":[{"name":"wp","href":"https:\/\/api.w.org\/{rel}","templated":true}]}}