{"id":3603,"date":"2013-11-13T09:01:26","date_gmt":"2013-11-13T17:01:26","guid":{"rendered":"http:\/\/toolkit.capta.org\/finance\/tax-filing\/unrelated-business-income-tax\/"},"modified":"2015-01-28T16:49:32","modified_gmt":"2015-01-29T00:49:32","slug":"unrelated-business-income-tax","status":"publish","type":"page","link":"https:\/\/toolkit.capta.org\/es\/finance\/tax-filing\/unrelated-business-income-tax\/","title":{"rendered":"Impuestos sobre los ingresos por negocios no relacionados"},"content":{"rendered":"<p>Puede requerirse a las PTA pagar impuestos sobre otro tipos de ingreso, denominado <b>ingreso por negocios no relacionados<\/b>. Los distritos, los consejos y las unidades de la PTA con ingresos brutos anuales que incluyen ingreso por negocios no relacionados de $1.000 o m\u00e1s, deben presentar el <em>Formulario 990-T<\/em> del IRS, el <em>Formulario 109<\/em> de la Junta de Impuestos sobre Franquicias y declarar el ingreso al presentar el <em>Formulario 990\/990EZ<\/em> del IRS.<\/p>\n<p>A fin de evitar el Impuesto sobre los Ingresos por Negocios no Relacionados (UBIT por sus siglas en ingl\u00e9s) se deben cumplir cualquiera de estas condiciones:<\/p>\n<ol>\n<li>Venda mercanc\u00eda donada<\/li>\n<li>Use ayuda considerablemente donada<\/li>\n<li>Aseg\u00farese que la actividad no sea un \u201ccomercio o negocio realizado con regularidad\u201d<\/li>\n<li>Aseg\u00farese de que promueva el prop\u00f3sito exento de la PTA<\/li>\n<\/ol>\n<div>\n<div class=\"spotlightbox\">\n<p><b>ingreso por negocios no relacionados:<\/b> ingreso recibido por actividades que no est\u00e1n directamente relacionadas con el prop\u00f3sito o la funci\u00f3n de la PTA.<\/p>\n<\/div>\n<\/div>\n","protected":false},"excerpt":{"rendered":"<p>Puede requerirse a las PTA pagar impuestos sobre otro tipos de ingreso, denominado ingreso por negocios no relacionados. Los distritos, los consejos y las unidades de la PTA con ingresos brutos anuales que incluyen ingreso por negocios no relacionados de $1.000 o m\u00e1s, deben presentar el Formulario 990-T del IRS, el Formulario 109 de la [&hellip;]<\/p>\n","protected":false},"author":8,"featured_media":0,"parent":3577,"menu_order":0,"comment_status":"closed","ping_status":"closed","template":"","meta":{"footnotes":""},"class_list":["post-3603","page","type-page","status-publish","hentry","entry"],"_links":{"self":[{"href":"https:\/\/toolkit.capta.org\/es\/wp-json\/wp\/v2\/pages\/3603","targetHints":{"allow":["GET"]}}],"collection":[{"href":"https:\/\/toolkit.capta.org\/es\/wp-json\/wp\/v2\/pages"}],"about":[{"href":"https:\/\/toolkit.capta.org\/es\/wp-json\/wp\/v2\/types\/page"}],"author":[{"embeddable":true,"href":"https:\/\/toolkit.capta.org\/es\/wp-json\/wp\/v2\/users\/8"}],"replies":[{"embeddable":true,"href":"https:\/\/toolkit.capta.org\/es\/wp-json\/wp\/v2\/comments?post=3603"}],"version-history":[{"count":0,"href":"https:\/\/toolkit.capta.org\/es\/wp-json\/wp\/v2\/pages\/3603\/revisions"}],"up":[{"embeddable":true,"href":"https:\/\/toolkit.capta.org\/es\/wp-json\/wp\/v2\/pages\/3577"}],"wp:attachment":[{"href":"https:\/\/toolkit.capta.org\/es\/wp-json\/wp\/v2\/media?parent=3603"}],"curies":[{"name":"wp","href":"https:\/\/api.w.org\/{rel}","templated":true}]}}