{"id":3607,"date":"2013-11-13T09:02:35","date_gmt":"2013-11-13T17:02:35","guid":{"rendered":"http:\/\/toolkit.capta.org\/finance\/tax-filing\/filing-due-dates\/"},"modified":"2020-12-22T17:10:22","modified_gmt":"2020-12-23T01:10:22","slug":"filing-due-dates","status":"publish","type":"page","link":"https:\/\/toolkit.capta.org\/es\/finance\/tax-filing\/filing-due-dates\/","title":{"rendered":"Fechas de presentaci\u00f3n de las declaraciones"},"content":{"rendered":"<p>La PTA del Estado de California proporciona informaci\u00f3n general sobre los requisitos de declaraci\u00f3n de impuestos, incluyendo las fechas l\u00edmite, pero no brindar\u00e1 asesoramiento legal o fiscal a las PTAs sobre como completar las declaraciones de impuestos. Las PTAs del consejo y del distrito no proporcionar\u00e1n asesoramiento legal o fiscal a las PTAs constitutivas sobre como completar las declaraciones de impuestos. Es recomendable que las PTA que necesitan ayuda con sus declaraciones de impuestos consulten a un profesional en materia fiscal o contador especializado en organizaciones no lucrativas 501(c)(3). \u00c9ste es un gasto leg\u00edtimo de la PTA.<\/p>\n<p>La fecha de vencimiento para presentar las declaraciones de impuestos es el 15\u00b0 d\u00eda del quinto mes a partir del final del a\u00f1o fiscal de la asociaci\u00f3n. Si el <b>a\u00f1o fiscal<\/b> va del 1 de julio al 30 de junio, las declaraciones de impuesto deben llevar el sello postal estampado a m\u00e1s tardar el 15 de noviembre. Si se necesita una extensi\u00f3n, las instrucciones de presentaci\u00f3n de cada formulario incluyen informaci\u00f3n sobre las pr\u00f3rrogas para la presentaci\u00f3n.<\/p>\n<div>\n<div class=\"spotlightbox\">\n<p><b>a\u00f1o fiscal:<\/b> la fecha establecida al momento en que la asociaci\u00f3n adopta sus estatutos para que la misma abra y cierre sus libros y registros financieros anualmente.<\/p>\n<\/div>\n<\/div>\n","protected":false},"excerpt":{"rendered":"<p>La PTA del Estado de California proporciona informaci\u00f3n general sobre los requisitos de declaraci\u00f3n de impuestos, incluyendo las fechas l\u00edmite, pero no brindar\u00e1 asesoramiento legal o fiscal a las PTAs sobre como completar las declaraciones de impuestos. Las PTAs del consejo y del distrito no proporcionar\u00e1n asesoramiento legal o fiscal a las PTAs constitutivas sobre [&hellip;]<\/p>\n","protected":false},"author":8,"featured_media":0,"parent":3577,"menu_order":0,"comment_status":"closed","ping_status":"closed","template":"","meta":{"footnotes":""},"class_list":["post-3607","page","type-page","status-publish","hentry","entry"],"_links":{"self":[{"href":"https:\/\/toolkit.capta.org\/es\/wp-json\/wp\/v2\/pages\/3607","targetHints":{"allow":["GET"]}}],"collection":[{"href":"https:\/\/toolkit.capta.org\/es\/wp-json\/wp\/v2\/pages"}],"about":[{"href":"https:\/\/toolkit.capta.org\/es\/wp-json\/wp\/v2\/types\/page"}],"author":[{"embeddable":true,"href":"https:\/\/toolkit.capta.org\/es\/wp-json\/wp\/v2\/users\/8"}],"replies":[{"embeddable":true,"href":"https:\/\/toolkit.capta.org\/es\/wp-json\/wp\/v2\/comments?post=3607"}],"version-history":[{"count":1,"href":"https:\/\/toolkit.capta.org\/es\/wp-json\/wp\/v2\/pages\/3607\/revisions"}],"predecessor-version":[{"id":10571,"href":"https:\/\/toolkit.capta.org\/es\/wp-json\/wp\/v2\/pages\/3607\/revisions\/10571"}],"up":[{"embeddable":true,"href":"https:\/\/toolkit.capta.org\/es\/wp-json\/wp\/v2\/pages\/3577"}],"wp:attachment":[{"href":"https:\/\/toolkit.capta.org\/es\/wp-json\/wp\/v2\/media?parent=3607"}],"curies":[{"name":"wp","href":"https:\/\/api.w.org\/{rel}","templated":true}]}}