{"id":3611,"date":"2013-11-13T09:03:15","date_gmt":"2013-11-13T17:03:15","guid":{"rendered":"http:\/\/toolkit.capta.org\/finance\/tax-filing\/officer-responsibilities-for-filing\/"},"modified":"2024-05-21T14:31:45","modified_gmt":"2024-05-21T21:31:45","slug":"officer-responsibilities-for-filing","status":"publish","type":"page","link":"https:\/\/toolkit.capta.org\/es\/finance\/tax-filing\/officer-responsibilities-for-filing\/","title":{"rendered":"Responsabilidades de los funcionarios en las declaraciones"},"content":{"rendered":"<p>Aunque el tesorero es responsable de llenar todos los formularios de impuestos requeridos o de hacer los arreglos para que las declaraciones de impuestos sean completadas por un profesional, es responsabilidad de la junta ejecutiva asegurarse de que todos los formularios se presenten antes de la fecha de vencimiento. El rese\u00f1ador financiero verificar\u00e1 que se hayan presentado todos los formularios de impuestos requeridos y que se mantengan copias en los registros del tesorero.<\/p>\n<p>De acuerdo con las reglas del IRS, cada miembro de la junta es responsable de completar el Cuestionario Anual de Conflicto de Inter\u00e9s\/Informante cada a\u00f1o. El tesorero o secretario deber\u00e1 archivar el Formulario de Conflicto de Intereses firmado por un m\u00ednimo de 3 a\u00f1os.<\/p>\n<p>Para llenar los formularios tributarios de la PTA, considere la contrataci\u00f3n de un profesional externo con amplio conocimiento de los requisitos tributarios de entidades sin fines de lucro. La presentaci\u00f3n de declaraciones es compleja, a\u00fan para muchos profesionales. Ning\u00fan voluntario deber\u00eda sentirse tenso por hacerlas o avergonzado por no hacerlas. El objetivo del equipo es llenarlas apropiadamente y a tiempo.<\/p>\n<p>Guarde siempre una copia de los formularios de impuestos firmados para los registros de la PTA y anote la fecha en que se enviaron por correo o se presentaron los formularios.<\/p>\n<p>Cuando se disuelve una PTA, las regulaciones federales y estatales requieren que se presente una declaraci\u00f3n final de impuestos antes del d\u00eda 15 del quinto mes despu\u00e9s del cambio de estatus. La PTA del distrito es responsable de garantizar que se completen todas las declaraciones finales de impuestos y de disolver la PTA terminada con el Registro de Fundaci\u00f3n Ben\u00e9fica del Procurador General.<\/p>\n<p>No olvide firmar, fechar y enviar por correo la declaraci\u00f3n de impuestos si no se presenta electr\u00f3nicamente. Los formularios tributarios pueden ser firmados por cualquier funcionario electo.<\/p>\n","protected":false},"excerpt":{"rendered":"<p>Aunque el tesorero es responsable de llenar todos los formularios de impuestos requeridos o de hacer los arreglos para que las declaraciones de impuestos sean completadas por un profesional, es responsabilidad de la junta ejecutiva asegurarse de que todos los formularios se presenten antes de la fecha de vencimiento. El rese\u00f1ador financiero verificar\u00e1 que se [&hellip;]<\/p>\n","protected":false},"author":8,"featured_media":0,"parent":3577,"menu_order":0,"comment_status":"closed","ping_status":"closed","template":"","meta":{"footnotes":""},"class_list":["post-3611","page","type-page","status-publish","hentry","entry"],"_links":{"self":[{"href":"https:\/\/toolkit.capta.org\/es\/wp-json\/wp\/v2\/pages\/3611","targetHints":{"allow":["GET"]}}],"collection":[{"href":"https:\/\/toolkit.capta.org\/es\/wp-json\/wp\/v2\/pages"}],"about":[{"href":"https:\/\/toolkit.capta.org\/es\/wp-json\/wp\/v2\/types\/page"}],"author":[{"embeddable":true,"href":"https:\/\/toolkit.capta.org\/es\/wp-json\/wp\/v2\/users\/8"}],"replies":[{"embeddable":true,"href":"https:\/\/toolkit.capta.org\/es\/wp-json\/wp\/v2\/comments?post=3611"}],"version-history":[{"count":4,"href":"https:\/\/toolkit.capta.org\/es\/wp-json\/wp\/v2\/pages\/3611\/revisions"}],"predecessor-version":[{"id":11225,"href":"https:\/\/toolkit.capta.org\/es\/wp-json\/wp\/v2\/pages\/3611\/revisions\/11225"}],"up":[{"embeddable":true,"href":"https:\/\/toolkit.capta.org\/es\/wp-json\/wp\/v2\/pages\/3577"}],"wp:attachment":[{"href":"https:\/\/toolkit.capta.org\/es\/wp-json\/wp\/v2\/media?parent=3611"}],"curies":[{"name":"wp","href":"https:\/\/api.w.org\/{rel}","templated":true}]}}