{"id":3618,"date":"2013-11-13T09:05:25","date_gmt":"2013-11-13T17:05:25","guid":{"rendered":"http:\/\/toolkit.capta.org\/finance\/tax-filing\/irs-audit\/"},"modified":"2013-12-06T16:36:02","modified_gmt":"2013-12-07T00:36:02","slug":"irs-audit","status":"publish","type":"page","link":"https:\/\/toolkit.capta.org\/es\/finance\/tax-filing\/irs-audit\/","title":{"rendered":"Auditor\u00eda del Servicio de Impuestos Internos (IRS)"},"content":{"rendered":"<p>El Servicio de Impuestos Internos (IRS, por sus siglas en ingl\u00e9s) examina los registros de las PTA sobre una base aleatoria. La notificaci\u00f3n de una auditor\u00eda de los registros de la PTA por parte del IRS incluir\u00e1 una lista de los materiales que deben ponerse a disposici\u00f3n. Si se requiere una carta de exenci\u00f3n de la PTA, la oficina estatal suministrar\u00e1 una copia si as\u00ed se le solicita.<\/p>\n<p>Evite realizar declaraciones o acusaciones impl\u00edcitas, expl\u00edcitas, orales o escritas.<\/p>\n<p>Una notificaci\u00f3n del IRS sobre la intenci\u00f3n de auditar no debe ser motivo de p\u00e1nico. Todos los registros financieros de la PTA deben mantenerse al d\u00eda de manera que pueda llevarse a cabo una auditor\u00eda sin problemas. Si le comunican sobre una auditor\u00eda del IRS, notifique a los tesoreros del distrito de la PTA y de la PTA de California. Una vez terminada la auditor\u00eda, entregue los resultados a los tesoreros del distrito de la PTA y de la PTA de California.<\/p>\n","protected":false},"excerpt":{"rendered":"<p>El Servicio de Impuestos Internos (IRS, por sus siglas en ingl\u00e9s) examina los registros de las PTA sobre una base aleatoria. La notificaci\u00f3n de una auditor\u00eda de los registros de la PTA por parte del IRS incluir\u00e1 una lista de los materiales que deben ponerse a disposici\u00f3n. Si se requiere una carta de exenci\u00f3n de [&hellip;]<\/p>\n","protected":false},"author":8,"featured_media":0,"parent":3577,"menu_order":0,"comment_status":"closed","ping_status":"closed","template":"","meta":{"footnotes":""},"class_list":["post-3618","page","type-page","status-publish","hentry","entry"],"_links":{"self":[{"href":"https:\/\/toolkit.capta.org\/es\/wp-json\/wp\/v2\/pages\/3618","targetHints":{"allow":["GET"]}}],"collection":[{"href":"https:\/\/toolkit.capta.org\/es\/wp-json\/wp\/v2\/pages"}],"about":[{"href":"https:\/\/toolkit.capta.org\/es\/wp-json\/wp\/v2\/types\/page"}],"author":[{"embeddable":true,"href":"https:\/\/toolkit.capta.org\/es\/wp-json\/wp\/v2\/users\/8"}],"replies":[{"embeddable":true,"href":"https:\/\/toolkit.capta.org\/es\/wp-json\/wp\/v2\/comments?post=3618"}],"version-history":[{"count":0,"href":"https:\/\/toolkit.capta.org\/es\/wp-json\/wp\/v2\/pages\/3618\/revisions"}],"up":[{"embeddable":true,"href":"https:\/\/toolkit.capta.org\/es\/wp-json\/wp\/v2\/pages\/3577"}],"wp:attachment":[{"href":"https:\/\/toolkit.capta.org\/es\/wp-json\/wp\/v2\/media?parent=3618"}],"curies":[{"name":"wp","href":"https:\/\/api.w.org\/{rel}","templated":true}]}}