{"id":3629,"date":"2013-11-13T09:07:54","date_gmt":"2013-11-13T17:07:54","guid":{"rendered":"http:\/\/toolkit.capta.org\/finance\/pta-as-an-employer\/approving-projects-that-require-employees\/"},"modified":"2020-12-22T17:32:26","modified_gmt":"2020-12-23T01:32:26","slug":"approving-projects-that-require-employees","status":"publish","type":"page","link":"https:\/\/toolkit.capta.org\/es\/approving-projects-that-require-employees\/","title":{"rendered":"Aprobaci\u00f3n de proyectos que requieren empleados"},"content":{"rendered":"<p>El proyecto propuesto debe ser aprobado por los afiliados en una reuni\u00f3n de la asociaci\u00f3n. Registre la votaci\u00f3n en las actas de la asociaci\u00f3n. Si el proyecto es continuo, debe ser aprobado cada a\u00f1o. La aprobaci\u00f3n debe incluir la autorizaci\u00f3n para las actividades de recaudaci\u00f3n de fondos, mediante las cuales se sustenta el proyecto. Si el proyecto va a utilizar las instalaciones de la escuela, debe ser aprobado por el director de la escuela, el superintendente del distrito escolar y la junta de la escuela. Las fechas respectivas de dicha aprobaci\u00f3n deben registrarse en las actas de la asociaci\u00f3n de la PTA, con las cartas de aprobaci\u00f3n adjuntas a esas actas. Para criterios sobre los programas, ver la <i>Gu\u00eda de seguros<\/i>.<\/p>\n","protected":false},"excerpt":{"rendered":"<p>El proyecto propuesto debe ser aprobado por los afiliados en una reuni\u00f3n de la asociaci\u00f3n. Registre la votaci\u00f3n en las actas de la asociaci\u00f3n. Si el proyecto es continuo, debe ser aprobado cada a\u00f1o. La aprobaci\u00f3n debe incluir la autorizaci\u00f3n para las actividades de recaudaci\u00f3n de fondos, mediante las cuales se sustenta el proyecto. Si [&hellip;]<\/p>\n","protected":false},"author":8,"featured_media":0,"parent":0,"menu_order":0,"comment_status":"closed","ping_status":"closed","template":"","meta":{"footnotes":""},"class_list":["post-3629","page","type-page","status-publish","hentry","entry"],"_links":{"self":[{"href":"https:\/\/toolkit.capta.org\/es\/wp-json\/wp\/v2\/pages\/3629","targetHints":{"allow":["GET"]}}],"collection":[{"href":"https:\/\/toolkit.capta.org\/es\/wp-json\/wp\/v2\/pages"}],"about":[{"href":"https:\/\/toolkit.capta.org\/es\/wp-json\/wp\/v2\/types\/page"}],"author":[{"embeddable":true,"href":"https:\/\/toolkit.capta.org\/es\/wp-json\/wp\/v2\/users\/8"}],"replies":[{"embeddable":true,"href":"https:\/\/toolkit.capta.org\/es\/wp-json\/wp\/v2\/comments?post=3629"}],"version-history":[{"count":1,"href":"https:\/\/toolkit.capta.org\/es\/wp-json\/wp\/v2\/pages\/3629\/revisions"}],"predecessor-version":[{"id":10580,"href":"https:\/\/toolkit.capta.org\/es\/wp-json\/wp\/v2\/pages\/3629\/revisions\/10580"}],"wp:attachment":[{"href":"https:\/\/toolkit.capta.org\/es\/wp-json\/wp\/v2\/media?parent=3629"}],"curies":[{"name":"wp","href":"https:\/\/api.w.org\/{rel}","templated":true}]}}