{"id":3656,"date":"2013-11-13T09:12:00","date_gmt":"2013-11-13T17:12:00","guid":{"rendered":"http:\/\/toolkit.capta.org\/finance\/pta-as-an-employer\/in-case-of-employee-injury\/"},"modified":"2015-01-29T15:16:54","modified_gmt":"2015-01-29T23:16:54","slug":"in-case-of-employee-injury","status":"publish","type":"page","link":"https:\/\/toolkit.capta.org\/es\/finance\/pta-as-an-employer\/in-case-of-employee-injury\/","title":{"rendered":"En caso de lesion del trabajador"},"content":{"rendered":"<p>Cuando un empleado sufra, en el lugar de trabajo, una lesi\u00f3n que requiera de atenci\u00f3n m\u00e9dica, informe a la oficina del distrito de la PTA y llame a la PTA de California al 916.440.1985 para obtener un <em>Informe del empleador sobre lesi\u00f3n o enfermedad ocupacional<\/em>.<\/p>\n<p>El informe completo debe ser devuelto en 24 horas para ser procesado y remitido a la entidad aseguradora. Por ley, las lesiones que requieran atenci\u00f3n m\u00e9dica deben ser reportadas antes de cinco d\u00edas h\u00e1biles.<\/p>\n<p>Se debe entregar tambi\u00e9n al empleado una <em>Reclamaci\u00f3n del empleado para los beneficios<\/em> de la Compensaci\u00f3n a los Trabajadores para ser completada un d\u00eda h\u00e1bil despu\u00e9s de que el empleador tuvo noticia de la lesi\u00f3n. Si la lesi\u00f3n no requiere atenci\u00f3n m\u00e9dica, llene el formulario y arch\u00edvelo en caso de que el empleado solicite atenci\u00f3n m\u00e9dica en una fecha posterior.<\/p>\n","protected":false},"excerpt":{"rendered":"<p>Cuando un empleado sufra, en el lugar de trabajo, una lesi\u00f3n que requiera de atenci\u00f3n m\u00e9dica, informe a la oficina del distrito de la PTA y llame a la PTA de California al 916.440.1985 para obtener un Informe del empleador sobre lesi\u00f3n o enfermedad ocupacional. El informe completo debe ser devuelto en 24 horas para [&hellip;]<\/p>\n","protected":false},"author":8,"featured_media":0,"parent":3622,"menu_order":0,"comment_status":"closed","ping_status":"closed","template":"","meta":{"footnotes":""},"class_list":["post-3656","page","type-page","status-publish","hentry","entry"],"_links":{"self":[{"href":"https:\/\/toolkit.capta.org\/es\/wp-json\/wp\/v2\/pages\/3656","targetHints":{"allow":["GET"]}}],"collection":[{"href":"https:\/\/toolkit.capta.org\/es\/wp-json\/wp\/v2\/pages"}],"about":[{"href":"https:\/\/toolkit.capta.org\/es\/wp-json\/wp\/v2\/types\/page"}],"author":[{"embeddable":true,"href":"https:\/\/toolkit.capta.org\/es\/wp-json\/wp\/v2\/users\/8"}],"replies":[{"embeddable":true,"href":"https:\/\/toolkit.capta.org\/es\/wp-json\/wp\/v2\/comments?post=3656"}],"version-history":[{"count":0,"href":"https:\/\/toolkit.capta.org\/es\/wp-json\/wp\/v2\/pages\/3656\/revisions"}],"up":[{"embeddable":true,"href":"https:\/\/toolkit.capta.org\/es\/wp-json\/wp\/v2\/pages\/3622"}],"wp:attachment":[{"href":"https:\/\/toolkit.capta.org\/es\/wp-json\/wp\/v2\/media?parent=3656"}],"curies":[{"name":"wp","href":"https:\/\/api.w.org\/{rel}","templated":true}]}}