{"id":3664,"date":"2013-11-13T09:14:58","date_gmt":"2013-11-13T17:14:58","guid":{"rendered":"http:\/\/toolkit.capta.org\/finance\/pta-as-an-employer\/filing-requirements-for-employers\/"},"modified":"2020-12-22T17:45:08","modified_gmt":"2020-12-23T01:45:08","slug":"filing-requirements-for-employers","status":"publish","type":"page","link":"https:\/\/toolkit.capta.org\/es\/finance\/pta-as-an-employer\/filing-requirements-for-employers\/","title":{"rendered":"Requisitos de la declaracion de los empleadores"},"content":{"rendered":"<p>Si la PTA es un empleador, debe cumplir las reglas establecidas por el IRS, la Administraci\u00f3n del Seguro Social y el Employment Development Department (EDD) de California.<\/p>\n<p>Los empleadores deben:<\/p>\n<ul>\n<li>Efectuar a tiempo los dep\u00f3sitos de retenci\u00f3n de la n\u00f3mina.<\/li>\n<li>Hacer los informes trimestrales de las retenciones federales y estatales de n\u00f3mina, dentro del plazo de un mes con respecto al cierre de cada n\u00f3mina trimestral, utilizando el <em>Formulario 941 del IRS<\/em> y el <em>Formulario DE-6<\/em> del Estado.<\/li>\n<li>Entregar el <em>Formulario 1099-NEC del IRS<\/em> a todos los contratistas independientes antes del 31 de enero si la PTA hubiera pagado $600 o m\u00e1s en el a\u00f1o calendario anterior a cualquier empresa no constituida o persona en concepto de sus servicios o bien subvenci\u00f3n, premio o beca. No es necesario enviar el <em>Formulario 1099-NEC<\/em>a las corporaciones o personas que hayan recibido pagos por menos de $600.<\/li>\n<li>Entregar el <em>Formulario W-2 del IRS<\/em> a los empleados que estuvieron en la n\u00f3mina el a\u00f1o calendario anterior antes del 31 de enero.<\/li>\n<li>Declarar a las agencias federales y estatales, as\u00ed como a la Administraci\u00f3n del Seguro Social, la informaci\u00f3n incluida en el <em>Formulario 1099<\/em> y el <em>Formulario W-2 del IRS<\/em> por el a\u00f1o calendario anterior antes del 28 de febrero, utilizando el <em>Formulario 1096 del IRS<\/em> (Resumen y comunicaci\u00f3n anual de la informaci\u00f3n de las declaraciones de los Estados Unidos).<\/li>\n<li>Informar al EDD de California sobre los contratistas independientes, en el <em>Formulario DE 542<\/em> del Estado, Informe sobre contratista(s) independiente(s) dentro de los 20 d\u00edas siguientes de haber hecho los pagos o firmado un contrato por $600 o m\u00e1s en cualquier a\u00f1o calendario.<\/li>\n<\/ul>\n","protected":false},"excerpt":{"rendered":"<p>Si la PTA es un empleador, debe cumplir las reglas establecidas por el IRS, la Administraci\u00f3n del Seguro Social y el Employment Development Department (EDD) de California. Los empleadores deben: Efectuar a tiempo los dep\u00f3sitos de retenci\u00f3n de la n\u00f3mina. Hacer los informes trimestrales de las retenciones federales y estatales de n\u00f3mina, dentro del plazo [&hellip;]<\/p>\n","protected":false},"author":8,"featured_media":0,"parent":3622,"menu_order":0,"comment_status":"closed","ping_status":"closed","template":"","meta":{"footnotes":""},"class_list":["post-3664","page","type-page","status-publish","hentry","entry"],"_links":{"self":[{"href":"https:\/\/toolkit.capta.org\/es\/wp-json\/wp\/v2\/pages\/3664","targetHints":{"allow":["GET"]}}],"collection":[{"href":"https:\/\/toolkit.capta.org\/es\/wp-json\/wp\/v2\/pages"}],"about":[{"href":"https:\/\/toolkit.capta.org\/es\/wp-json\/wp\/v2\/types\/page"}],"author":[{"embeddable":true,"href":"https:\/\/toolkit.capta.org\/es\/wp-json\/wp\/v2\/users\/8"}],"replies":[{"embeddable":true,"href":"https:\/\/toolkit.capta.org\/es\/wp-json\/wp\/v2\/comments?post=3664"}],"version-history":[{"count":1,"href":"https:\/\/toolkit.capta.org\/es\/wp-json\/wp\/v2\/pages\/3664\/revisions"}],"predecessor-version":[{"id":10585,"href":"https:\/\/toolkit.capta.org\/es\/wp-json\/wp\/v2\/pages\/3664\/revisions\/10585"}],"up":[{"embeddable":true,"href":"https:\/\/toolkit.capta.org\/es\/wp-json\/wp\/v2\/pages\/3622"}],"wp:attachment":[{"href":"https:\/\/toolkit.capta.org\/es\/wp-json\/wp\/v2\/media?parent=3664"}],"curies":[{"name":"wp","href":"https:\/\/api.w.org\/{rel}","templated":true}]}}