{"id":3668,"date":"2013-11-13T09:15:35","date_gmt":"2013-11-13T17:15:35","guid":{"rendered":"http:\/\/toolkit.capta.org\/finance\/pta-as-an-employer\/penalties\/"},"modified":"2015-01-29T16:26:26","modified_gmt":"2015-01-30T00:26:26","slug":"penalties","status":"publish","type":"page","link":"https:\/\/toolkit.capta.org\/es\/finance\/pta-as-an-employer\/penalties\/","title":{"rendered":"Sanciones"},"content":{"rendered":"<p>El incumplimiento del empleador de pagar impuestos vencidos o de retener del salario de un empleado los montos indicados, puede resultar en sanciones cuantiosas para el empleador. Para informaci\u00f3n detallada sobre las sanciones, consulte la actual <em>Publicaci\u00f3n 15 del IRS, la Circular E, la Gu\u00eda del impuesto al empleador<\/em> y la actual <em>Gu\u00eda del impuesto al empleador de California<\/em>.<\/p>\n<p>Pueden aplicarse sanciones si la PTA:<\/p>\n<ul>\n<li>No efect\u00faa a tiempo los dep\u00f3sitos requeridos.<\/li>\n<li>No efect\u00faa los dep\u00f3sitos en una instituci\u00f3n financiera autorizada.<\/li>\n<li>Hace el pago con la declaraci\u00f3n (los montos que pueden pagarse junto con una declaraci\u00f3n est\u00e1n limitados).<\/li>\n<\/ul>\n<p>Pueden aplicarse sanciones por cada mes entero o fracci\u00f3n de un mes, si el <em>Formulario 941 del IRS<\/em>, Declaraci\u00f3n trimestral de impuestos federales al empleador, no se presenta cuando est\u00e1 indicado, sin tomar en cuenta las extensiones en la fecha de vencimiento para su presentaci\u00f3n.<\/p>\n<p>La PTA puede adelantar pagos del Cr\u00e9dito por Ingreso Devengado (EIC, por sus siglas en ingl\u00e9s) a los empleados que presenten el <em>Formulario W-5 del IRS<\/em>. Si la PTA no lo hace as\u00ed, estar\u00e1 sujeta a una sanci\u00f3n igual al monto de los pagos adelantados del EIC que no se efectuaron.<\/p>\n<p>Una sanci\u00f3n puede ser impuesta si la PTA deja de presentar (en papel o por medios electr\u00f3nicos) una Declaraci\u00f3n Informativa (<em>Formularios\u00a0del IRS W-2<\/em> y <em>1099-MISC <\/em>) o declara informaci\u00f3n incorrecta. La PTA que no hace la retenci\u00f3n de un impuesto o no paga un impuesto retenido, ser\u00e1 culpable de un delito menor y la(s) parte(s) responsable(s) podr\u00e1(n) ser encarcelada(s) y\/o multada(s).<\/p>\n","protected":false},"excerpt":{"rendered":"<p>El incumplimiento del empleador de pagar impuestos vencidos o de retener del salario de un empleado los montos indicados, puede resultar en sanciones cuantiosas para el empleador. Para informaci\u00f3n detallada sobre las sanciones, consulte la actual Publicaci\u00f3n 15 del IRS, la Circular E, la Gu\u00eda del impuesto al empleador y la actual Gu\u00eda del impuesto [&hellip;]<\/p>\n","protected":false},"author":8,"featured_media":0,"parent":3622,"menu_order":0,"comment_status":"closed","ping_status":"closed","template":"","meta":{"footnotes":""},"class_list":["post-3668","page","type-page","status-publish","hentry","entry"],"_links":{"self":[{"href":"https:\/\/toolkit.capta.org\/es\/wp-json\/wp\/v2\/pages\/3668","targetHints":{"allow":["GET"]}}],"collection":[{"href":"https:\/\/toolkit.capta.org\/es\/wp-json\/wp\/v2\/pages"}],"about":[{"href":"https:\/\/toolkit.capta.org\/es\/wp-json\/wp\/v2\/types\/page"}],"author":[{"embeddable":true,"href":"https:\/\/toolkit.capta.org\/es\/wp-json\/wp\/v2\/users\/8"}],"replies":[{"embeddable":true,"href":"https:\/\/toolkit.capta.org\/es\/wp-json\/wp\/v2\/comments?post=3668"}],"version-history":[{"count":0,"href":"https:\/\/toolkit.capta.org\/es\/wp-json\/wp\/v2\/pages\/3668\/revisions"}],"up":[{"embeddable":true,"href":"https:\/\/toolkit.capta.org\/es\/wp-json\/wp\/v2\/pages\/3622"}],"wp:attachment":[{"href":"https:\/\/toolkit.capta.org\/es\/wp-json\/wp\/v2\/media?parent=3668"}],"curies":[{"name":"wp","href":"https:\/\/api.w.org\/{rel}","templated":true}]}}