{"id":3671,"date":"2013-11-13T09:16:25","date_gmt":"2013-11-13T17:16:25","guid":{"rendered":"http:\/\/toolkit.capta.org\/finance\/pta-as-an-employer\/filing-requirements-for-independent-contractors\/"},"modified":"2023-08-09T12:48:58","modified_gmt":"2023-08-09T19:48:58","slug":"filing-requirements-for-independent-contractors","status":"publish","type":"page","link":"https:\/\/toolkit.capta.org\/es\/finance\/pta-as-an-employer\/filing-requirements-for-independent-contractors\/","title":{"rendered":"Requisitos de la declaraci\u00f3n de contratistas independientes"},"content":{"rendered":"<p>Cualquier contratista o proveedor independiente que no est\u00e9 incorporado (o tratado como una corporaci\u00f3n para fines fiscales) y que reciba un pago de $600 o m\u00e1s por servicios en un a\u00f1o calendario, debe recibir un <em>Formulario 1099 NEC<\/em> del IRS antes del 31 de enero. Cualquier contratista o proveedor independiente que se le pag\u00f3 menos de $600 por\u00a0 servicios y solicite un 1099 NEC se le debe proporcionar uno.<\/p>\n<p>Las excepciones incluyen:<\/p>\n<ul>\n<li>Pagos de $600 o m\u00e1s a un licenciado\/abogado deben ser declarados, independientemente de si el abogado\/firma empleado est\u00e1 incorporado.<\/li>\n<li>Pagos hechos con un procesador de pagos financieros (como PayPal) no requieren un <em>NEC 1099<\/em> ya que el procesador de pagos emitir\u00e1 un<\/li>\n<li>Pagos a otras organizaciones exentas de impuestos no requieren un 1099 NEC.<\/li>\n<\/ul>\n<p>Las PTAs deben solicitar un Formulario W-9 (<em>Solicitud de N\u00famero de Identificaci\u00f3n de Impuestos)<\/em> de cualquier contratista o proveedor a quien se espera pagar $600 o m\u00e1s por servicios en un a\u00f1o calendario. El W-9 indicar\u00e1 si el contratista\/proveedor est\u00e1 incorporado (o tratado como una incorporaci\u00f3n para prop\u00f3sitos de impuestos) y por lo tanto si se puede requerir un <em>NEC 1099<\/em>. Las PTAs no necesitan solicitar un W-9 a proveedores que proporcionan bienes o mercanc\u00eda.<\/p>\n<p>La PTA debe declarar al EDD de California las personas que son contratistas independientes, en el <em>Formulario DE 542<\/em>, Informe sobre contratista(s) independiente(s), a m\u00e1s tardar 20 d\u00edas despu\u00e9s de efectuar pagos o firmar un contrato por $600 o m\u00e1s durante cualquier a\u00f1o calendario.<\/p>\n<p>El EDD puede aplicar una sanci\u00f3n de $24 cada vez que no se cumpla el calendario establecido. Una sanci\u00f3n de $490, por ejemplo, podr\u00eda aplicarse por no declarar informaci\u00f3n sobre contratistas independientes. Para obtener el <em>Formulario DE 542<\/em>, visite el sitio Web del EDD en www.edd.ca.gov.<\/p>\n","protected":false},"excerpt":{"rendered":"<p>Cualquier contratista o proveedor independiente que no est\u00e9 incorporado (o tratado como una corporaci\u00f3n para fines fiscales) y que reciba un pago de $600 o m\u00e1s por servicios en un a\u00f1o calendario, debe recibir un Formulario 1099 NEC del IRS antes del 31 de enero. Cualquier contratista o proveedor independiente que se le pag\u00f3 menos [&hellip;]<\/p>\n","protected":false},"author":8,"featured_media":0,"parent":3622,"menu_order":0,"comment_status":"closed","ping_status":"closed","template":"","meta":{"footnotes":""},"class_list":["post-3671","page","type-page","status-publish","hentry","entry"],"_links":{"self":[{"href":"https:\/\/toolkit.capta.org\/es\/wp-json\/wp\/v2\/pages\/3671","targetHints":{"allow":["GET"]}}],"collection":[{"href":"https:\/\/toolkit.capta.org\/es\/wp-json\/wp\/v2\/pages"}],"about":[{"href":"https:\/\/toolkit.capta.org\/es\/wp-json\/wp\/v2\/types\/page"}],"author":[{"embeddable":true,"href":"https:\/\/toolkit.capta.org\/es\/wp-json\/wp\/v2\/users\/8"}],"replies":[{"embeddable":true,"href":"https:\/\/toolkit.capta.org\/es\/wp-json\/wp\/v2\/comments?post=3671"}],"version-history":[{"count":3,"href":"https:\/\/toolkit.capta.org\/es\/wp-json\/wp\/v2\/pages\/3671\/revisions"}],"predecessor-version":[{"id":11104,"href":"https:\/\/toolkit.capta.org\/es\/wp-json\/wp\/v2\/pages\/3671\/revisions\/11104"}],"up":[{"embeddable":true,"href":"https:\/\/toolkit.capta.org\/es\/wp-json\/wp\/v2\/pages\/3622"}],"wp:attachment":[{"href":"https:\/\/toolkit.capta.org\/es\/wp-json\/wp\/v2\/media?parent=3671"}],"curies":[{"name":"wp","href":"https:\/\/api.w.org\/{rel}","templated":true}]}}