{"id":3675,"date":"2013-10-29T17:22:11","date_gmt":"2013-10-30T00:22:11","guid":{"rendered":"http:\/\/toolkit.capta.org\/finance\/insurance\/"},"modified":"2020-12-22T18:02:41","modified_gmt":"2020-12-23T02:02:41","slug":"insurance","status":"publish","type":"page","link":"https:\/\/toolkit.capta.org\/es\/finance\/insurance\/","title":{"rendered":"Seguro"},"content":{"rendered":"<p><strong>Reclamaciones de seguros<br \/>\n<\/strong><\/p>\n<p>Por favor consulte a la actual <a href=\"http:\/\/downloads.capta.org\/Leaders\/Insurance\/CAPTAInsuranceGuide_SPANISH_2021.pdf\"><em>Gu\u00eda de seguros<\/em><\/a> para informaci\u00f3n sobre reclamaciones de seguros.<em><br \/>\n<\/em><\/p>\n<p><a href=\"https:\/\/toolkit.capta.org\/es\/finance\/insurance\/mismanagement-of-fundsembezzlement\/\">Mala administraci\u00f3n de fondos o malversaci\u00f3n<\/a><\/p>\n<p>&nbsp;<\/p>\n","protected":false},"excerpt":{"rendered":"<p>Reclamaciones de seguros Por favor consulte a la actual Gu\u00eda de seguros para informaci\u00f3n sobre reclamaciones de seguros. Mala administraci\u00f3n de fondos o malversaci\u00f3n &nbsp;<\/p>\n","protected":false},"author":8,"featured_media":0,"parent":3057,"menu_order":0,"comment_status":"closed","ping_status":"closed","template":"","meta":{"footnotes":""},"class_list":["post-3675","page","type-page","status-publish","hentry","entry"],"_links":{"self":[{"href":"https:\/\/toolkit.capta.org\/es\/wp-json\/wp\/v2\/pages\/3675","targetHints":{"allow":["GET"]}}],"collection":[{"href":"https:\/\/toolkit.capta.org\/es\/wp-json\/wp\/v2\/pages"}],"about":[{"href":"https:\/\/toolkit.capta.org\/es\/wp-json\/wp\/v2\/types\/page"}],"author":[{"embeddable":true,"href":"https:\/\/toolkit.capta.org\/es\/wp-json\/wp\/v2\/users\/8"}],"replies":[{"embeddable":true,"href":"https:\/\/toolkit.capta.org\/es\/wp-json\/wp\/v2\/comments?post=3675"}],"version-history":[{"count":4,"href":"https:\/\/toolkit.capta.org\/es\/wp-json\/wp\/v2\/pages\/3675\/revisions"}],"predecessor-version":[{"id":10588,"href":"https:\/\/toolkit.capta.org\/es\/wp-json\/wp\/v2\/pages\/3675\/revisions\/10588"}],"up":[{"embeddable":true,"href":"https:\/\/toolkit.capta.org\/es\/wp-json\/wp\/v2\/pages\/3057"}],"wp:attachment":[{"href":"https:\/\/toolkit.capta.org\/es\/wp-json\/wp\/v2\/media?parent=3675"}],"curies":[{"name":"wp","href":"https:\/\/api.w.org\/{rel}","templated":true}]}}