{"id":3740,"date":"2013-11-13T09:43:57","date_gmt":"2013-11-13T17:43:57","guid":{"rendered":"http:\/\/toolkit.capta.org\/finance\/insurance\/mismanagement-of-fundsembezzlement\/"},"modified":"2024-05-21T14:16:41","modified_gmt":"2024-05-21T21:16:41","slug":"mismanagement-of-fundsembezzlement","status":"publish","type":"page","link":"https:\/\/toolkit.capta.org\/es\/finance\/insurance\/mismanagement-of-fundsembezzlement\/","title":{"rendered":"Mala administraci\u00f3n de fondos o malversaci\u00f3n"},"content":{"rendered":"<p>Malo manejo de fondos se refiere a la p\u00e9rdida potencial o el mal uso de fondos de la PTA y genera dudas acerca de la integridad de la(s) persona(s) a cargo de los fondos de la PTA. Dichos fondos se protegen al seguir los procedimientos financieros correctos. Cada miembro de la junta ejecutiva de la PTA tiene la responsabilidad fiduciaria (requerida por el Servicio de Recaudaci\u00f3n de Impuestos [IRS] a todas las organizaciones sin fines de lucro) de salvaguardar los bienes de la asociaci\u00f3n y potencialmente dejar en claro a las personas que puedan estar involucradas.<\/p>\n<p>Hay varias se\u00f1ales de un posible mal manejo de fondos: falta de recibos; pagos hechos en efectivo en lugar de con cheque; funcionarios de finanzas que no asisten a las reuniones y llamadas o correo sin contestar. Sin embargo, \u00e9stas son solamente se\u00f1ales y no prueba de que se haya hecho algo malo, as\u00ed que sea discreto. No haga ninguna declaraci\u00f3n ni acusaci\u00f3n impl\u00edcita ni expl\u00edcita, verbal ni escrita. Tales acciones pueden originar una demanda por libelo o calumnia.<\/p>\n<p>Notifique al presidente del distrito de la PTA o al vicepresidente de la PTA de California para servicios de liderazgo y\/o al tesorero estatal. Revise la informaci\u00f3n con la gu\u00eda de uno m\u00e1s de estos l\u00edderes de la PTA, y bajo la gu\u00eda del presidente de distrito, revise la informaci\u00f3n y determine el curso de acci\u00f3n apropiado. <span lang=\"es-419\">Los procedimientos espec\u00edficos de la PTA se describen en la <i>Gu\u00eda para L\u00edderes de Consejo y Distrito <\/i>de la PTA del Estado de California, que est\u00e1 disponible a las PTAs de consejos y distritos.<\/span><\/p>\n<p>Los posibles malos manejos\/apropiaci\u00f3n indebida de fondos de la PTA son responsabilidad de la PTA, por ello, deben seguirse las normas y procedimientos de la PTA. Ni el director ni ninguna otra persona del personal del distrito escolar determinar\u00e1 ni asumir\u00e1 ning\u00fan otro curso de acci\u00f3n por la PTA.<\/p>\n<p>No haga ninguna acusaci\u00f3n directa. No acepte ninguna oferta de pago directo de una persona, a menos que el pago del monto total revisado financieramente deba realizarse en efectivo, cheque certificado o giro postal.\u00a0Es importante reportar la p\u00e9rdida al distrito de la PTA y al corredor de seguros inmediatamente.<\/p>\n<p>El robo en cualquiera de sus formas es una violaci\u00f3n de la ley y debe tratarse como una transgresi\u00f3n grave. Si hay robo de dinero del carro o de la propiedad de una persona, se debe hacer un reporte policiaco inmediatamente y se debe poner en contacto con la compa\u00f1\u00eda de seguros de la persona para determinar la cobertura.<\/p>\n","protected":false},"excerpt":{"rendered":"<p>Malo manejo de fondos se refiere a la p\u00e9rdida potencial o el mal uso de fondos de la PTA y genera dudas acerca de la integridad de la(s) persona(s) a cargo de los fondos de la PTA. Dichos fondos se protegen al seguir los procedimientos financieros correctos. Cada miembro de la junta ejecutiva de la [&hellip;]<\/p>\n","protected":false},"author":8,"featured_media":0,"parent":3675,"menu_order":0,"comment_status":"closed","ping_status":"closed","template":"","meta":{"footnotes":""},"class_list":["post-3740","page","type-page","status-publish","hentry","entry"],"_links":{"self":[{"href":"https:\/\/toolkit.capta.org\/es\/wp-json\/wp\/v2\/pages\/3740","targetHints":{"allow":["GET"]}}],"collection":[{"href":"https:\/\/toolkit.capta.org\/es\/wp-json\/wp\/v2\/pages"}],"about":[{"href":"https:\/\/toolkit.capta.org\/es\/wp-json\/wp\/v2\/types\/page"}],"author":[{"embeddable":true,"href":"https:\/\/toolkit.capta.org\/es\/wp-json\/wp\/v2\/users\/8"}],"replies":[{"embeddable":true,"href":"https:\/\/toolkit.capta.org\/es\/wp-json\/wp\/v2\/comments?post=3740"}],"version-history":[{"count":2,"href":"https:\/\/toolkit.capta.org\/es\/wp-json\/wp\/v2\/pages\/3740\/revisions"}],"predecessor-version":[{"id":11221,"href":"https:\/\/toolkit.capta.org\/es\/wp-json\/wp\/v2\/pages\/3740\/revisions\/11221"}],"up":[{"embeddable":true,"href":"https:\/\/toolkit.capta.org\/es\/wp-json\/wp\/v2\/pages\/3675"}],"wp:attachment":[{"href":"https:\/\/toolkit.capta.org\/es\/wp-json\/wp\/v2\/media?parent=3740"}],"curies":[{"name":"wp","href":"https:\/\/api.w.org\/{rel}","templated":true}]}}