{"id":3959,"date":"2013-08-22T11:24:00","date_gmt":"2013-08-22T18:24:00","guid":{"rendered":"http:\/\/toolkit.capta.org\/membership\/membership-basics\/"},"modified":"2018-12-12T12:47:49","modified_gmt":"2018-12-12T20:47:49","slug":"membership-basics","status":"publish","type":"page","link":"https:\/\/toolkit.capta.org\/es\/membership\/membership-basics\/","title":{"rendered":"Lo b\u00e1sico de la afiliaci\u00f3n a la PTA"},"content":{"rendered":"<p>Aun que la responsabilidad de la afiliaci\u00f3n es de toda la mesa directiva de la PTA, cada PTA debe tener un l\u00edder de membres\u00eda designado. Los presidentes de la afiliaci\u00f3n son nombrados, los vicepresidentes son electos. Para obtener m\u00e1s informaci\u00f3n sobre las responsabilidades del presidente\/vicepresidente de Afiliaci\u00f3n\u00a0 de la unidad de la PTA, ver <a title=\"Job Descriptions for Membership Chairman\" href=\"https:\/\/toolkit.capta.org\/es\/job-descriptions\/membership-chairman\/\">Descripci\u00f3n de funciones para el presidente\/vicepresidente de Afiliaci\u00f3n<\/a> en la <em>Carpeta de recursos de la PTA<\/em>.<\/p>\n<p>El presidente\/vicepresidente trabaja con el comit\u00e9 de la afiliaci\u00f3n y se desempe\u00f1a como presidente. El Comit\u00e9 de la afiliaci\u00f3n est\u00e1 integrado por miembros designados por el presidente o el presidente electo, si el comit\u00e9 se forma antes de que comience el a\u00f1o escolar. El comit\u00e9 debe incluir los siguientes miembros, maestros y estudiantes, si corresponde, y deben representar a su poblaci\u00f3n escolar. Bajo la direcci\u00f3n del presidente\/vicepresidente de membres\u00eda, el comit\u00e9 de membres\u00eda:<\/p>\n<ul>\n<li>establece metas de afiliaci\u00f3n,<\/li>\n<li>dise\u00f1a un plan de marketing de promoci\u00f3n y divulgaci\u00f3n de membres\u00eda,<\/li>\n<li>establece un calendario de eventos y actividades durante todo el a\u00f1o escolar,<\/li>\n<li>plan de afiliaci\u00f3n de promoci\u00f3n y propaganda,<\/li>\n<li>presenta un presupuesto para apoyar el programa de membres\u00eda, implementa y eval\u00faa el plan final.<\/li>\n<\/ul>\n<p>El plan de la afiliaci\u00f3n debe ser aprobado por la mesa directiva ejecutiva.<\/p>\n<h3>Establecimiento del plan de marketing de afiliaci\u00f3n<\/h3>\n<p>Establecer metas de membres\u00eda.<\/p>\n<p>Planifique una campa\u00f1a de promoci\u00f3n de membres\u00eda que utiliza una variedad de m\u00e9todos y actividades que promuevan el valor de la membres\u00eda de la PTA. Visite la p\u00e1gina web de la PTA de California, <a title=\"California State PTA\" href=\"http:\/\/capta.org\/\">capta.org<\/a> y el sitio web de la PTA Nacional, <a title=\"California State PTA\" href=\"http:\/\/capta.org\/\">pta.org<\/a>, para obtener ideas para la campa\u00f1a de membres\u00eda, y para ver los actuales recursos, incentivos y programas de premios.<\/p>\n<p>Su plan de membres\u00eda debe incluir un tema, y cuando sea necesario, un calendario y presupuesto de la afiliaci\u00f3n.<\/p>\n<p><div id=\"wp-spoiler-1\" class=\"wp-spoiler wpui-hashable wpui-light wpui-styles\" data-style=\"wpui-light\">  <h3 class=\"wp-spoiler-title wpui-hashable fade-true slide-true open-false\"><strong>Tema de afiliaci\u00f3n<\/strong><\/h3><div class=\"wpui-hidden wp-spoiler-content\">Establezca un tema para su campa\u00f1a de afiliaci\u00f3n, cuando sea necesario. Elegir el tema adecuado para su PTA puede hacer una gran diferencia en el crecimiento de su membres\u00eda durante el a\u00f1o. El comit\u00e9 de afiliaci\u00f3n, el presidente\/vicepresidente y presidente deben trabajar en conjunto para desarrollar el tema de afiliaci\u00f3n.<\/p>\n<p>Para obtener ideas de temas, visite <a href=\"http:\/\/capta.org\/pta-leaders\/run-your-pta\/building-membership\/ways-to-increase-pta-membership\/membership-theme-ideas\/\" target=\"_blank\" rel=\"noopener\">ideas de tema de afiliaci\u00f3n<\/a><\/p>\n<ul>\n<li>Las PTAs pueden elegir el tema actual de la PTA del Estado de California o de la PTA Nacional.<\/li>\n<li>La mascota escolar o un s\u00edmbolo comunitario pueden servir como inspiraci\u00f3n para el tema.<\/li>\n<li>El tema debe ser atractivo para todos los que su PTA est\u00e1 tratando de inscribir.<\/li>\n<li>Considere el uso de incentivos y recompensas relacionadas al tema para promover el aumento de socios.<\/li>\n<\/ul>\n<p><\/div>  <\/div><!-- end div.wp-spoiler --><div id=\"wp-spoiler-2\" class=\"wp-spoiler wpui-hashable wpui-light wpui-styles\" data-style=\"wpui-light\">  <h3 class=\"wp-spoiler-title wpui-hashable fade-true slide-true open-false\"><strong>Calendario y presupuesto de la afiliaci\u00f3n<\/strong><\/h3><div class=\"wpui-hidden wp-spoiler-content\">La promoci\u00f3n de membres\u00eda es de todo el a\u00f1o y debe incluir un plan de lanzamiento y tambi\u00e9n para mediados del a\u00f1o. Trabaje con el presidente y el director para establecer fechas de eventos de promoci\u00f3n de la afiliaci\u00f3n en el calendario. Incluya las fechas de vencimiento establecidas por el consejo y las PTAs del distrito para cuando las cuotas de afiliaci\u00f3n se deben enviar, y premios e incentivos.\u00a0Las PTA\/ PTSAs que utilizan el sistema de membres\u00eda electr\u00f3nica que remiten directamente a otros niveles de la PTA no tienen que remitir las cuotas per c\u00e1pita de esos miembros.<\/p>\n<p>El a\u00f1o de membres\u00eda de California comienza el 1 de julio y termina el 30 de junio.<\/p>\n<p>Prepare un presupuesto de afiliaci\u00f3n y pres\u00e9ntelo a la mesa directiva ejecutiva. Incluya una lista de los gastos de promoci\u00f3n de la afiliaci\u00f3n, incentivos y eventos para todo el a\u00f1o. Si su PTA utiliza los sobres de la PTA del Estado de California, el presupuesto tambi\u00e9n debe incluir el costo de los sobres que se compraron.<\/p>\n<p><\/div>  <\/div><!-- end div.wp-spoiler --><div id=\"wp-spoiler-3\" class=\"wp-spoiler wpui-hashable wpui-light wpui-styles\" data-style=\"wpui-light\">  <h3 class=\"wp-spoiler-title wpui-hashable fade-true slide-true open-false\"><strong>Implementaci\u00f3n de un plan de marketing de afiliaci\u00f3n<\/strong><\/h3><div class=\"wpui-hidden wp-spoiler-content\">Es la responsabilidad del presidente\/vicepresidente y del comit\u00e9 de afiliaci\u00f3n implementar el plan de marketing de afiliaci\u00f3n. Las responsabilidades deben ser compartidas por los miembros del comit\u00e9 de membres\u00eda. Los deberes pueden incluir:<\/p>\n<ul>\n<li>preparar cartas de invitaci\u00f3n o los paquetes de <a href=\"https:\/\/capta.org\/pta-leaders\/run-your-pta\/building-membership\/\">Marketing de Membres\u00eda con folletos personalizables e instrucciones<\/a> y sobres para el primer d\u00eda de clases o para las inscripciones escolares;<\/li>\n<li>escribir\/preparar una invitaci\u00f3n para unirse con el enlace \u00a0a la membres\u00eda electr\u00f3nica;<\/li>\n<li>preparar invitaciones para que los maestros, personal y administradores se inscriban;<\/li>\n<li>compartir las responsabilidades en eventos de lanzamiento y promoci\u00f3n;<\/li>\n<li>preparar folletos promocionales, pancartas, carteles, publicaciones de medios sociales, etc.;<\/li>\n<li>enviar invitaci\u00f3n para unirse con el enlace a la membres\u00eda electr\u00f3nica a todos los miembros anteriores.<\/li>\n<li>pedirle al administrador del sitio escolar que env\u00ede una invitaci\u00f3n para que se unan a la PTA (que incluya el enlace a la membres\u00eda electr\u00f3nica) a la lista de todos los familias\/tutores<\/li>\n<li>dar seguimiento al progreso de promoci\u00f3n para los incentivos y premios;<\/li>\n<li>trabajar en un taquilla de promoci\u00f3n de la afiliaci\u00f3n o en una mesa de eventos escolares o comunitarios;<\/li>\n<li>escribir\/preparar invitaciones especiales para l\u00edderes comunitarios, l\u00edderes de negocios locales, funcionarios electos, miembros de la comunidad, proveedores de programas extracurriculares, l\u00edderes anteriores de la PTA, ganadores anteriores del Premio Honorifico al Servicio, maestros retirados, administradores o miembros del personal. \u00a1Invite a todos a unirse a la PTA!<\/li>\n<li>preparar paquete de bienvenida para las personas son nuevas a la escuela<\/li>\n<li>preparar\/imprimir letreros de \u00abUnirse a la PTA\u00bb que incluya el c\u00f3digo QR para la membres\u00eda electr\u00f3nica<\/li>\n<li>hacer un tablero de anuncios que destaque las actividades de la PTA\/ PTSA y que\u00a0 incluya un enlace para unirse con el c\u00f3digo\/QR<\/li>\n<li>desarrollar un plan\/calendario para que el personal de membres\u00eda est\u00e9 presente en los eventos de la PTA<\/li>\n<li>desarrollar un plan\/ calendario para hablar con grupos clave de la escuela y la comunidad<\/li>\n<\/ul>\n<p><\/div>  <\/div><!-- end div.wp-spoiler --><div id=\"wp-spoiler-4\" class=\"wp-spoiler wpui-hashable wpui-light wpui-styles\" data-style=\"wpui-light\">  <h3 class=\"wp-spoiler-title wpui-hashable fade-true slide-true open-false\"><strong>Sobres de afiliaci\u00f3n<\/strong><\/h3><div class=\"wpui-hidden wp-spoiler-content\">Los sobres de la afiliaci\u00f3n se pueden comprar del consejo o distrito a bajo costo. Pueden ser utilizados para motivar la participaci\u00f3n de socios. Los sobres se pueden incluir en el paquete de bienvenida o registro escolar y se pueden utilizar para reunir informaci\u00f3n pertinente acerca de los miembros. Dos miembros de la mesa directiva deben estar presentes cuando se abren los sobres de afiliaci\u00f3n. Siempre se deben seguir los procedimientos financieros adecuados de la PTA.<\/div>  <\/div><!-- end div.wp-spoiler --><\/p>\n<p><div id=\"wp-spoiler-5\" class=\"wp-spoiler wpui-hashable wpui-light wpui-styles\" data-style=\"wpui-light\">  <h3 class=\"wp-spoiler-title wpui-hashable fade-true slide-true open-false\"><strong>Cuota de afiliaci\u00f3n<\/strong><\/h3><div class=\"wpui-hidden wp-spoiler-content\">La membres\u00eda es v\u00e1lida en el momento que la cuota se paga aun que ciertos derechos no se pueden activar hasta despu\u00e9s de treinta d\u00edas que se pago, tales como el derecho de presentar mociones, debatir, sostener un cargo electivo y votar. Una porci\u00f3n del pago de la cuota de membres\u00eda recibida se queda en su unidad. Las campa\u00f1as de afiliaci\u00f3n no deben ser consideradas para recaudar fondos. Las cuotas deben mantenerse a un costo accesible para que todos se puedan inscribir.<\/p>\n<p>Una parte de las cuotas de membres\u00eda colectadas se quedan en su unidad, y una parte de las cuotas de membres\u00eda (conocida como per c\u00e1pita) se env\u00eda a trav\u00e9s de los canales al consejo, distrito, estado y PTA Nacional. Estos fondos se utilizan para apoyar esos niveles de la PTA que, a cambio, apoyan a la unidad con liderazgo, capacitaci\u00f3n, defensa y otros servicios necesarios. El sistema de membres\u00eda electr\u00f3nica remite autom\u00e1ticamente las cuotas per c\u00e1pita apropiadas a todos los niveles de la PTA de las membres\u00edas compradas por medio del sistema.<\/p>\n<p>El costo de cuotas puede variar en cantidad en cada PTA, y est\u00e1n registradas en las normas de funcionamiento de la unidad local de la PTA. El costo de las cuotas s\u00f3lo se puede modificar actualizando las normas de funcionamiento de la unidad y present\u00e1ndolas a trav\u00e9s de canales para su aprobaci\u00f3n por el parlamentario de la PTA del Estado de California. Un aumento de cuotas iniciada por la unidad no entrar\u00e1 en vigor hasta que los estatutos de la asociaci\u00f3n se hayan actualizado y aprobado por los miembros.<\/p>\n<p>La parte de las cuotas que no pertenece a la unidad (per c\u00e1pita) debe enviarse a trav\u00e9s de los canales apropiados al menos una vez al mes. Una vez que las cuotas se han enviado a trav\u00e9s de los canales, las cuotas no se pueden reembolsar a un miembro individual. Para permanecer en buen estatus, una unidad debe enviar la membres\u00eda <u>per c\u00e1pita<\/u> y las primas de seguro. La PTA del distrito ser\u00e1 notificada si alguna unidad \u201cno est\u00e1 en buen estatus\u201d\u00a0 por la PTA del Estado de California para el 15 de diciembre si no se han recibido las cuotas de por lo menos de 15 membres\u00edas. Si las cuotas no son enviadas antes del 31 de marzo, la unidad estar\u00e1 en \u00abestatus delincuente\u00bb y la membres\u00eda de fundador ser\u00e1 anulada por voto de los Gerentes de la Mesa Directiva de la PTA del Estado de California en la reuni\u00f3n de mayo\/abril.<\/p>\n<p>Se puede solicitar donaciones, pero las cuotas de afiliaci\u00f3n se deben reportar por separado en todos los registros e informes financieros.<\/p>\n<p>Los miembros se suscriben a nivel unidad de la PTA. Como miembros de la unidad de la PTA, tambi\u00e9n son miembros de su consejo, distrito, PTA del Estado de California y PTA Nacional, y al igual tambi\u00e9n est\u00e1n representados en estos niveles de la PTA.<\/p>\n<p><\/div>  <\/div><!-- end div.wp-spoiler --><div id=\"wp-spoiler-6\" class=\"wp-spoiler wpui-hashable wpui-light wpui-styles\" data-style=\"wpui-light\">  <h3 class=\"wp-spoiler-title wpui-hashable fade-true slide-true open-false\"><strong>Tarjetas de afiliaci\u00f3n<\/strong><\/h3><div class=\"wpui-hidden wp-spoiler-content\">Las tarjetas de afiliaci\u00f3n son entregadas por PTA de California y se distribuyen a trav\u00e9s de los canales de la PTA (las unidades las reciben de su consejo, si en el consejo o de su PTAs del distrito). Cada miembro debe recibir una tarjeta de miembro oficial de la unidad de PTA en cuanto se pague la cuota. Los miembros que se unan usando el sistema de membres\u00eda electr\u00f3nica autorizado por la PTA de California recibir\u00e1n tarjetas de membres\u00eda electr\u00f3nicas al unirse, por lo que la unidad no tendr\u00e1 que proporcionarles tarjetas de membres\u00eda de papel.<\/p>\n<p>Se debe poner la informaci\u00f3n de los miembros en la tarjeta antes de que la tarjeta de membres\u00eda sea distribuida. El n\u00famero nacional de unidad de la PTA es utilizado como el n\u00famero de identificaci\u00f3n de la unidad en la tarjeta de membres\u00eda. La informaci\u00f3n de los miembros puede ser impreso en la tarjeta utilizando una plantilla, la plantilla para la tarjeta de membres\u00eda est\u00e1 disponible en el <u>capta.org<\/u>. La informaci\u00f3n de la tarjeta de afiliaci\u00f3n tambi\u00e9n se puede escribir a mano o estampar. Las PTAs de los distritos ya tienen disponible tarjetas de membres\u00eda electr\u00f3nicas. Estas tarjetas electr\u00f3nicas que tienen el n\u00famero de identificaci\u00f3n de la unidad y el nombre del miembro, se pueden guardar en el tel\u00e9fono o tableta inteligente de los miembros, y sirven como prueba de que son miembros.<\/p>\n<p>El a\u00f1o de membres\u00eda de la PTA del Estado de California es 1\u00ba de julio a junio 30. <strong>Las tarjetas de membres\u00eda en California se vencen el 31 de octubre, lo que permite un per\u00edodo de gracia (1\u00ba de julio al 31 de octubre) para que nuestros miembros renueven su membres\u00eda<\/strong>. Durante este per\u00edodo de gracia, los miembros tienen derecho a sus derechos de membres\u00eda, incluyendo la aprobaci\u00f3n del presupuesto de la PTA y programa en las reuniones de la asociaci\u00f3n de verano o de oto\u00f1o.<\/p>\n<p>Cada PTA es una asociaci\u00f3n independiente e individual, los miembros que tienen ni\u00f1os en m\u00e1s de una escuela pueden pagar las cuotas para apoyar el PTA de la escuela de cada ni\u00f1o.<\/p>\n<p><\/div>  <\/div><!-- end div.wp-spoiler --><div id=\"wp-spoiler-7\" class=\"wp-spoiler wpui-hashable wpui-light wpui-styles\" data-style=\"wpui-light\">  <h3 class=\"wp-spoiler-title wpui-hashable fade-true slide-true open-false\"><strong>Informaci\u00f3n de contacto de los miembros y listas de afiliaci\u00f3n<\/strong><\/h3><div class=\"wpui-hidden wp-spoiler-content\">Cada directivo de afiliaci\u00f3n de la PTA debe mantener una lista de los socios. Una copia actualizada de dicha lista debe ser entregada regularmente al secretario y presidente. La lista debe incluir el nombre de los socios, informaci\u00f3n de contacto y la fecha en que el socio se suscribi\u00f3. Las listas deben mantenerse confidenciales dentro de la organizaci\u00f3n de la PTA. La PTA recomienda que las listas de miembros se mantengan por 3 a\u00f1os en el caso de una auditor\u00eda realizada por el Servicio de Impuestos Internos (IRS por sus siglas en ingl\u00e9s.)<\/div>  <\/div><!-- end div.wp-spoiler --><\/p>\n<div id=\"wp-spoiler-8\" class=\"wp-spoiler wpui-hashable wpui-light wpui-styles\" data-style=\"wpui-light\">  <h3 class=\"wp-spoiler-title wpui-hashable fade-true slide-true open-false\"><strong>Afiliaci\u00f3n<\/strong><\/h3><div class=\"wpui-hidden wp-spoiler-content\">Cualquier persona que se suscriba a los prop\u00f3sitos y las pol\u00edticas b\u00e1sicas de la PTA se convierte en un socio en cuanto pague las cuotas a una unidad de PTA o PTSA. La norma general es, una cuota pagada significa una tarjeta, una tarjeta significa un voto de asociaci\u00f3n.<\/div>  <\/div><!-- end div.wp-spoiler -->\n<p><div id=\"wp-spoiler-9\" class=\"wp-spoiler wpui-hashable wpui-light wpui-styles\" data-style=\"wpui-light\">  <h3 class=\"wp-spoiler-title wpui-hashable fade-true slide-true open-false\"><strong>Afiliaci\u00f3n de estudiantes<\/strong><\/h3><div class=\"wpui-hidden wp-spoiler-content\">La afiliaci\u00f3n de estudiantes es parte vital de la asociaci\u00f3n. Estudiantes de todas las edades pueden suscribirse a la Afiliaci\u00f3n. Ver la <a href=\"https:\/\/toolkit.capta.org\/es\/membership\/involving-students\/\">Participaci\u00f3n estudiantil<\/a> para mas informaci\u00f3n.<\/p>\n<p>Si una unidad de la PTA decide incluir una estructura de cuotas de membres\u00eda diferente para los estudiantes, los estatutos deben reflejar esta estructura. Las cuotas de membres\u00eda de los estudiantes deben ser al menos iguales a la porci\u00f3n de cuotas que se env\u00eda al consejo, distrito, estado y PTA Nacional.<\/p>\n<p><\/div>  <\/div><!-- end div.wp-spoiler --><div id=\"wp-spoiler-10\" class=\"wp-spoiler wpui-hashable wpui-light wpui-styles\" data-style=\"wpui-light\">  <h3 class=\"wp-spoiler-title wpui-hashable fade-true slide-true open-false\"><strong>Afiliaci\u00f3n de administradores\/maestros\/personal<\/strong><\/h3><div class=\"wpui-hidden wp-spoiler-content\">Los administradores, maestros y miembros del personal son valiosos miembros de la asociaci\u00f3n. Deben ser invitados a unirse y participar. Una unidad de la PTA puede optar por incluir una estructura de cuotas de afiliaci\u00f3n de maestros\/personal. Las normas de funcionamiento de la unidad deben incluir esa estructura de cuotas y debe ser al menos igual a la parte de las cuotas que se env\u00eda al consejo, distrito, estado y PTA Nacional.<\/div>  <\/div><!-- end div.wp-spoiler --><\/p>\n<div id=\"wp-spoiler-11\" class=\"wp-spoiler wpui-hashable wpui-light wpui-styles\" data-style=\"wpui-light\">  <h3 class=\"wp-spoiler-title wpui-hashable fade-true slide-true open-false\"><strong>Afiliaci\u00f3n familiar<\/strong><\/h3><div class=\"wpui-hidden wp-spoiler-content\">Si una unidad de LA PTA decide incluir una estructura de cuotas de membres\u00eda familiar, los estatutos deben reflejar esta estructura. El n\u00famero de miembros por familia debe especificarse, y las cuotas pagadas por miembro deben ser al menos iguales a la porci\u00f3n de las cuotas enviadas al consejo, distrito, estado y PTA nacional. Favor de consultar con el parlamentario de su distrito para lenguaje espec\u00edfico con respecto a la afiliaci\u00f3n de la familia.<\/div>  <\/div><!-- end div.wp-spoiler -->\n<div id=\"wp-spoiler-12\" class=\"wp-spoiler wpui-hashable wpui-light wpui-styles\" data-style=\"wpui-light\">  <h3 class=\"wp-spoiler-title wpui-hashable fade-true slide-true open-false\"><strong>Miembros fundadores<\/strong><\/h3><div class=\"wpui-hidden wp-spoiler-content\">Los miembros fundadores de una PTA son aquellos que pagan cuotas en la reuni\u00f3n organizativa de una PTA nueva. Los miembros en una reuni\u00f3n de\u00a0 dicha organizaci\u00f3n la cual toma lugar entre el 1\u00ba de abril y el 30 de junio se consideran miembros para el a\u00f1o siguiente y tienen derecho a una nueva tarjeta de membres\u00eda sin tener que pagar una cuota. Para obtener m\u00e1s informaci\u00f3n acerca de la Afiliaci\u00f3n de Miembros Fundadores, por favor p\u00f3ngase en contacto con su distrito local de la PTA.<\/div>  <\/div><!-- end div.wp-spoiler -->\n","protected":false},"excerpt":{"rendered":"<p>Aun que la responsabilidad de la afiliaci\u00f3n es de toda la mesa directiva de la PTA, cada PTA debe tener un l\u00edder de membres\u00eda designado. Los presidentes de la afiliaci\u00f3n son nombrados, los vicepresidentes son electos. Para obtener m\u00e1s informaci\u00f3n sobre las responsabilidades del presidente\/vicepresidente de Afiliaci\u00f3n\u00a0 de la unidad de la PTA, ver Descripci\u00f3n [&hellip;]<\/p>\n","protected":false},"author":8,"featured_media":0,"parent":3063,"menu_order":0,"comment_status":"closed","ping_status":"closed","template":"","meta":{"footnotes":""},"class_list":["post-3959","page","type-page","status-publish","hentry","entry"],"_links":{"self":[{"href":"https:\/\/toolkit.capta.org\/es\/wp-json\/wp\/v2\/pages\/3959","targetHints":{"allow":["GET"]}}],"collection":[{"href":"https:\/\/toolkit.capta.org\/es\/wp-json\/wp\/v2\/pages"}],"about":[{"href":"https:\/\/toolkit.capta.org\/es\/wp-json\/wp\/v2\/types\/page"}],"author":[{"embeddable":true,"href":"https:\/\/toolkit.capta.org\/es\/wp-json\/wp\/v2\/users\/8"}],"replies":[{"embeddable":true,"href":"https:\/\/toolkit.capta.org\/es\/wp-json\/wp\/v2\/comments?post=3959"}],"version-history":[{"count":3,"href":"https:\/\/toolkit.capta.org\/es\/wp-json\/wp\/v2\/pages\/3959\/revisions"}],"predecessor-version":[{"id":9641,"href":"https:\/\/toolkit.capta.org\/es\/wp-json\/wp\/v2\/pages\/3959\/revisions\/9641"}],"up":[{"embeddable":true,"href":"https:\/\/toolkit.capta.org\/es\/wp-json\/wp\/v2\/pages\/3063"}],"wp:attachment":[{"href":"https:\/\/toolkit.capta.org\/es\/wp-json\/wp\/v2\/media?parent=3959"}],"curies":[{"name":"wp","href":"https:\/\/api.w.org\/{rel}","templated":true}]}}