{"id":3982,"date":"2013-11-14T17:17:32","date_gmt":"2013-11-15T01:17:32","guid":{"rendered":"http:\/\/toolkit.capta.org\/programs\/advocacy-action-plans\/"},"modified":"2017-10-05T16:23:30","modified_gmt":"2017-10-05T23:23:30","slug":"advocacy-action-plans","status":"publish","type":"page","link":"https:\/\/toolkit.capta.org\/es\/programs\/advocacy-action-plans\/","title":{"rendered":"Planes de acci\u00f3n de promoci\u00f3n"},"content":{"rendered":"<p>Determine si un problema identificado realmente constituye una dificultad que se debe abordar por medio de un plan de acci\u00f3n comunitaria.<\/p>\n<p><strong>Planes de acci\u00f3n<br \/>\n<\/strong><a href=\"https:\/\/toolkit.capta.org\/es\/programs\/advocacy-action-plans\/recommended-actions\/\">Acciones recomendadas<\/a><br \/>\n<a href=\"https:\/\/toolkit.capta.org\/es\/programs\/advocacy-action-plans\/how-to-make-a-study\/\">C\u00f3mo llevar a cabo un estudio<\/a><br \/>\n<a href=\"https:\/\/toolkit.capta.org\/es\/programs\/advocacy-action-plans\/develop-an-action-plan\/\">Desarrollo de un plan de acci\u00f3n<\/a><br \/>\n<a href=\"https:\/\/toolkit.capta.org\/es\/programs\/advocacy-action-plans\/evaluate-success-of-the-plan\/\">Evaluaci\u00f3n del \u00e9xito del plan<\/a><\/p>\n<p><a href=\"https:\/\/toolkit.capta.org\/es\/programs\/advocacy-action-plans\/absentees-and-dropouts\/\">Absentismo y deserci\u00f3n<\/a>\u00a0&#8211; Educaci\u00f3n<strong><br \/>\n<\/strong><a href=\"https:\/\/toolkit.capta.org\/es\/programs\/advocacy-action-plans\/child-abuse-prevention\/\">Prevenci\u00f3n del maltrato infantil<\/a> &#8211; Asuntos Comunitarios<br \/>\n<a href=\"https:\/\/toolkit.capta.org\/es\/programs\/advocacy-action-plans\/child-restraints-and-seat-belts\/\">Dispositivos de sujeci\u00f3n para ni\u00f1os y cinturones de seguridad<\/a> &#8211; Asuntos Comunitarios<br \/>\n<a href=\"https:\/\/toolkit.capta.org\/es\/programs\/advocacy-action-plans\/citizenship\/\">Educaci\u00f3n c\u00edvica<\/a> &#8211; Asuntos Comunitarios<br \/>\n<a href=\"https:\/\/toolkit.capta.org\/es\/programs\/advocacy-action-plans\/education\/\">Educaci\u00f3n<\/a><br \/>\n<a href=\"https:\/\/toolkit.capta.org\/es\/programs\/advocacy-action-plans\/environmental-protection\/\">Protecci\u00f3n ambiental<\/a> &#8211; Salud<br \/>\n<a href=\"https:\/\/toolkit.capta.org\/es\/programs\/advocacy-action-plans\/gangs\/\">Pandillas<\/a> &#8211; Asuntos Comunitarios<br \/>\n<a href=\"https:\/\/toolkit.capta.org\/es\/programs\/advocacy-action-plans\/health\/\">Salud<\/a><br \/>\n<a href=\"https:\/\/toolkit.capta.org\/es\/programs\/advocacy-action-plans\/homeless-families-and-children\/\">Familias y ni\u00f1os sin hogar<\/a> &#8211; Asuntos Comunitarios<br \/>\n<a href=\"https:\/\/toolkit.capta.org\/es\/programs\/advocacy-action-plans\/library-and-media-facilities-in-schools\/\">Bibliotecas e instalaciones de medios informativos<\/a> &#8211; Educaci\u00f3n<br \/>\n<a href=\"https:\/\/toolkit.capta.org\/es\/programs\/advocacy-action-plans\/missing-and-exploited-children\/\">Ni\u00f1os desaparecidos y explotados<\/a>\u00a0 &#8211; Asuntos Comunitarios<br \/>\n<a href=\"https:\/\/toolkit.capta.org\/es\/programs\/advocacy-action-plans\/safetydisaster-preparedness\/\">Seguridad \/Preparaci\u00f3n para desastres<\/a> &#8211; Asuntos Comunitarios<\/p>\n<p>&nbsp;<\/p>\n","protected":false},"excerpt":{"rendered":"<p>Determine si un problema identificado realmente constituye una dificultad que se debe abordar por medio de un plan de acci\u00f3n comunitaria. Planes de acci\u00f3n Acciones recomendadas C\u00f3mo llevar a cabo un estudio Desarrollo de un plan de acci\u00f3n Evaluaci\u00f3n del \u00e9xito del plan Absentismo y deserci\u00f3n\u00a0&#8211; Educaci\u00f3n Prevenci\u00f3n del maltrato infantil &#8211; Asuntos Comunitarios Dispositivos [&hellip;]<\/p>\n","protected":false},"author":8,"featured_media":0,"parent":3051,"menu_order":0,"comment_status":"closed","ping_status":"closed","template":"","meta":{"footnotes":""},"class_list":["post-3982","page","type-page","status-publish","hentry","entry"],"_links":{"self":[{"href":"https:\/\/toolkit.capta.org\/es\/wp-json\/wp\/v2\/pages\/3982","targetHints":{"allow":["GET"]}}],"collection":[{"href":"https:\/\/toolkit.capta.org\/es\/wp-json\/wp\/v2\/pages"}],"about":[{"href":"https:\/\/toolkit.capta.org\/es\/wp-json\/wp\/v2\/types\/page"}],"author":[{"embeddable":true,"href":"https:\/\/toolkit.capta.org\/es\/wp-json\/wp\/v2\/users\/8"}],"replies":[{"embeddable":true,"href":"https:\/\/toolkit.capta.org\/es\/wp-json\/wp\/v2\/comments?post=3982"}],"version-history":[{"count":3,"href":"https:\/\/toolkit.capta.org\/es\/wp-json\/wp\/v2\/pages\/3982\/revisions"}],"predecessor-version":[{"id":8844,"href":"https:\/\/toolkit.capta.org\/es\/wp-json\/wp\/v2\/pages\/3982\/revisions\/8844"}],"up":[{"embeddable":true,"href":"https:\/\/toolkit.capta.org\/es\/wp-json\/wp\/v2\/pages\/3051"}],"wp:attachment":[{"href":"https:\/\/toolkit.capta.org\/es\/wp-json\/wp\/v2\/media?parent=3982"}],"curies":[{"name":"wp","href":"https:\/\/api.w.org\/{rel}","templated":true}]}}