{"id":3988,"date":"2013-11-14T17:19:50","date_gmt":"2013-11-15T01:19:50","guid":{"rendered":"http:\/\/toolkit.capta.org\/programs\/popular-events\/"},"modified":"2014-01-10T16:38:10","modified_gmt":"2014-01-11T00:38:10","slug":"popular-events","status":"publish","type":"page","link":"https:\/\/toolkit.capta.org\/es\/programs\/popular-events\/","title":{"rendered":"Eventos populares"},"content":{"rendered":"<p><a href=\"https:\/\/toolkit.capta.org\/es\/programs\/popular-events\/community-and-wellness-fairs\/\">Ferias comunitarias de salud y bienestar<\/a><a href=\"http:\/\/toolkit.capta.org\/programs\/popular-events\/founders-day\/\"><br \/>\n<\/a><a href=\"https:\/\/toolkit.capta.org\/es\/programs\/popular-events\/founders-day\/\">D\u00eda de los Fundadores<\/a>: 17 de febrero<br \/>\n<a href=\"https:\/\/toolkit.capta.org\/es\/programs\/popular-events\/graduation-or-prom-night\/\">Graduaci\u00f3n o baile de gala<\/a> &#8211; Programas y Servicios para los Miembros<br \/>\n<a href=\"https:\/\/toolkit.capta.org\/es\/programs\/popular-events\/red-ribbon-week\/\">Celebraci\u00f3n de la Semana del Lazo Rojo<\/a><\/p>\n","protected":false},"excerpt":{"rendered":"<p>Ferias comunitarias de salud y bienestar D\u00eda de los Fundadores: 17 de febrero Graduaci\u00f3n o baile de gala &#8211; Programas y Servicios para los Miembros Celebraci\u00f3n de la Semana del Lazo Rojo<\/p>\n","protected":false},"author":8,"featured_media":0,"parent":3051,"menu_order":0,"comment_status":"closed","ping_status":"closed","template":"","meta":{"footnotes":""},"class_list":["post-3988","page","type-page","status-publish","hentry","entry"],"_links":{"self":[{"href":"https:\/\/toolkit.capta.org\/es\/wp-json\/wp\/v2\/pages\/3988","targetHints":{"allow":["GET"]}}],"collection":[{"href":"https:\/\/toolkit.capta.org\/es\/wp-json\/wp\/v2\/pages"}],"about":[{"href":"https:\/\/toolkit.capta.org\/es\/wp-json\/wp\/v2\/types\/page"}],"author":[{"embeddable":true,"href":"https:\/\/toolkit.capta.org\/es\/wp-json\/wp\/v2\/users\/8"}],"replies":[{"embeddable":true,"href":"https:\/\/toolkit.capta.org\/es\/wp-json\/wp\/v2\/comments?post=3988"}],"version-history":[{"count":0,"href":"https:\/\/toolkit.capta.org\/es\/wp-json\/wp\/v2\/pages\/3988\/revisions"}],"up":[{"embeddable":true,"href":"https:\/\/toolkit.capta.org\/es\/wp-json\/wp\/v2\/pages\/3051"}],"wp:attachment":[{"href":"https:\/\/toolkit.capta.org\/es\/wp-json\/wp\/v2\/media?parent=3988"}],"curies":[{"name":"wp","href":"https:\/\/api.w.org\/{rel}","templated":true}]}}