{"id":3990,"date":"2013-11-14T17:20:25","date_gmt":"2013-11-15T01:20:25","guid":{"rendered":"http:\/\/toolkit.capta.org\/programs\/scholarships-and-grants\/"},"modified":"2020-10-14T12:14:17","modified_gmt":"2020-10-14T19:14:17","slug":"scholarships-and-grants","status":"publish","type":"page","link":"https:\/\/toolkit.capta.org\/es\/programs\/scholarships-and-grants\/","title":{"rendered":"Becas y Subsidios"},"content":{"rendered":"<p><strong><a href=\"https:\/\/toolkit.capta.org\/es\/programs\/scholarships-and-grants\/scholarships\/\">BECAS<\/a><br \/>\n<\/strong><a href=\"https:\/\/toolkit.capta.org\/es\/programs\/scholarships-and-grants\/scholarships\/graduating-high-school-senior-scholarship\/\">Becas para graduados del \u00faltimo a\u00f1o de la secundaria<\/a><br \/>\n<a href=\"https:\/\/toolkit.capta.org\/es\/programs\/scholarships-and-grants\/scholarships\/continuing-education-scholarship-for-credentialed-teachers-and-counselors\/\">Becas de educaci\u00f3n continuada para personal de escuela<\/a><br \/>\n<a href=\"https:\/\/toolkit.capta.org\/es\/programs\/scholarships-and-grants\/scholarships\/continuing-education-scholarships-for-pta-volunteers\/\">Becas de educaci\u00f3n continuada para voluntarios de la PTA<\/a><\/p>\n<p><strong><a href=\"https:\/\/toolkit.capta.org\/es\/programs\/scholarships-and-grants\/grants\/\">SUBSIDIOS<\/a><br \/>\n<\/strong><a href=\"https:\/\/toolkit.capta.org\/es\/programs\/scholarships-and-grants\/grants\/parent-education-grants-for-unit-council-and-district-ptas\/\">Subsidios a la educaci\u00f3n de padres de familia para las unidades, consejos y distritos de la PTA<\/a><br \/>\n<a href=\"https:\/\/toolkit.capta.org\/es\/programs\/scholarships-and-grants\/grants\/outreach-translation-grants-for-unit-council-and-district-ptas\/\">Subsidios a la traducciones para las unidades , consejos y distritos de la PTA<\/a><br \/>\n<a href=\"https:\/\/toolkit.capta.org\/es\/programs\/scholarships-and-grants\/grants\/cultural-arts-grants-for-unit-council-and-district-ptas\/\">Subsidios a las artes culturales para las unidades, consejos y distritos de la PTA<\/a><br \/>\n<a href=\"https:\/\/toolkit.capta.org\/es\/programs\/scholarships-and-grants\/grants\/leadership-development-grants-for-unit-council-and-district-ptas\/\">Subsidios al desarrollo del liderazgo para las unidades, consejos y distritos de la PTA<\/a><br \/>\n<a href=\"https:\/\/toolkit.capta.org\/es\/programs\/scholarships-and-grants\/grants\/healthy-lifestyles-grant\/\">Subsidios para estilos de vida saludable<\/a><\/p>\n","protected":false},"excerpt":{"rendered":"<p>BECAS Becas para graduados del \u00faltimo a\u00f1o de la secundaria Becas de educaci\u00f3n continuada para personal de escuela Becas de educaci\u00f3n continuada para voluntarios de la PTA SUBSIDIOS Subsidios a la educaci\u00f3n de padres de familia para las unidades, consejos y distritos de la PTA Subsidios a la traducciones para las unidades , consejos y [&hellip;]<\/p>\n","protected":false},"author":8,"featured_media":0,"parent":3051,"menu_order":0,"comment_status":"closed","ping_status":"closed","template":"","meta":{"footnotes":""},"class_list":["post-3990","page","type-page","status-publish","hentry","entry"],"_links":{"self":[{"href":"https:\/\/toolkit.capta.org\/es\/wp-json\/wp\/v2\/pages\/3990","targetHints":{"allow":["GET"]}}],"collection":[{"href":"https:\/\/toolkit.capta.org\/es\/wp-json\/wp\/v2\/pages"}],"about":[{"href":"https:\/\/toolkit.capta.org\/es\/wp-json\/wp\/v2\/types\/page"}],"author":[{"embeddable":true,"href":"https:\/\/toolkit.capta.org\/es\/wp-json\/wp\/v2\/users\/8"}],"replies":[{"embeddable":true,"href":"https:\/\/toolkit.capta.org\/es\/wp-json\/wp\/v2\/comments?post=3990"}],"version-history":[{"count":1,"href":"https:\/\/toolkit.capta.org\/es\/wp-json\/wp\/v2\/pages\/3990\/revisions"}],"predecessor-version":[{"id":10422,"href":"https:\/\/toolkit.capta.org\/es\/wp-json\/wp\/v2\/pages\/3990\/revisions\/10422"}],"up":[{"embeddable":true,"href":"https:\/\/toolkit.capta.org\/es\/wp-json\/wp\/v2\/pages\/3051"}],"wp:attachment":[{"href":"https:\/\/toolkit.capta.org\/es\/wp-json\/wp\/v2\/media?parent=3990"}],"curies":[{"name":"wp","href":"https:\/\/api.w.org\/{rel}","templated":true}]}}