{"id":3994,"date":"2013-11-14T17:21:15","date_gmt":"2013-11-15T01:21:15","guid":{"rendered":"http:\/\/toolkit.capta.org\/programs\/family-engagement\/"},"modified":"2016-03-14T11:05:42","modified_gmt":"2016-03-14T18:05:42","slug":"family-engagement","status":"publish","type":"page","link":"https:\/\/toolkit.capta.org\/es\/programs\/family-engagement\/","title":{"rendered":"Participaci\u00f3n de los padres en las escuelas"},"content":{"rendered":"<p><a href=\"https:\/\/toolkit.capta.org\/es\/programs\/family-engagement\/family-engagement-matters\/\">La importancia de la participaci\u00f3n de los padre<\/a><em><a href=\"https:\/\/toolkit.capta.org\/es\/programs\/family-engagement\/family-engagement-matters\/\">s<\/a><br \/>\n<\/em><a href=\"https:\/\/toolkit.capta.org\/es\/programs\/family-engagement\/schools-lcff-and-family-engagement\/\">Escuelas, LCFF y participaci\u00f3n de los padres<\/a><br \/>\n<a href=\"https:\/\/toolkit.capta.org\/es\/programs\/family-engagement\/parents-legal-rights\/\">Derechos legales de los padres<\/a><\/p>\n<p><strong>Formar asociaciones entre el hogar y la escuela<br \/>\n<\/strong><a href=\"https:\/\/toolkit.capta.org\/es\/programs\/family-engagement\/pta-national-standards-for-family-school-partnerships\/\"> Est\u00e1ndares Nacionales de la PTA para las Asociaciones entre las Familias y Escuelas<\/a><br \/>\n<a href=\"https:\/\/toolkit.capta.org\/es\/programs\/family-engagement\/family-engagement-committee\/\">Comit\u00e9 de Participaci\u00f3n de los Padres de Familia<\/a><br \/>\n<a href=\"https:\/\/toolkit.capta.org\/es\/programs\/family-engagement\/family-engagement-nights\/\">Evento\/noche de participaci\u00f3n de los padres<\/a><br \/>\n<a href=\"http:\/\/toolkit.capta.org\/programs\/family-engagement\/the-power-of-parents\/\">El poder de los padres<\/a><br \/>\n<a href=\"https:\/\/toolkit.capta.org\/es\/programs\/family-engagement\/partnering-with-teachers\/\">Colaboraci\u00f3n con los maestros<\/a><br \/>\n<a href=\"https:\/\/toolkit.capta.org\/es\/programs\/family-engagement\/volunteering\/\">Voluntariado<\/a><br \/>\n<a href=\"https:\/\/toolkit.capta.org\/es\/programs\/family-engagement\/your-voice-matters\/\">Su voz es importante<\/a><br \/>\n<a href=\"https:\/\/toolkit.capta.org\/es\/programs\/family-engagement\/school-smarts-parent-engagement-program\/\">School Smarts Programa de Participaci\u00f3n de Padres<\/a><\/p>\n<p><strong>Recursos para padres<br \/>\n<\/strong><a href=\"https:\/\/toolkit.capta.org\/es\/programs\/family-engagement\/helping-your-child-grow-and-learn\/\">C\u00f3mo ayudar a su ni\u00f1o a crecer y aprender<\/a><br \/>\n<a href=\"https:\/\/toolkit.capta.org\/es\/programs\/family-engagement\/student-learning\/\">El aprendizaje de los estudiantes<\/a><br \/>\n<a href=\"https:\/\/toolkit.capta.org\/es\/programs\/family-engagement\/early-childhood-education-counts\/\">La importancia de la educaci\u00f3n a edad temprana<\/a><br \/>\n<a href=\"https:\/\/toolkit.capta.org\/es\/programs\/family-engagement\/classroom-learning\/\">Aprendizaje en el aula escolar<\/a><br \/>\n<a href=\"https:\/\/toolkit.capta.org\/es\/programs\/family-engagement\/student-assessment\/\">Ex\u00e1menes para los estudiantiles<\/a><br \/>\n<a href=\"https:\/\/toolkit.capta.org\/es\/programs\/family-engagement\/arts-education-matters\/\">La importancia de la educaci\u00f3n art\u00edstica<\/a><br \/>\n<a href=\"https:\/\/toolkit.capta.org\/es\/programs\/family-engagement\/college-and-career-planning\/\">Preparaci\u00f3n universitaria y profesional<\/a><\/p>\n<p><strong>Establecer una relaci\u00f3n entre el hogar y la escuela<br \/>\n<\/strong><a href=\"https:\/\/toolkit.capta.org\/es\/programs\/family-engagement\/how-to-support-student-learning-at-home\/\">C\u00f3mo apoyar el aprendizaje del estudiante en el hogar<\/a><br \/>\n<a href=\"https:\/\/toolkit.capta.org\/es\/programs\/family-engagement\/boost-literacy-skills\/\">C\u00f3mo mejorar las destrezas de alfabetizaci\u00f3n<\/a><br \/>\n<a href=\"https:\/\/toolkit.capta.org\/es\/programs\/family-engagement\/raise-a-reader\/\">C\u00f3mo hacer de su hijo un exitoso lector<\/a><br \/>\n<a href=\"https:\/\/toolkit.capta.org\/es\/programs\/family-engagement\/make-steam-count\/\">La importancia de STEAM<\/a><br \/>\n<a href=\"https:\/\/toolkit.capta.org\/es\/programs\/family-engagement\/monitor-homework\/\">Supervisi\u00f3n de la tarea escolar<\/a><br \/>\n<a href=\"https:\/\/toolkit.capta.org\/es\/programs\/family-engagement\/summer-learning\/\">Instrucci\u00f3n durante el verano<\/a><\/p>\n<p>&nbsp;<\/p>\n<p>&nbsp;<\/p>\n<p>&nbsp;<\/p>\n","protected":false},"excerpt":{"rendered":"<p>La importancia de la participaci\u00f3n de los padres Escuelas, LCFF y participaci\u00f3n de los padres Derechos legales de los padres Formar asociaciones entre el hogar y la escuela Est\u00e1ndares Nacionales de la PTA para las Asociaciones entre las Familias y Escuelas Comit\u00e9 de Participaci\u00f3n de los Padres de Familia Evento\/noche de participaci\u00f3n de los padres [&hellip;]<\/p>\n","protected":false},"author":8,"featured_media":0,"parent":3051,"menu_order":0,"comment_status":"closed","ping_status":"closed","template":"","meta":{"footnotes":""},"class_list":["post-3994","page","type-page","status-publish","hentry","entry"],"_links":{"self":[{"href":"https:\/\/toolkit.capta.org\/es\/wp-json\/wp\/v2\/pages\/3994","targetHints":{"allow":["GET"]}}],"collection":[{"href":"https:\/\/toolkit.capta.org\/es\/wp-json\/wp\/v2\/pages"}],"about":[{"href":"https:\/\/toolkit.capta.org\/es\/wp-json\/wp\/v2\/types\/page"}],"author":[{"embeddable":true,"href":"https:\/\/toolkit.capta.org\/es\/wp-json\/wp\/v2\/users\/8"}],"replies":[{"embeddable":true,"href":"https:\/\/toolkit.capta.org\/es\/wp-json\/wp\/v2\/comments?post=3994"}],"version-history":[{"count":4,"href":"https:\/\/toolkit.capta.org\/es\/wp-json\/wp\/v2\/pages\/3994\/revisions"}],"predecessor-version":[{"id":7757,"href":"https:\/\/toolkit.capta.org\/es\/wp-json\/wp\/v2\/pages\/3994\/revisions\/7757"}],"up":[{"embeddable":true,"href":"https:\/\/toolkit.capta.org\/es\/wp-json\/wp\/v2\/pages\/3051"}],"wp:attachment":[{"href":"https:\/\/toolkit.capta.org\/es\/wp-json\/wp\/v2\/media?parent=3994"}],"curies":[{"name":"wp","href":"https:\/\/api.w.org\/{rel}","templated":true}]}}