{"id":4007,"date":"2013-11-19T10:14:21","date_gmt":"2013-11-19T18:14:21","guid":{"rendered":"http:\/\/toolkit.capta.org\/programs\/creating-an-event\/areas-for-pta-involvement\/"},"modified":"2018-02-08T12:44:44","modified_gmt":"2018-02-08T20:44:44","slug":"areas-for-pta-involvement","status":"publish","type":"page","link":"https:\/\/toolkit.capta.org\/es\/programs\/creacion-de-un-evento\/areas-for-pta-involvement\/","title":{"rendered":"\u00c1reas de participaci\u00f3n de la PTA"},"content":{"rendered":"<p>Las PTA son instadas a explorar una gama de asuntos locales siempre y cuando su radio de acci\u00f3n concuerde con el alcance de las actividades de la PTA. Las PTA deben compartir sus programas exitosos con sus consejos, distritos y con PTA de California para que otras unidades con situaciones similares puedan aprovechar esas experiencias beneficiosas. Utilice estas herramientas, consejos y sugerencias como punto de partida para buscar soluciones.<\/p>\n<p>Identifique las soluciones y las acciones que se deben poner en pr\u00e1ctica.<\/p>\n<p>Comun\u00edquese con las dependencias comunitarias para obtener asistencia e informaci\u00f3n adicional.<\/p>\n<p>Desarrolle un plan de acci\u00f3n (<a title=\"Advocacy Action Plans\/es\" href=\"https:\/\/toolkit.capta.org\/es\/programs\/advocacy-action-plans\/\">Planes de acci\u00f3n<\/a>, <a href=\"http:\/\/downloads.capta.org\/toolkit\/formularios\/HojaDeTrabajoParaPlanificaci\u00f3nDeEventos.pdf\" target=\"_blank\" rel=\"noopener\">Hoja de trabajo para la planificaci\u00f3n de eventos<\/a>).<\/p>\n<p>Eduque a la comunidad, incluyendo a padres de familia, personal, funcionarios electos y p\u00fablico en general.<\/p>\n<p><strong>Puntos que se deben recordar<\/strong><\/p>\n<p>Est\u00e9 familiarizado con las pol\u00edticas b\u00e1sicas de la PTA (<a title=\"Basic policies for all ptas\/es\" href=\"https:\/\/toolkit.capta.org\/es\/running-your-pta\/basic-policies\/basic-policies-for-all-ptas\/\">Pol\u00edticas fundamentales de todas las PTA<\/a>).<\/p>\n<p>Estudie las declaraciones de postura y las resoluciones de la PTA de California y la PTA Nacional. (Nuestro punto de vista, secciones <a title=\"Resolutions\/es\" href=\"https:\/\/toolkit.capta.org\/es\/advocacy\/resolutions\/\">Resoluciones<\/a>, <a title=\"Positions statements\/es\" href=\"https:\/\/toolkit.capta.org\/es\/advocacy\/position-statements\/\">Declaraciones de postura<\/a> y la Gu\u00eda de referencia r\u00e1pida de la PTA Nacional).<\/p>\n<p>Estudie los <a title=\"Legislative policies and procedures\/es\" href=\"https:\/\/toolkit.capta.org\/es\/advocacy\/legislative-program\/california-state-pta-legislative-policies-and-procedures\/\">Procedimientos y normas legislativas de la PTA de California<\/a> y la <a title=\"Legislative platform\/es\" href=\"https:\/\/toolkit.capta.org\/es\/advocacy\/legislative-program\/legislation-platform\/\">Plataforma legislativa de la PTA de California<\/a>.<\/p>\n<p>Utilice los recursos y las publicaciones existentes en la PTA de California, la PTA Nacional, las dependencias aliadas y las fuentes gubernamentales.<\/p>\n","protected":false},"excerpt":{"rendered":"<p>Las PTA son instadas a explorar una gama de asuntos locales siempre y cuando su radio de acci\u00f3n concuerde con el alcance de las actividades de la PTA. Las PTA deben compartir sus programas exitosos con sus consejos, distritos y con PTA de California para que otras unidades con situaciones similares puedan aprovechar esas experiencias [&hellip;]<\/p>\n","protected":false},"author":8,"featured_media":0,"parent":5901,"menu_order":0,"comment_status":"closed","ping_status":"closed","template":"","meta":{"footnotes":""},"class_list":["post-4007","page","type-page","status-publish","hentry","entry"],"_links":{"self":[{"href":"https:\/\/toolkit.capta.org\/es\/wp-json\/wp\/v2\/pages\/4007","targetHints":{"allow":["GET"]}}],"collection":[{"href":"https:\/\/toolkit.capta.org\/es\/wp-json\/wp\/v2\/pages"}],"about":[{"href":"https:\/\/toolkit.capta.org\/es\/wp-json\/wp\/v2\/types\/page"}],"author":[{"embeddable":true,"href":"https:\/\/toolkit.capta.org\/es\/wp-json\/wp\/v2\/users\/8"}],"replies":[{"embeddable":true,"href":"https:\/\/toolkit.capta.org\/es\/wp-json\/wp\/v2\/comments?post=4007"}],"version-history":[{"count":3,"href":"https:\/\/toolkit.capta.org\/es\/wp-json\/wp\/v2\/pages\/4007\/revisions"}],"predecessor-version":[{"id":9250,"href":"https:\/\/toolkit.capta.org\/es\/wp-json\/wp\/v2\/pages\/4007\/revisions\/9250"}],"up":[{"embeddable":true,"href":"https:\/\/toolkit.capta.org\/es\/wp-json\/wp\/v2\/pages\/5901"}],"wp:attachment":[{"href":"https:\/\/toolkit.capta.org\/es\/wp-json\/wp\/v2\/media?parent=4007"}],"curies":[{"name":"wp","href":"https:\/\/api.w.org\/{rel}","templated":true}]}}