{"id":4011,"date":"2013-11-19T10:16:28","date_gmt":"2013-11-19T18:16:28","guid":{"rendered":"http:\/\/toolkit.capta.org\/programs\/creating-an-event\/chairman-and-committee-procedures\/"},"modified":"2017-10-05T16:16:53","modified_gmt":"2017-10-05T23:16:53","slug":"chairman-and-committee-procedures","status":"publish","type":"page","link":"https:\/\/toolkit.capta.org\/es\/programs\/creacion-de-un-evento\/chairman-and-committee-procedures\/","title":{"rendered":"Procedimientos para los directores y comit\u00e9s"},"content":{"rendered":"<p>Estos procedimientos han sido desarrollados para ayudar a los funcionarios y directores de las unidades de la PTA a cumplir con sus responsabilidades (Desarrollo de comisi\u00f3n y lineamientos.) El presidente, como l\u00edder eficaz, debe velar por que los funcionarios, los directores y otros voluntarios reciban a la mayor brevedad copias de las descripciones de sus respectivos puestos que aparecen en esta Carpeta de recursos. (Secci\u00f3n de Descripci\u00f3n de funciones.)<\/p>\n<p>Bas\u00e1ndose en las metas establecidas para el a\u00f1o, el presidente y la junta ejecutiva determinan cu\u00e1les programas y proyectos deben implementarse y cu\u00e1les se podr\u00edan llevar a cabo. Recuerde que todos los proyectos deben ser aprobados por los miembros.<\/p>\n<p>Aunque cada PTA funciona de acuerdo con los prop\u00f3sitos y las pol\u00edticas b\u00e1sicas de la PTA, cada unidad individual se involucrar\u00e1 con los programas y proyectos de acuerdo con sus intereses, sus necesidades y sus voluntarios. No se puede esperar que una PTA lo haga todo.<\/p>\n<div id=\"wp-spoiler-1\" class=\"wp-spoiler wpui-hashable wpui-light wpui-styles\" data-style=\"wpui-light\">  <h3 class=\"wp-spoiler-title wpui-hashable fade-true slide-true open-false\"><strong>Tareas comunes<\/strong><\/h3><div class=\"wpui-hidden wp-spoiler-content\">\n<p>Forme un comit\u00e9.<\/p>\n<p>Trabaje en la junta ejecutiva, de acuerdo con los reglamentos.<\/p>\n<p>Proporcione liderazgo directivo al comit\u00e9.<\/p>\n<p>Marque la pauta de forma optimista y entusiasta.<\/p>\n<p>Desarrolle y mantenga un libro de procedimientos (Libro de procedimientos).<\/p>\n<p>Haga referencia a los <em>Estatutos para unidades locales de la PTA o PTSA<\/em>, seg\u00fan sea necesario.<\/p>\n<p>Ayude o acompa\u00f1e al presidente de la PTA a las reuniones con los encargados de formular pol\u00edticas para la escuela, la comunidad o el gobierno de la ciudad.<\/p>\n<p>Entregue un informe oral o escrito en cada reuni\u00f3n de la junta ejecutiva. Incluya todas las recomendaciones del comit\u00e9 y un informe escrito de la contabilidad financiera. Este informe debe incluir todos los fondos recibidos y desembolsados para implementar las recomendaciones aprobadas.<\/p>\n<p>Mantenga al comit\u00e9 concentrado en hacer las recomendaciones adecuadas.<\/p>\n<p>Aseg\u00farese de que las tareas del comit\u00e9 se realicen y que las acciones se informen a la junta de la asociaci\u00f3n.<\/p>\n<p>Conozca al personal de la escuela, del distrito escolar y a los encargados de tomar decisiones, incluyendo los miembros del concejo local y de la junta escolar.<\/p>\n<p>Encueste a los padres de familia para determinar los intereses y necesidades en el hogar, la comunidad y la escuela.<\/p>\n<p>Desarrolle un plan de programas, asegur\u00e1ndose de que este cumpla con los requisitos de seguros de PTA de California. Consulte la <em>Gu\u00eda de seguros y prevenci\u00f3n de p\u00e9rdidas<\/em> para ver las actividades permitidas, las que se desalientan y las prohibidas.<\/p>\n<p>Coordine las actividades de la PTA con el calendario escolar y con el director de la escuela.<\/p>\n<p>Presente el plan a la junta de la PTA para su aprobaci\u00f3n.<\/p>\n<p>Planee todos los eventos con suficiente anticipaci\u00f3n, con un plazo m\u00ednimo de tres meses.<\/p>\n<p>Eduque a los padres de familia y a la comunidad mediante una reuni\u00f3n informativa.<\/p>\n<p>Motive a los miembros a participar activamente en los programas de la PTA.<\/p>\n<p>Colabore con otras PTA y dependencias comunitarias para obtener informaci\u00f3n, materiales y oradores.<\/p>\n<p>Establezca relaciones con otras PTA del distrito escolar para coordinar eventos.<\/p>\n<p>Comun\u00edquese con sus contrapartes en el consejo y el distrito de la PTA.<\/p>\n<p>Comparta la informaci\u00f3n preparada y distribuida por el consejo y el distrito de la PTA, PTA de California y la PTA Nacional.<\/p>\n<p>Haga propaganda a las actividades. Use el bolet\u00edn informativo y sitio Web para promover, educar e informar. Contacte a los medios de comunicaci\u00f3n o solicite la ayuda del coordinador de relaciones p\u00fablicas de la PTA (Ideas para promover la PTA).<\/p>\n<p>Asista a las sesiones de capacitaci\u00f3n del consejo y del distrito de la PTA y a las convenciones de la PTA de California y la PTA Nacional.<\/p>\n<p>Mantenga las actividades de recaudaci\u00f3n de fondos simples y con bajo nivel de estr\u00e9s.<\/p>\n<p>Consolide las actividades de la PTA con eventos escolares que re\u00fanan a padres de familia y estudiantes.<\/p>\n<p>Aumente el n\u00famero de eventos sociales sencillos y dirigidos a la familia.<\/p>\n<p>Eval\u00fae el programa y documente las lecciones aprendidas para que sean usadas por los futuros directores de programas.<\/p>\n<p><\/div>  <\/div><!-- end div.wp-spoiler --><div id=\"wp-spoiler-2\" class=\"wp-spoiler wpui-hashable wpui-light wpui-styles\" data-style=\"wpui-light\">  <h3 class=\"wp-spoiler-title wpui-hashable fade-true slide-true open-false\"><strong>Consideraciones para las escuelas que funcionan durante todo el a\u00f1o<\/strong><\/h3><div class=\"wpui-hidden wp-spoiler-content\"><\/p>\n<p>Aseg\u00farese de que todos los ciclos est\u00e9n representados en la reuni\u00f3n anual de planeamiento.<\/p>\n<p>Distribuya las actividades y las reuniones de la asociaci\u00f3n equitativamente entre los ciclos.<\/p>\n<p>Evite la realizaci\u00f3n de eventos especiales cuando el tesorero o el director del evento est\u00e9n \u201cde vacaciones\u201d.<\/p>\n<p>Programe las actividades (por ejemplo, el programa de Reflexiones) y los eventos de recaudaci\u00f3n de fondos de forma que cubran los horarios de los ciclos activos y los que est\u00e1n de vacaciones.<\/p>\n<p><\/div>  <\/div><!-- end div.wp-spoiler --><\/p>\n<p>&nbsp;<\/p>\n","protected":false},"excerpt":{"rendered":"<p>Estos procedimientos han sido desarrollados para ayudar a los funcionarios y directores de las unidades de la PTA a cumplir con sus responsabilidades (Desarrollo de comisi\u00f3n y lineamientos.) El presidente, como l\u00edder eficaz, debe velar por que los funcionarios, los directores y otros voluntarios reciban a la mayor brevedad copias de las descripciones de sus [&hellip;]<\/p>\n","protected":false},"author":8,"featured_media":0,"parent":5901,"menu_order":0,"comment_status":"closed","ping_status":"closed","template":"","meta":{"footnotes":""},"class_list":["post-4011","page","type-page","status-publish","hentry","entry"],"_links":{"self":[{"href":"https:\/\/toolkit.capta.org\/es\/wp-json\/wp\/v2\/pages\/4011","targetHints":{"allow":["GET"]}}],"collection":[{"href":"https:\/\/toolkit.capta.org\/es\/wp-json\/wp\/v2\/pages"}],"about":[{"href":"https:\/\/toolkit.capta.org\/es\/wp-json\/wp\/v2\/types\/page"}],"author":[{"embeddable":true,"href":"https:\/\/toolkit.capta.org\/es\/wp-json\/wp\/v2\/users\/8"}],"replies":[{"embeddable":true,"href":"https:\/\/toolkit.capta.org\/es\/wp-json\/wp\/v2\/comments?post=4011"}],"version-history":[{"count":2,"href":"https:\/\/toolkit.capta.org\/es\/wp-json\/wp\/v2\/pages\/4011\/revisions"}],"predecessor-version":[{"id":8841,"href":"https:\/\/toolkit.capta.org\/es\/wp-json\/wp\/v2\/pages\/4011\/revisions\/8841"}],"up":[{"embeddable":true,"href":"https:\/\/toolkit.capta.org\/es\/wp-json\/wp\/v2\/pages\/5901"}],"wp:attachment":[{"href":"https:\/\/toolkit.capta.org\/es\/wp-json\/wp\/v2\/media?parent=4011"}],"curies":[{"name":"wp","href":"https:\/\/api.w.org\/{rel}","templated":true}]}}