{"id":4042,"date":"2013-11-19T11:10:48","date_gmt":"2013-11-19T19:10:48","guid":{"rendered":"http:\/\/toolkit.capta.org\/programs\/advocacy-action-plans\/child-abuse-prevention\/"},"modified":"2015-01-30T16:54:32","modified_gmt":"2015-01-31T00:54:32","slug":"child-abuse-prevention","status":"publish","type":"page","link":"https:\/\/toolkit.capta.org\/es\/programs\/advocacy-action-plans\/child-abuse-prevention\/","title":{"rendered":"Prevenci\u00f3n del maltrato infantil"},"content":{"rendered":"<p style=\"text-align: center;\"><em>Revisado en octubre de 2010 \u2013 Asuntos Comunitarios<\/em><\/p>\n<p>El n\u00famero de casos de maltrato infantil (sexual, f\u00edsico y emocional) que se reportan contin\u00faa creciendo. La sociedad, a trav\u00e9s de agencias federales, estatales y locales, es responsable de cualquier colocaci\u00f3n en hogares de crianza, atenci\u00f3n institucional y m\u00e9dica y los costos de la Corte. El p\u00fablico debe estar informado acerca de las causas, la prevenci\u00f3n y la denuncia del maltrato infantil. Se deben hacer esfuerzos para coordinar mejor los programas de intervenci\u00f3n y prevenci\u00f3n del maltrato infantil.<\/p>\n<div id=\"wp-spoiler-1\" class=\"wp-spoiler wpui-hashable wpui-light wpui-styles\" data-style=\"wpui-light\">  <h3 class=\"wp-spoiler-title wpui-hashable fade-true slide-true open-false\"><strong>Papel de la PTA<\/strong><\/h3><div class=\"wpui-hidden wp-spoiler-content\">La preocupaci\u00f3n principal de la PTA es la protecci\u00f3n de los ni\u00f1os, quienes no se pueden proteger del maltrato, descuido y explotaci\u00f3n. La PTA apoya los programas que ayudan a la familia a permanecer unida cuando esto es lo m\u00e1s beneficioso para el ni\u00f1o.<\/div>  <\/div><!-- end div.wp-spoiler -->\n<p><div id=\"wp-spoiler-2\" class=\"wp-spoiler wpui-hashable wpui-light wpui-styles\" data-style=\"wpui-light\">  <h3 class=\"wp-spoiler-title wpui-hashable fade-true slide-true open-false\"><strong>Acciones recomendadas<\/strong><\/h3><div class=\"wpui-hidden wp-spoiler-content\">Patrocinar programas de educaci\u00f3n para padres de familia para trabajar en la prevenci\u00f3n y la identificaci\u00f3n del maltrato infantil, incluyendo c\u00f3mo denunciar los casos de presunto maltrato.<\/p>\n<p>Instar a los distritos escolares a que provean a los estudiantes con la educaci\u00f3n necesaria para identificar y reportar el abuso y darles la potestad de reportar el abuso sin represalias.<\/p>\n<p>Motivar a las escuelas a incluir destrezas para la crianza de los hijos en los planes de estudios.<\/p>\n<p>Instar a los distritos escolares a proveer talleres de capacitaci\u00f3n para el personal con respecto al reconocimiento y como reportar el abuso infantil.<\/p>\n<p>Informar a los padres de familia\/tutores de familia sobre el plan de estudios que les ense\u00f1a a los ni\u00f1os a decir \u201cno\u201d y fomentar su uso en la escuela.<\/p>\n<p>Abogar por financiaci\u00f3n adecuada para programas de bienestar infantil.<\/p>\n<p><\/div>  <\/div><!-- end div.wp-spoiler --><div id=\"wp-spoiler-3\" class=\"wp-spoiler wpui-hashable wpui-light wpui-styles\" data-style=\"wpui-light\">  <h3 class=\"wp-spoiler-title wpui-hashable fade-true slide-true open-false\"><strong>Recursos adicionales<\/strong><\/h3><div class=\"wpui-hidden wp-spoiler-content\">Declaraciones de postura de la PTA de California: \u201cAyuda a familias necesitadas\u201d y \u201cServicios a la familia\u201d (Nuestro punto de vista: <a href=\"http:\/\/toolkit.capta.org\/advocacy\/position-statements\/\">declaraciones de postura<\/a>). Consulte \u201cMaltrato infantil\u201d y \u201cViolencia y vandalismo\u201d en el \u00cdndice de temas relacionados con la defensa activa para resoluciones, declaraciones de posturas y pautas vinculadas.<\/p>\n<p>Centro de Prevenci\u00f3n de la Criminalidad y la Violencia del Procurador General (www.safestate.org)<\/p>\n<p>Kids Need a Future, Not a Funeral [Los Ni\u00f1os Necesitan un Futuro, No un Funeral] y Safeguarding Your Children [La Protecci\u00f3n de Sus Ni\u00f1os], PTA Nacional, <a href=\"http:\/\/www.pta.org\/\" target=\"_blank\">www.pta.org<\/a>.<\/p>\n<p>Wooden, Kenneth. Child Lures, A Need for Prevention [Se\u00f1uelos infantiles, una necesidad de prevenci\u00f3n] Shelburne, Va. (www.childlures.com)<\/p>\n<p>Child Sexual Abuse Prevention: Tips to Parents [Prevenci\u00f3n del abuso sexual infantil: consejos para padres de familia]. Centro Nacional de Informaci\u00f3n sobre el Maltrato y el Descuido Infantil, Washington, D.C.<\/p>\n<p>Para obtener informaci\u00f3n y videos gratuitos, p\u00f3ngase en contacto con:<\/p>\n<p style=\"padding-left: 30px;\">Office of Child Abuse Prevention<br \/>\n744 P Street, M.S.11-82<br \/>\nSacramento, CA 95814<br \/>\n916.651.6960; Fax 916.651.6328<\/p>\n<p><strong>Dependencias adicionales<\/strong><\/p>\n<p>California Department of Education (Departamento de Educaci\u00f3n de California) (www.cde.ca.gov)<\/p>\n<p>California Department of Social Services Office of Child Abuse Prevention (OCAP) (Oficina de California para la Prevenci\u00f3n del Abuso Infantil de la Secretar\u00eda de Servicios Sociales) (www.dss.cahwnet.gov\/)<\/p>\n<p>California Department of Social Services, Children and Family Services Division<br \/>\n(Departamento de Servicio Social, Divisi\u00f3n de Servicios Infantiles y Familiares) (www.childsworld.ca.gov)<\/p>\n<p>Consejos coordinadores contra el maltrato infantil<\/p>\n<p>Departamentos de salud p\u00fablica del condado. Encuentre el listado por condado en el sitio web del Departamento de Salud P\u00fablica de California, http:\/\/www.cdph.ca.gov\/servicesPages\/LocalServices.aspx<\/p>\n<p>Departamentos de servicios sociales y servicios de protecci\u00f3n a la ni\u00f1ez del condado.<\/p>\n<p>Oficinas de educaci\u00f3n del condado<\/p>\n<p>Entidades policiales locales (polic\u00eda, alguacil)<\/p>\n<p><\/div>  <\/div><!-- end div.wp-spoiler --><\/p>\n<p>&nbsp;<\/p>\n","protected":false},"excerpt":{"rendered":"<p>Revisado en octubre de 2010 \u2013 Asuntos Comunitarios El n\u00famero de casos de maltrato infantil (sexual, f\u00edsico y emocional) que se reportan contin\u00faa creciendo. La sociedad, a trav\u00e9s de agencias federales, estatales y locales, es responsable de cualquier colocaci\u00f3n en hogares de crianza, atenci\u00f3n institucional y m\u00e9dica y los costos de la Corte. El p\u00fablico [&hellip;]<\/p>\n","protected":false},"author":8,"featured_media":0,"parent":3982,"menu_order":0,"comment_status":"closed","ping_status":"closed","template":"","meta":{"footnotes":""},"class_list":["post-4042","page","type-page","status-publish","hentry","entry"],"_links":{"self":[{"href":"https:\/\/toolkit.capta.org\/es\/wp-json\/wp\/v2\/pages\/4042","targetHints":{"allow":["GET"]}}],"collection":[{"href":"https:\/\/toolkit.capta.org\/es\/wp-json\/wp\/v2\/pages"}],"about":[{"href":"https:\/\/toolkit.capta.org\/es\/wp-json\/wp\/v2\/types\/page"}],"author":[{"embeddable":true,"href":"https:\/\/toolkit.capta.org\/es\/wp-json\/wp\/v2\/users\/8"}],"replies":[{"embeddable":true,"href":"https:\/\/toolkit.capta.org\/es\/wp-json\/wp\/v2\/comments?post=4042"}],"version-history":[{"count":0,"href":"https:\/\/toolkit.capta.org\/es\/wp-json\/wp\/v2\/pages\/4042\/revisions"}],"up":[{"embeddable":true,"href":"https:\/\/toolkit.capta.org\/es\/wp-json\/wp\/v2\/pages\/3982"}],"wp:attachment":[{"href":"https:\/\/toolkit.capta.org\/es\/wp-json\/wp\/v2\/media?parent=4042"}],"curies":[{"name":"wp","href":"https:\/\/api.w.org\/{rel}","templated":true}]}}