{"id":4048,"date":"2013-11-19T11:11:46","date_gmt":"2013-11-19T19:11:46","guid":{"rendered":"http:\/\/toolkit.capta.org\/programs\/advocacy-action-plans\/child-restraints-and-seat-belts\/"},"modified":"2014-01-10T16:20:47","modified_gmt":"2014-01-11T00:20:47","slug":"child-restraints-and-seat-belts","status":"publish","type":"page","link":"https:\/\/toolkit.capta.org\/es\/programs\/advocacy-action-plans\/child-restraints-and-seat-belts\/","title":{"rendered":"Dispositivos de sujeci\u00f3n para ni\u00f1os y cinturones de seguridad"},"content":{"rendered":"<p style=\"text-align: center;\"><em>Revisado en octubre de 2008 \u2013 Asuntos Comunitarios<\/em><\/p>\n<p>A nivel nacional, los accidentes automovil\u00edsticos son la primera causa de muerte de ni\u00f1os, j\u00f3venes y adultos menores de 44 a\u00f1os.<\/p>\n<div id=\"wp-spoiler-1\" class=\"wp-spoiler wpui-hashable wpui-light wpui-styles\" data-style=\"wpui-light\">  <h3 class=\"wp-spoiler-title wpui-hashable fade-true slide-true open-false\">Papel de la PTA<\/h3><div class=\"wpui-hidden wp-spoiler-content\">\n<p>El uso adecuado de los dispositivos de sujeci\u00f3n para ni\u00f1os y de los cinturones de seguridad salva vidas. La PTA puede ayudar a educar a los padres de familia acerca de la importancia de usar asientos de seguridad<\/p>\n<p>para ni\u00f1os y cinturones de seguridad en los autom\u00f3viles.<\/p>\n<p><\/div>  <\/div><!-- end div.wp-spoiler --><div id=\"wp-spoiler-2\" class=\"wp-spoiler wpui-hashable wpui-light wpui-styles\" data-style=\"wpui-light\">  <h3 class=\"wp-spoiler-title wpui-hashable fade-true slide-true open-false\">Acciones recomendadas<\/h3><div class=\"wpui-hidden wp-spoiler-content\"><\/p>\n<p>Ponerse en contacto con la Coalici\u00f3n para Ni\u00f1os Seguros a fin de patrocinar un programa de la PTA sobre la importancia de usar los asientos de seguridad para ni\u00f1os, instalados correctamente. Demostrar los diversos tipos de asientos de seguridad y asientos elevadores para ense\u00f1ar su instalaci\u00f3n correcta y uso debido. Asegurarse de que el dispositivo de sujeci\u00f3n para ni\u00f1os es adecuado para el veh\u00edculo en el que se usar\u00e1. No todos los asientos de veh\u00edculos se ajustan a los dispositivos de sujeci\u00f3n para ni\u00f1os. Enfatizar el uso correcto de los asientos elevados para ni\u00f1os quienes han crecido demasiado para los asientos de seguridad comunes.<\/p>\n<p>Tener materiales disponibles en las reuniones de la PTA para enfatizar la importancia, la colocaci\u00f3n y el uso adecuado de dispositivos de sujeci\u00f3n, cinturones de seguridad y asientos de seguridad para ni\u00f1os.<\/p>\n<p>Familiarizarse y trabajar por la aplicaci\u00f3n de las leyes vigentes.<\/p>\n<p>Trabajar, en conjunto con el director y la junta de su escuela, para incluir un plan de estudios sobre dispositivos de sujeci\u00f3n y cinturones de seguridad en todos los grados escolares.<\/p>\n<p>Motivar al director a planear una asamblea escolar acerca de dispositivos de sujeci\u00f3n y cinturones de seguridad. Montar una exhibici\u00f3n al respecto para los estudiantes.<\/p>\n<p>Procurar y apoyar la legislaci\u00f3n que obligue al uso del cintur\u00f3n de seguridad a los pasajeros de todos los veh\u00edculos que actualmente no est\u00e1n cubiertos por la ley estatal (por ejemplo, furgonetas, autobuses y camionetas).<\/p>\n<p><\/div>  <\/div><!-- end div.wp-spoiler --><div id=\"wp-spoiler-3\" class=\"wp-spoiler wpui-hashable wpui-light wpui-styles\" data-style=\"wpui-light\">  <h3 class=\"wp-spoiler-title wpui-hashable fade-true slide-true open-false\">Recursos y referencias<\/h3><div class=\"wpui-hidden wp-spoiler-content\"><\/p>\n<p align=\"left\">Consulte \u201cCinturones de seguridad\u201d en el \u00cdndice de temas relacionados con la defensa activa para resoluciones y declaraciones de posturas.<\/p>\n<p>AAA Foundation for Traffic Safety (Fundaci\u00f3n AAA para Seguridad en el Tr\u00e1fico) (www.aaafoundation.org)<\/p>\n<p>American Academy of Pediatrics (Academia Estadounidense de Pediatr\u00eda) (www.aap.org)<\/p>\n<p>California Automobile Association (Club de Automovilistas de California) (www.csaa.com y www.aaa-calif.com)<\/p>\n<p>Asociaci\u00f3n para la Seguridad de los Pasajeros Infantiles de California.<\/p>\n<p>Patrulla de Carreteras de California (www.chp.ca.gov).<\/p>\n<p>Ley de Veh\u00edculos Motorizados de California (www.leginfo.ca.gov o www.dmv.ca.gov)<\/p>\n<p>California Office of Traffic Safety (Oficina de Seguridad Vial de California) (www.ots.ca.gov)<\/p>\n<p>California Safe Kids (Coalici\u00f3n Ni\u00f1os Seguros de California) (www.usa.safekids.org)<\/p>\n<p>Center for Injury Prevention Policy and Practice (CIPPP) (Centro para Normas y Pr\u00e1cticas de Prevenci\u00f3n de Lesiones) (www.cippp.org)<\/p>\n<p>Calfornia Coalition for Children&#8217;s Health and Safety (Coalici\u00f3n de California para la Salud y Seguridad de los Ni\u00f1os)<\/p>\n<p>Child Safety Network (Red de Seguridad Infantil) (www.csn.org)<\/p>\n<p>Proveedores locales de servicios m\u00e9dicos.<\/p>\n<p>Departamentos municipales de polic\u00eda.<\/p>\n<p>Consejo Nacional de Seguridad (www.nsc.org)<\/p>\n<p>Administraci\u00f3n Nacional para la Seguridad del Tr\u00e1fico en Carreteras (www.nhtsa.gov)<\/p>\n<p><\/div>  <\/div><!-- end div.wp-spoiler --><\/p>\n<p>&nbsp;<\/p>\n","protected":false},"excerpt":{"rendered":"<p>Revisado en octubre de 2008 \u2013 Asuntos Comunitarios A nivel nacional, los accidentes automovil\u00edsticos son la primera causa de muerte de ni\u00f1os, j\u00f3venes y adultos menores de 44 a\u00f1os. &nbsp;<\/p>\n","protected":false},"author":8,"featured_media":0,"parent":3982,"menu_order":0,"comment_status":"closed","ping_status":"closed","template":"","meta":{"footnotes":""},"class_list":["post-4048","page","type-page","status-publish","hentry","entry"],"_links":{"self":[{"href":"https:\/\/toolkit.capta.org\/es\/wp-json\/wp\/v2\/pages\/4048","targetHints":{"allow":["GET"]}}],"collection":[{"href":"https:\/\/toolkit.capta.org\/es\/wp-json\/wp\/v2\/pages"}],"about":[{"href":"https:\/\/toolkit.capta.org\/es\/wp-json\/wp\/v2\/types\/page"}],"author":[{"embeddable":true,"href":"https:\/\/toolkit.capta.org\/es\/wp-json\/wp\/v2\/users\/8"}],"replies":[{"embeddable":true,"href":"https:\/\/toolkit.capta.org\/es\/wp-json\/wp\/v2\/comments?post=4048"}],"version-history":[{"count":0,"href":"https:\/\/toolkit.capta.org\/es\/wp-json\/wp\/v2\/pages\/4048\/revisions"}],"up":[{"embeddable":true,"href":"https:\/\/toolkit.capta.org\/es\/wp-json\/wp\/v2\/pages\/3982"}],"wp:attachment":[{"href":"https:\/\/toolkit.capta.org\/es\/wp-json\/wp\/v2\/media?parent=4048"}],"curies":[{"name":"wp","href":"https:\/\/api.w.org\/{rel}","templated":true}]}}