{"id":4052,"date":"2013-11-19T11:12:35","date_gmt":"2013-11-19T19:12:35","guid":{"rendered":"http:\/\/toolkit.capta.org\/programs\/advocacy-action-plans\/citizenship\/"},"modified":"2013-12-12T15:06:27","modified_gmt":"2013-12-12T23:06:27","slug":"citizenship","status":"publish","type":"page","link":"https:\/\/toolkit.capta.org\/es\/programs\/advocacy-action-plans\/citizenship\/","title":{"rendered":"Educaci\u00f3n c\u00edvica"},"content":{"rendered":"<p style=\"text-align: center;\"><em>Revisado en enero 2011 \u2013 Asuntos Comunitarios<\/em><\/p>\n<p>Las actividades de educaci\u00f3n c\u00edvica de la PTA est\u00e1n dise\u00f1adas para proveer informaci\u00f3n e inspiraci\u00f3n para ayudar a los miembros a comprometerse como ciudadanos. Al recordar a los miembros de sus privilegios y responsabilidades e involucrarlos en proyectos comunitarios, la PTA contribuye de forma significativa al estilo de vida democr\u00e1tico.<\/p>\n<div id=\"wp-spoiler-1\" class=\"wp-spoiler wpui-hashable wpui-light wpui-styles\" data-style=\"wpui-light\">  <h3 class=\"wp-spoiler-title wpui-hashable fade-true slide-true open-false\">Acciones recomendadas<\/h3><div class=\"wpui-hidden wp-spoiler-content\">\n<p>Motive la exhibici\u00f3n, debido uso y respeto a la bandera estadounidense en las casas, las escuelas y las comunidades.<\/p>\n<p>Recite el Juramento a la Bandera en cada reuni\u00f3n. Coordine para que se escuche m\u00fasica o mensajes cortos, patri\u00f3ticos e inspiradores, cuando se presenta la bandera.<\/p>\n<p>Fomente la realizaci\u00f3n de eventos especiales en conjunto con la celebraci\u00f3n de las fechas patrias.<\/p>\n<p>Coopere con organizaciones de trayectoria en el trabajo de educaci\u00f3n c\u00edvica.<\/p>\n<p>Invite a los j\u00f3venes a participar en las reuniones de la PTA, reclute l\u00edderes y patrocine grupos cuando sea indicado. (Organizaciones comunitarias, copatrocinio y coaliciones, secci\u00f3n 2.7).<\/p>\n<p>Coordine la realizaci\u00f3n de ceremonias de reconocimiento comunitario a los ciudadanos reci\u00e9n naturalizados.<\/p>\n<p><\/div>  <\/div><!-- end div.wp-spoiler --><div id=\"wp-spoiler-2\" class=\"wp-spoiler wpui-hashable wpui-light wpui-styles\" data-style=\"wpui-light\">  <h3 class=\"wp-spoiler-title wpui-hashable fade-true slide-true open-false\">Elecciones<\/h3><div class=\"wpui-hidden wp-spoiler-content\"><\/p>\n<p>Enfatice la importancia de votar en todas las elecciones. Coopere con otros grupos comunitarios en campa\u00f1as de empadronamiento y de \u201cSalga a votar\u201d.<\/p>\n<p>Fomente la participaci\u00f3n estudiantil en el proceso electoral.<\/p>\n<p>Enfatice la necesidad de que todos los ciudadanos conozcan las leyes electorales, incluyendo los requisitos de empadronamiento.<\/p>\n<p>Haga arreglos para ceremonias de reconocimiento comunitario de nuevos ciudadanos naturalizados. (Vea Activismo 4.3).<\/p>\n<p>Presente foros de candidatos<\/div>  <\/div><!-- end div.wp-spoiler --><div id=\"wp-spoiler-3\" class=\"wp-spoiler wpui-hashable wpui-light wpui-styles\" data-style=\"wpui-light\">  <h3 class=\"wp-spoiler-title wpui-hashable fade-true slide-true open-false\">Participaci\u00f3n gubernamental<\/h3><div class=\"wpui-hidden wp-spoiler-content\"><\/p>\n<p>Distribuya informaci\u00f3n sobre la forma en que las personas pueden participar en el gobierno y mot\u00edvelas a hacerlo.<\/p>\n<p>Promueva proyectos para el estudio del gobierno local, del condado, estatal y nacional.<\/p>\n<p>Fomente la asistencia a reuniones de la junta de educaci\u00f3n, de las comisiones, del concejo de la ciudad y de los supervisores del condado y pida a los asistentes que informen sobre los asuntos de inter\u00e9s para la PTA.<\/p>\n<p>Fomente el nombramiento de j\u00f3venes en las comisiones de la ciudad y del condado.<\/p>\n<p>Organice campa\u00f1as para escribir cartas de apoyo a la legislaci\u00f3n en beneficio de los ni\u00f1os, los j\u00f3venes y las familias<\/div>  <\/div><!-- end div.wp-spoiler --><div id=\"wp-spoiler-4\" class=\"wp-spoiler wpui-hashable wpui-light wpui-styles\" data-style=\"wpui-light\">  <h3 class=\"wp-spoiler-title wpui-hashable fade-true slide-true open-false\">Recursos<\/h3><div class=\"wpui-hidden wp-spoiler-content\"><\/p>\n<p>Legi\u00f3n Estadounidense (www.legion.org)<\/p>\n<p>Departamento de Educaci\u00f3n de California (www.cde.ca.gov)<\/p>\n<p>California Legislative Analyst (www.lao.ca.gov) (para tener los an\u00e1lisis de las medidas en la boleta electoral)<\/p>\n<p>Secretar\u00eda de Estado de California (www.ss.ca.gov)<\/p>\n<p>Biblioteca Estatal de California (www.library.ca.gov)<\/p>\n<p>Constitutional Rights Foundation (Fundaci\u00f3n de Derechos Constitucionales) (www.crf-usa.org)<\/p>\n<p>Registro electoral del condado<\/p>\n<p>Liga de Mujeres Votantes de California (www.smartvoter.org)<\/p>\n<p>Asociaci\u00f3n local de las Naciones Unidas<\/p>\n<p>Rock the Vote (www.rockthevote.org)<\/p>\n<p>US Citizenship and Immigration Services (Servicio de Naturalizaci\u00f3n e Inmigraci\u00f3n de los Estados Unidos) (www.uscis.gov)<\/p>\n<p>Youth Vote Coalition (Coalici\u00f3n de Voto Juvenil) (www.youthvote.org)<\/p>\n<p>L\u00edderes de grupos juveniles<\/p>\n<p><\/div>  <\/div><!-- end div.wp-spoiler --><\/p>\n<p>&nbsp;<\/p>\n","protected":false},"excerpt":{"rendered":"<p>Revisado en enero 2011 \u2013 Asuntos Comunitarios Las actividades de educaci\u00f3n c\u00edvica de la PTA est\u00e1n dise\u00f1adas para proveer informaci\u00f3n e inspiraci\u00f3n para ayudar a los miembros a comprometerse como ciudadanos. Al recordar a los miembros de sus privilegios y responsabilidades e involucrarlos en proyectos comunitarios, la PTA contribuye de forma significativa al estilo de [&hellip;]<\/p>\n","protected":false},"author":8,"featured_media":0,"parent":3982,"menu_order":0,"comment_status":"closed","ping_status":"closed","template":"","meta":{"footnotes":""},"class_list":["post-4052","page","type-page","status-publish","hentry","entry"],"_links":{"self":[{"href":"https:\/\/toolkit.capta.org\/es\/wp-json\/wp\/v2\/pages\/4052","targetHints":{"allow":["GET"]}}],"collection":[{"href":"https:\/\/toolkit.capta.org\/es\/wp-json\/wp\/v2\/pages"}],"about":[{"href":"https:\/\/toolkit.capta.org\/es\/wp-json\/wp\/v2\/types\/page"}],"author":[{"embeddable":true,"href":"https:\/\/toolkit.capta.org\/es\/wp-json\/wp\/v2\/users\/8"}],"replies":[{"embeddable":true,"href":"https:\/\/toolkit.capta.org\/es\/wp-json\/wp\/v2\/comments?post=4052"}],"version-history":[{"count":0,"href":"https:\/\/toolkit.capta.org\/es\/wp-json\/wp\/v2\/pages\/4052\/revisions"}],"up":[{"embeddable":true,"href":"https:\/\/toolkit.capta.org\/es\/wp-json\/wp\/v2\/pages\/3982"}],"wp:attachment":[{"href":"https:\/\/toolkit.capta.org\/es\/wp-json\/wp\/v2\/media?parent=4052"}],"curies":[{"name":"wp","href":"https:\/\/api.w.org\/{rel}","templated":true}]}}