{"id":4056,"date":"2013-11-19T11:13:19","date_gmt":"2013-11-19T19:13:19","guid":{"rendered":"http:\/\/toolkit.capta.org\/programs\/advocacy-action-plans\/education\/"},"modified":"2013-12-12T15:07:50","modified_gmt":"2013-12-12T23:07:50","slug":"education","status":"publish","type":"page","link":"https:\/\/toolkit.capta.org\/es\/programs\/advocacy-action-plans\/education\/","title":{"rendered":"Educaci\u00f3n"},"content":{"rendered":"<p>La PTA de California considera importante que los padres de familia y la comunidad conozcan los problemas educativos que afectan el aprendizaje y el logro de los estudiantes. La PTA debe participar activamente en todos los niveles del proceso de toma de decisiones y en la implementaci\u00f3n de la norma de participaci\u00f3n de los padres de familia exigida por ley (C\u00f3digo de educaci\u00f3n, 11500-11506 y Norma de participaci\u00f3n de padres de familia (1994) de la Junta Estatal de Educaci\u00f3n). La participaci\u00f3n de los padres debe incluir, sin limitaciones:<\/p>\n<ul>\n<li>Informe de responsabilidad escolar (SARC, por sus siglas en ingl\u00e9s), instrumento para informar a la comunidad local acerca de las condiciones y del progreso de la escuela, incluyendo la realizaci\u00f3n de foros p\u00fablicos para compartir resultados con la comunidad.<\/li>\n<li>Presupuesto escolar<\/li>\n<li>Plan de estudios<\/li>\n<li>Evaluaciones<\/li>\n<li>Gobierno o consejo del recinto escolar<\/li>\n<li>Comit\u00e9s consultivos del distrito y de la comunidad<\/li>\n<li>Otros asuntos que afectan los resultados de la educaci\u00f3n<\/li>\n<\/ul>\n<p>El comit\u00e9 de educaci\u00f3n de la PTA y su director deben promover el entendimiento de los prop\u00f3sitos y necesidades de las escuelas p\u00fablicas y fomentan la participaci\u00f3n de los padres de familia y de la comunidad para alcanzar todas las mejoras necesarias en la educaci\u00f3n p\u00fablica. El presidente y el comit\u00e9 de educaci\u00f3n deben destacar y promover la importancia de la participaci\u00f3n de los padres de familia en la educaci\u00f3n de sus hijos.<\/p>\n<p>Para ver detalles adicionales sobre las responsabilidades del Director de Educaci\u00f3n, vea la secci\u00f3n \u201cDescripci\u00f3n de funciones del Director de Educaci\u00f3n\u201d<\/p>\n<p align=\"left\">Consulte \u201cEducaci\u00f3n\u201d en el \u00cdndice de temas relacionados con la defensa activa para resoluciones, declaraciones de posturas y pautas vinculadas.<\/p>\n","protected":false},"excerpt":{"rendered":"<p>La PTA de California considera importante que los padres de familia y la comunidad conozcan los problemas educativos que afectan el aprendizaje y el logro de los estudiantes. La PTA debe participar activamente en todos los niveles del proceso de toma de decisiones y en la implementaci\u00f3n de la norma de participaci\u00f3n de los padres [&hellip;]<\/p>\n","protected":false},"author":8,"featured_media":0,"parent":3982,"menu_order":0,"comment_status":"closed","ping_status":"closed","template":"","meta":{"footnotes":""},"class_list":["post-4056","page","type-page","status-publish","hentry","entry"],"_links":{"self":[{"href":"https:\/\/toolkit.capta.org\/es\/wp-json\/wp\/v2\/pages\/4056","targetHints":{"allow":["GET"]}}],"collection":[{"href":"https:\/\/toolkit.capta.org\/es\/wp-json\/wp\/v2\/pages"}],"about":[{"href":"https:\/\/toolkit.capta.org\/es\/wp-json\/wp\/v2\/types\/page"}],"author":[{"embeddable":true,"href":"https:\/\/toolkit.capta.org\/es\/wp-json\/wp\/v2\/users\/8"}],"replies":[{"embeddable":true,"href":"https:\/\/toolkit.capta.org\/es\/wp-json\/wp\/v2\/comments?post=4056"}],"version-history":[{"count":0,"href":"https:\/\/toolkit.capta.org\/es\/wp-json\/wp\/v2\/pages\/4056\/revisions"}],"up":[{"embeddable":true,"href":"https:\/\/toolkit.capta.org\/es\/wp-json\/wp\/v2\/pages\/3982"}],"wp:attachment":[{"href":"https:\/\/toolkit.capta.org\/es\/wp-json\/wp\/v2\/media?parent=4056"}],"curies":[{"name":"wp","href":"https:\/\/api.w.org\/{rel}","templated":true}]}}