{"id":4059,"date":"2013-11-19T11:14:06","date_gmt":"2013-11-19T19:14:06","guid":{"rendered":"http:\/\/toolkit.capta.org\/programs\/advocacy-action-plans\/environmental-protection\/"},"modified":"2017-10-05T16:27:56","modified_gmt":"2017-10-05T23:27:56","slug":"environmental-protection","status":"publish","type":"page","link":"https:\/\/toolkit.capta.org\/es\/programs\/advocacy-action-plans\/environmental-protection\/","title":{"rendered":"Protecci\u00f3n ambiental"},"content":{"rendered":"<p style=\"text-align: center;\"><em>Revisado en enero de 2007\u2014Salud<\/em><\/p>\n<p>Los recursos naturales se est\u00e1n agotando y destruyendo a una velocidad alarmante. La poblaci\u00f3n mundial va en aumento. El delicado equilibrio de los ecosistemas de nuestro mundo est\u00e1 alterado y, en muchas zonas, este desequilibrio se ha convertido en una amenaza a nuestra salud y a nuestra supervivencia.<\/p>\n<div id=\"wp-spoiler-1\" class=\"wp-spoiler wpui-hashable wpui-light wpui-styles\" data-style=\"wpui-light\">  <h3 class=\"wp-spoiler-title wpui-hashable fade-true slide-true open-false\"><strong>Papel de la PTA<\/strong><\/h3><div class=\"wpui-hidden wp-spoiler-content\">\n<p>Informe a los miembros de que las amenazas al medio ambiente tienen un impacto negativo en la calidad de nuestra vida y salud, y ponen en peligro a las futuras generaciones.<\/p>\n<p>Abogue por la inclusi\u00f3n de la educaci\u00f3n ambiental en el plan de estudios de las escuelas.<\/p>\n<p>Ayude a los miembros a aprender c\u00f3mo apoyar un medio ambiente sostenible que sea seguro y sano para las generaciones presentes y futuras.<\/p>\n<p><\/div>  <\/div><!-- end div.wp-spoiler --><div id=\"wp-spoiler-2\" class=\"wp-spoiler wpui-hashable wpui-light wpui-styles\" data-style=\"wpui-light\">  <h3 class=\"wp-spoiler-title wpui-hashable fade-true slide-true open-false\"><strong>Acciones recomendadas<\/strong><\/h3><div class=\"wpui-hidden wp-spoiler-content\"><\/p>\n<p>Revise la declaraci\u00f3n de postura de la PTA de California, \u201cProtecci\u00f3n ambiental\u201d (Nuestro punto de vista: declaraciones de postura). Consulte \u201cProtecci\u00f3n ambiental\u201d en el \u00cdndice de temas relacionados con la defensa activa para resoluciones, declaraciones de posturas y pautas vinculadas.<\/p>\n<p>Vea tambi\u00e9n las resoluciones de la PTA Nacional sobre la calidad del medio ambiente.<\/p>\n<p>Motive a la escuela y a la PTA a usar productos biodegradables siempre que sea posible.<\/p>\n<p>Presente al menos un programa de educaci\u00f3n ambiental o energ\u00e9tica al a\u00f1o.<\/p>\n<p>Haga que los miembros de la PTA participen en reuniones y audiencias de las dependencias gubernamentales locales en relaci\u00f3n con asuntos ambientales. Mantenga informada a la unidad acerca de asuntos como zonificaci\u00f3n, planificaci\u00f3n, cinturones verdes, espacios abiertos, protecci\u00f3n de la l\u00ednea costera, contaminaci\u00f3n del aire, ruido, carreteras y calidad del agua.<\/p>\n<p>Trabaje con la escuela para llevar a cabo auditor\u00edas de energ\u00eda y estudie formas para conservar los recursos tales como gas y electricidad, y a la vez ahorrarle dinero a la escuela.<\/p>\n<p>Ayude a identificar formas de conservar los recursos mediante la reducci\u00f3n del desperdicio, la reutilizaci\u00f3n y el reciclaje de los materiales.<\/p>\n<p>Aprenda los efectos de los recortes de energ\u00eda en las escuelas y coopere con los esfuerzos de conservaci\u00f3n.<\/p>\n<p>Desarrolle un proyecto relacionado con alg\u00fan tipo de mejoramiento ambiental o conservaci\u00f3n de los recursos naturales.<\/p>\n<p>Patrocine o apoye proyectos estudiantiles de mejoramiento ambiental o de conservaci\u00f3n, tales como reciclaje, clubes de ecolog\u00eda, senderos naturales, excursiones, museos infantiles, programas de educaci\u00f3n al aire libre y la reserva de amapolas y flores silvestres.<\/p>\n<p>Organice un paseo a una instituci\u00f3n p\u00fablica, laboratorio o sitio industrial de su comunidad para aprender qu\u00e9 se est\u00e1 haciendo para mitigar los problemas ambientales.<\/p>\n<p>Participe en celebraciones como el D\u00eda de la Tierra, el D\u00eda del \u00c1rbol, la Semana de la Conservaci\u00f3n y otros eventos relacionados.<\/p>\n<p><\/div>  <\/div><!-- end div.wp-spoiler --><div id=\"wp-spoiler-3\" class=\"wp-spoiler wpui-hashable wpui-light wpui-styles\" data-style=\"wpui-light\">  <h3 class=\"wp-spoiler-title wpui-hashable fade-true slide-true open-false\"><strong>Recursos adicionales<\/strong><\/h3><div class=\"wpui-hidden wp-spoiler-content\"><\/p>\n<p>Educaci\u00f3n ambiental y energ\u00e9tica del Departamento de Educaci\u00f3n de California<\/p>\n<p>California Environmental Protection Agency (Oficina del Medio Ambiente de California) (www.calepa.ca.gov\/Education\/EEI\/default.htm)<\/p>\n<p>Fundaci\u00f3n de parques estatales de Oakland, CA<\/p>\n<p>Servicio de parques nacionales (www.nps.gov)<\/p>\n<p>Agencia de protecci\u00f3n del medio ambiente de los Estados Unidos, Washington, DC<\/p>\n<p><\/div>  <\/div><!-- end div.wp-spoiler --><\/p>\n<p>&nbsp;<\/p>\n","protected":false},"excerpt":{"rendered":"<p>Revisado en enero de 2007\u2014Salud Los recursos naturales se est\u00e1n agotando y destruyendo a una velocidad alarmante. La poblaci\u00f3n mundial va en aumento. El delicado equilibrio de los ecosistemas de nuestro mundo est\u00e1 alterado y, en muchas zonas, este desequilibrio se ha convertido en una amenaza a nuestra salud y a nuestra supervivencia. &nbsp;<\/p>\n","protected":false},"author":8,"featured_media":0,"parent":3982,"menu_order":0,"comment_status":"closed","ping_status":"closed","template":"","meta":{"footnotes":""},"class_list":["post-4059","page","type-page","status-publish","hentry","entry"],"_links":{"self":[{"href":"https:\/\/toolkit.capta.org\/es\/wp-json\/wp\/v2\/pages\/4059","targetHints":{"allow":["GET"]}}],"collection":[{"href":"https:\/\/toolkit.capta.org\/es\/wp-json\/wp\/v2\/pages"}],"about":[{"href":"https:\/\/toolkit.capta.org\/es\/wp-json\/wp\/v2\/types\/page"}],"author":[{"embeddable":true,"href":"https:\/\/toolkit.capta.org\/es\/wp-json\/wp\/v2\/users\/8"}],"replies":[{"embeddable":true,"href":"https:\/\/toolkit.capta.org\/es\/wp-json\/wp\/v2\/comments?post=4059"}],"version-history":[{"count":2,"href":"https:\/\/toolkit.capta.org\/es\/wp-json\/wp\/v2\/pages\/4059\/revisions"}],"predecessor-version":[{"id":8846,"href":"https:\/\/toolkit.capta.org\/es\/wp-json\/wp\/v2\/pages\/4059\/revisions\/8846"}],"up":[{"embeddable":true,"href":"https:\/\/toolkit.capta.org\/es\/wp-json\/wp\/v2\/pages\/3982"}],"wp:attachment":[{"href":"https:\/\/toolkit.capta.org\/es\/wp-json\/wp\/v2\/media?parent=4059"}],"curies":[{"name":"wp","href":"https:\/\/api.w.org\/{rel}","templated":true}]}}