{"id":4069,"date":"2013-11-19T11:16:38","date_gmt":"2013-11-19T19:16:38","guid":{"rendered":"http:\/\/toolkit.capta.org\/programs\/advocacy-action-plans\/homeless-families-and-children\/"},"modified":"2017-10-05T16:29:28","modified_gmt":"2017-10-05T23:29:28","slug":"homeless-families-and-children","status":"publish","type":"page","link":"https:\/\/toolkit.capta.org\/es\/programs\/advocacy-action-plans\/homeless-families-and-children\/","title":{"rendered":"Familias y ni\u00f1os sin hogar"},"content":{"rendered":"<p style=\"text-align: center;\"><em>Revisado en enero 2011 \u2013 Asuntos Comunitarios<\/em><\/p>\n<p>Entre la poblaci\u00f3n que actualmente vive en las calles de la naci\u00f3n, las familias con ni\u00f1os peque\u00f1os se han convertido en el segmento de crecimiento m\u00e1s r\u00e1pido.<\/p>\n<p>Una familia se considera sin hogar si, debido a la falta de vivienda, deben residir en un albergue, motel, veh\u00edculo, lugar de campamento, la calle, edificios abandonados, o remolques en la calle, o si deben compartir un techo con parientes o amigos.<\/p>\n<p>Las familias sin hogar no tienen que proporcionar una direcci\u00f3n permanente para poder matricular a los ni\u00f1os en la escuela. Todos los ni\u00f1os tienen derecho a la educaci\u00f3n p\u00fablica y es la responsabilidad compartida de los padres de familia y las escuelas de velar por que cada uno de ellos la reciba.<\/p>\n<p><div id=\"wp-spoiler-1\" class=\"wp-spoiler wpui-hashable wpui-light wpui-styles\" data-style=\"wpui-light\">  <h3 class=\"wp-spoiler-title wpui-hashable fade-true slide-true open-false\"><strong>Papel de la PTA<\/strong><\/h3><div class=\"wpui-hidden wp-spoiler-content\">Apoyar el financiamiento y legislaci\u00f3n para una vivienda adecuada para todas las familias e informar a los padres de familia\/tutores y encargados c\u00f3mo obtener acceso a los servicios educativos, m\u00e9dicos y comunitarios.<\/div>  <\/div><!-- end div.wp-spoiler --><div id=\"wp-spoiler-2\" class=\"wp-spoiler wpui-hashable wpui-light wpui-styles\" data-style=\"wpui-light\">  <h3 class=\"wp-spoiler-title wpui-hashable fade-true slide-true open-false\">Acciones recomendadas<\/h3><div class=\"wpui-hidden wp-spoiler-content\"><\/p>\n<p>Consulte la declaraci\u00f3n de postura de la PTA de California \u201cFamilias y ni\u00f1os sin hogar\u201d (Nuestro punto de vista: Declaraciones de postura; secci\u00f3n 4.5.36). Vea la secci\u00f3n \u201cMenores\u201d en el \u00cdndice de temas relacionados con la defensa activa para resoluciones, declaraciones de posturas o pautas vinculadas.<\/p>\n<p>Abogue por la existencia de suficientes albergues de emergencia y viviendas de bajo costo para las familias.<\/p>\n<p>Abogue por que el gobierno ofrezca capacitaci\u00f3n y educaci\u00f3n a los padres de familia y encargados sin trabajo para que puedan llegar a ser autosuficientes.<\/p>\n<p>Abogue por pol\u00edticas escolares que reconozcan las necesidades de los ni\u00f1os y las familias desamparados.<\/p>\n<p>Provea oportunidades para que los ni\u00f1os que no pueden costear las actividades escolares puedan participar.<\/p>\n<p>Establezca un \u201ccl\u00f3set de ropa\u201d o una labor conjunta con la comunidad para proveer ropa nueva o usada, limpia y en buen estado y de zapatos, medias, ropa interior y suministros de higiene nuevos a los ni\u00f1os en situaciones de emergencia. Tambi\u00e9n se podr\u00edan proveer v\u00edveres no perecederos de emergencia.<\/p>\n<p>Ofrezca reuniones educativas a los padres, utilizando los materiales de la PTA, para todos los padres, incluyendo a padres sin hogar, o localice expertos en el campo a fin de que ense\u00f1en destrezas para ser padres, t\u00e9cnicas de lectura y temas de nutrici\u00f3n, as\u00ed como autoestima. Anime a la colaboraci\u00f3n con los refugios, bancos de alimentos y otras entidades comunitarias que ayudan a los que no tienen hogar.<\/p>\n<p><\/div>  <\/div><!-- end div.wp-spoiler --><div id=\"wp-spoiler-3\" class=\"wp-spoiler wpui-hashable wpui-light wpui-styles\" data-style=\"wpui-light\">  <h3 class=\"wp-spoiler-title wpui-hashable fade-true slide-true open-false\"><strong>Recursos adicionales<\/strong><\/h3><div class=\"wpui-hidden wp-spoiler-content\"><\/p>\n<p>La Ley Stewart B. McKinney de Asistencia a los Desamparados mejora los servicios para las personas sin hogar, incluyendo albergues de emergencia, servicios m\u00e9dicos y capacitaci\u00f3n laboral. Las normas, recursos y una lista de los programas educativos actuales para ni\u00f1os y j\u00f3venes desamparados de California est\u00e1n disponibles en el sitio Web www.cde.ca.gov\/cilbranch\/homeless\/homelesstoc.html.<\/p>\n<p>Bridge of Hope (Puente de la Esperanza) (www.bridgeofhopeinc.org)<\/p>\n<p>California Housing Adovcates (Defensores de la Vivienda de California) (www.housingadvocates.org)<\/p>\n<p>Clothe Homeless Children (Vestidos para los Ni\u00f1os Desamparados) (www.WorldVision.org)<\/p>\n<p>Homes for the Homeless (Vivienda para los Desamparados) (www.homesforthehomeless.com)<\/p>\n<p>National Association for Education of Homeless Children (Asociaci\u00f3n Nacional para la Educaci\u00f3n de los Ni\u00f1os Desamparados) (www.naehcy.org)<\/p>\n<p>National Center for Homeless Education (NCHE) Greensboro, N.C. (Centro Nacional para la Educaci\u00f3n de los Desamparados); tel\u00e9fonos 800.755.3277 o l\u00ednea de ayuda 800.308.2145; http:\/\/www.serve.org\/nche\/<\/p>\n<p>National Resource Center on Homelessness and Mental Illness (Centro Nacional de Recursos para el Desamparo y la Enfermedad Mental); 262 Delaware Avenue, Delmar, NY 12054; Tel\u00e9fono 800.444.7415; (http:\/\/www.nrchmi.samhsa.gov\/default.aspx)<\/p>\n<p>U.S. Department of Education (Departamento de Educaci\u00f3n de los Estados Unidos) (www.ed.gov\/programs\/homeless\/guidance.pdf)<\/p>\n<p><\/div>  <\/div><!-- end div.wp-spoiler --><\/p>\n<p>&nbsp;<\/p>\n","protected":false},"excerpt":{"rendered":"<p>Revisado en enero 2011 \u2013 Asuntos Comunitarios Entre la poblaci\u00f3n que actualmente vive en las calles de la naci\u00f3n, las familias con ni\u00f1os peque\u00f1os se han convertido en el segmento de crecimiento m\u00e1s r\u00e1pido. Una familia se considera sin hogar si, debido a la falta de vivienda, deben residir en un albergue, motel, veh\u00edculo, lugar [&hellip;]<\/p>\n","protected":false},"author":8,"featured_media":0,"parent":3982,"menu_order":0,"comment_status":"closed","ping_status":"closed","template":"","meta":{"footnotes":""},"class_list":["post-4069","page","type-page","status-publish","hentry","entry"],"_links":{"self":[{"href":"https:\/\/toolkit.capta.org\/es\/wp-json\/wp\/v2\/pages\/4069","targetHints":{"allow":["GET"]}}],"collection":[{"href":"https:\/\/toolkit.capta.org\/es\/wp-json\/wp\/v2\/pages"}],"about":[{"href":"https:\/\/toolkit.capta.org\/es\/wp-json\/wp\/v2\/types\/page"}],"author":[{"embeddable":true,"href":"https:\/\/toolkit.capta.org\/es\/wp-json\/wp\/v2\/users\/8"}],"replies":[{"embeddable":true,"href":"https:\/\/toolkit.capta.org\/es\/wp-json\/wp\/v2\/comments?post=4069"}],"version-history":[{"count":1,"href":"https:\/\/toolkit.capta.org\/es\/wp-json\/wp\/v2\/pages\/4069\/revisions"}],"predecessor-version":[{"id":8847,"href":"https:\/\/toolkit.capta.org\/es\/wp-json\/wp\/v2\/pages\/4069\/revisions\/8847"}],"up":[{"embeddable":true,"href":"https:\/\/toolkit.capta.org\/es\/wp-json\/wp\/v2\/pages\/3982"}],"wp:attachment":[{"href":"https:\/\/toolkit.capta.org\/es\/wp-json\/wp\/v2\/media?parent=4069"}],"curies":[{"name":"wp","href":"https:\/\/api.w.org\/{rel}","templated":true}]}}