{"id":4086,"date":"2013-11-19T11:29:29","date_gmt":"2013-11-19T19:29:29","guid":{"rendered":"http:\/\/toolkit.capta.org\/programs\/awards\/phoebe-apperson-hearst-family-school-partnership-awards\/"},"modified":"2013-12-12T16:14:15","modified_gmt":"2013-12-13T00:14:15","slug":"phoebe-apperson-hearst-family-school-partnership-awards","status":"publish","type":"page","link":"https:\/\/toolkit.capta.org\/es\/programs\/awards\/phoebe-apperson-hearst-family-school-partnership-awards\/","title":{"rendered":"Premios Phoebe Apperson Hearst para las Alianzas entre la Familia y la Escuela de la PTA Nacional"},"content":{"rendered":"<p>Premios Phoebe Apperson Hearst para las Alianzas entre la Familia y la Escuela de la PTA Nacional reconocen y celebran las PTA que tienen \u00e9xito en la implementaci\u00f3n del Est\u00e1ndar nacional para la colaboraci\u00f3n entre la escuela y la familia.<\/p>\n<p>Hay tres niveles de reconocimiento:<\/p>\n<ul>\n<li>El Premio a la Colaboraci\u00f3n Destacada Entre la Familia y la Escuela (Outstanding Family-School Partnership Award) se otorgar\u00e1 a una PTA local que haya destacado en la implementaci\u00f3n del Est\u00e1ndar nacional e incluye un premio en efectivo de dos mil d\u00f3lares ($2,000).<\/li>\n<li>El Premio a la Excelencia en Colaboraci\u00f3n Entre Familia y Escuela (Family-School Partnership Award of Excellence) se otorgar\u00e1 a seis PTA locales, que represente cada una lo mejor de cada uno de los seis par\u00e1metros del Est\u00e1ndar nacional e incluye un premio en efectivo de quinientos d\u00f3lares ($500).<\/li>\n<li>El Premio al M\u00e9rito en Colaboraci\u00f3n Entre Familia y Escuela (Family-School Partnership Award of Merit) se otorgar\u00e1 a todas las PTA que soliciten el premio, como reconocimiento de su compromiso para actuar colaborativamente.<\/li>\n<\/ul>\n<p>Cualquier PTA local, consejo o distrito en buen estado ante las PTA del estado y nacional pueden solicitarlos.<\/p>\n<p>Para que se le tome en cuenta para un premio, una PTA debe completar y enviar la solicitud en l\u00ednea en www.pta.org\/hearst o enviar una solicitud impresa.<\/p>\n","protected":false},"excerpt":{"rendered":"<p>Premios Phoebe Apperson Hearst para las Alianzas entre la Familia y la Escuela de la PTA Nacional reconocen y celebran las PTA que tienen \u00e9xito en la implementaci\u00f3n del Est\u00e1ndar nacional para la colaboraci\u00f3n entre la escuela y la familia. Hay tres niveles de reconocimiento: El Premio a la Colaboraci\u00f3n Destacada Entre la Familia y [&hellip;]<\/p>\n","protected":false},"author":8,"featured_media":0,"parent":3985,"menu_order":0,"comment_status":"closed","ping_status":"closed","template":"","meta":{"footnotes":""},"class_list":["post-4086","page","type-page","status-publish","hentry","entry"],"_links":{"self":[{"href":"https:\/\/toolkit.capta.org\/es\/wp-json\/wp\/v2\/pages\/4086","targetHints":{"allow":["GET"]}}],"collection":[{"href":"https:\/\/toolkit.capta.org\/es\/wp-json\/wp\/v2\/pages"}],"about":[{"href":"https:\/\/toolkit.capta.org\/es\/wp-json\/wp\/v2\/types\/page"}],"author":[{"embeddable":true,"href":"https:\/\/toolkit.capta.org\/es\/wp-json\/wp\/v2\/users\/8"}],"replies":[{"embeddable":true,"href":"https:\/\/toolkit.capta.org\/es\/wp-json\/wp\/v2\/comments?post=4086"}],"version-history":[{"count":0,"href":"https:\/\/toolkit.capta.org\/es\/wp-json\/wp\/v2\/pages\/4086\/revisions"}],"up":[{"embeddable":true,"href":"https:\/\/toolkit.capta.org\/es\/wp-json\/wp\/v2\/pages\/3985"}],"wp:attachment":[{"href":"https:\/\/toolkit.capta.org\/es\/wp-json\/wp\/v2\/media?parent=4086"}],"curies":[{"name":"wp","href":"https:\/\/api.w.org\/{rel}","templated":true}]}}