{"id":4090,"date":"2013-11-19T11:31:23","date_gmt":"2013-11-19T19:31:23","guid":{"rendered":"http:\/\/toolkit.capta.org\/programs\/awards\/californias-pta-spotlight-awards\/"},"modified":"2018-12-12T12:59:20","modified_gmt":"2018-12-12T20:59:20","slug":"californias-pta-spotlight-awards","status":"publish","type":"page","link":"https:\/\/toolkit.capta.org\/es\/programs\/awards\/californias-pta-spotlight-awards\/","title":{"rendered":"Premios Spotlight de la PTA del Estado de California"},"content":{"rendered":"<p>La PTA del Estado de California reconoce los logros de las unidades y consejos locales. Despu\u00e9s de considerar el presupuesto y la capacidad, la PTA del Estado de California anunciar\u00e1 los premios y reconocimientos para el pr\u00f3ximo per\u00edodo. Por favor, vea el sitio web y boletines para m\u00e1s detalles.<\/p>\n","protected":false},"excerpt":{"rendered":"<p>La PTA del Estado de California reconoce los logros de las unidades y consejos locales. Despu\u00e9s de considerar el presupuesto y la capacidad, la PTA del Estado de California anunciar\u00e1 los premios y reconocimientos para el pr\u00f3ximo per\u00edodo. Por favor, vea el sitio web y boletines para m\u00e1s detalles.<\/p>\n","protected":false},"author":8,"featured_media":0,"parent":3985,"menu_order":0,"comment_status":"closed","ping_status":"closed","template":"","meta":{"footnotes":""},"class_list":["post-4090","page","type-page","status-publish","hentry","entry"],"_links":{"self":[{"href":"https:\/\/toolkit.capta.org\/es\/wp-json\/wp\/v2\/pages\/4090","targetHints":{"allow":["GET"]}}],"collection":[{"href":"https:\/\/toolkit.capta.org\/es\/wp-json\/wp\/v2\/pages"}],"about":[{"href":"https:\/\/toolkit.capta.org\/es\/wp-json\/wp\/v2\/types\/page"}],"author":[{"embeddable":true,"href":"https:\/\/toolkit.capta.org\/es\/wp-json\/wp\/v2\/users\/8"}],"replies":[{"embeddable":true,"href":"https:\/\/toolkit.capta.org\/es\/wp-json\/wp\/v2\/comments?post=4090"}],"version-history":[{"count":3,"href":"https:\/\/toolkit.capta.org\/es\/wp-json\/wp\/v2\/pages\/4090\/revisions"}],"predecessor-version":[{"id":9642,"href":"https:\/\/toolkit.capta.org\/es\/wp-json\/wp\/v2\/pages\/4090\/revisions\/9642"}],"up":[{"embeddable":true,"href":"https:\/\/toolkit.capta.org\/es\/wp-json\/wp\/v2\/pages\/3985"}],"wp:attachment":[{"href":"https:\/\/toolkit.capta.org\/es\/wp-json\/wp\/v2\/media?parent=4090"}],"curies":[{"name":"wp","href":"https:\/\/api.w.org\/{rel}","templated":true}]}}