{"id":4098,"date":"2013-11-19T11:39:02","date_gmt":"2013-11-19T19:39:02","guid":{"rendered":"http:\/\/toolkit.capta.org\/programs\/awards\/acknowledging-service-and-honoring-presidents\/"},"modified":"2013-12-13T11:58:15","modified_gmt":"2013-12-13T19:58:15","slug":"acknowledging-service-and-honoring-presidents","status":"publish","type":"page","link":"https:\/\/toolkit.capta.org\/es\/programs\/awards\/acknowledging-service-and-honoring-presidents\/","title":{"rendered":"Reconocimiento de servicio y galardones a presidentes"},"content":{"rendered":"<p>Adem\u00e1s del HSA, se pueden entregar otros broches de la PTA para representar el compromiso de servicio y protecci\u00f3n de la ni\u00f1ez y de la juventud de alg\u00fan individuo.<\/p>\n<p>Al usar este emblema, los miembros indican que tienen participaci\u00f3n en este servicio.<\/p>\n<p>La PTA de California utiliza un dise\u00f1o b\u00e1sico para los broches, los cuales se deben usar como se indica:<\/p>\n<ul>\n<li>El broche de membres\u00eda puede ser usado por los miembros.<\/li>\n<li>El broche del presidente, con el nombre de la unidad, del consejo o del distrito de la PTA grabado en la barra, es un s\u00edmbolo del cargo; lo usa el presidente durante su mandato y lo entrega al presidente sucesor.<\/li>\n<li>El broche de ex presidente de la unidad, con una bellota, lo pueden usar los ex presidentes de unidades.<\/li>\n<li>El broche de ex presidente del consejo, con dos bellotas, lo pueden usar los ex presidentes de consejos.<\/li>\n<li>El broche de ex presidente del distrito de la PTA, con tres bellotas, lo pueden usar los ex presidentes de distritos al terminar su mandato.<\/li>\n<\/ul>\n<p>Los broches de ex presidentes deben estar grabados con el nombre de la unidad, del consejo o del distrito de PTA en la barra y los a\u00f1os de servicio y sus iniciales en el dorso del emblema.<\/p>\n<p>Los presidentes deben haber servido la mitad del per\u00edodo de mandato para ser elegibles para el broche de ex presidentes, excepto en el caso del primer presidente de una organizaci\u00f3n nueva.<\/p>\n<p>Nunca se agregan bellotas adicionales por servir m\u00e1s de un per\u00edodo en la misma unidad, consejo o distrito de la PTA, ni por ser presidente de m\u00e1s de una unidad, consejo o distrito de la PTA. Se deben dar broches separados por cada unidad, consejo o distrito de PTA en que se haya servido.<\/p>\n<p>Es apropiado usar el emblema de la PTA cuando se est\u00e9 representando a la organizaci\u00f3n o trabajando para ella. Es responsabilidad de cada individuo determinar cu\u00e1ndo, d\u00f3nde y cu\u00e1ntos broches se deben usar. Los broches se pueden comprar por medio de la PTA de California.<\/p>\n","protected":false},"excerpt":{"rendered":"<p>Adem\u00e1s del HSA, se pueden entregar otros broches de la PTA para representar el compromiso de servicio y protecci\u00f3n de la ni\u00f1ez y de la juventud de alg\u00fan individuo. Al usar este emblema, los miembros indican que tienen participaci\u00f3n en este servicio. La PTA de California utiliza un dise\u00f1o b\u00e1sico para los broches, los cuales [&hellip;]<\/p>\n","protected":false},"author":8,"featured_media":0,"parent":3985,"menu_order":0,"comment_status":"closed","ping_status":"closed","template":"","meta":{"footnotes":""},"class_list":["post-4098","page","type-page","status-publish","hentry","entry"],"_links":{"self":[{"href":"https:\/\/toolkit.capta.org\/es\/wp-json\/wp\/v2\/pages\/4098","targetHints":{"allow":["GET"]}}],"collection":[{"href":"https:\/\/toolkit.capta.org\/es\/wp-json\/wp\/v2\/pages"}],"about":[{"href":"https:\/\/toolkit.capta.org\/es\/wp-json\/wp\/v2\/types\/page"}],"author":[{"embeddable":true,"href":"https:\/\/toolkit.capta.org\/es\/wp-json\/wp\/v2\/users\/8"}],"replies":[{"embeddable":true,"href":"https:\/\/toolkit.capta.org\/es\/wp-json\/wp\/v2\/comments?post=4098"}],"version-history":[{"count":0,"href":"https:\/\/toolkit.capta.org\/es\/wp-json\/wp\/v2\/pages\/4098\/revisions"}],"up":[{"embeddable":true,"href":"https:\/\/toolkit.capta.org\/es\/wp-json\/wp\/v2\/pages\/3985"}],"wp:attachment":[{"href":"https:\/\/toolkit.capta.org\/es\/wp-json\/wp\/v2\/media?parent=4098"}],"curies":[{"name":"wp","href":"https:\/\/api.w.org\/{rel}","templated":true}]}}