{"id":4102,"date":"2013-11-19T11:41:11","date_gmt":"2013-11-19T19:41:11","guid":{"rendered":"http:\/\/toolkit.capta.org\/programs\/awards\/legacy-pta-awards\/"},"modified":"2013-12-13T11:59:07","modified_gmt":"2013-12-13T19:59:07","slug":"legacy-pta-awards","status":"publish","type":"page","link":"https:\/\/toolkit.capta.org\/es\/programs\/awards\/legacy-pta-awards\/","title":{"rendered":"Premios Legado de la PTA"},"content":{"rendered":"<p>El Premio Legado de la PTA se entrega cada a\u00f1o por la PTA de California a las unidades, consejos y distritos que han alcanzado un hito determinado anual como una asociaci\u00f3n de PTA organizada. Las PTA locales, de consejo y distrito activas y que hayan llegado a cincuenta (50), sesenta (60), setenta (70), setenta y cinco (75), ochenta (80), noventa (90) y cien (100) a\u00f1os establecidos son reconocidas como Legado de la PTA con un certificado emitido por la PTA de California. Adem\u00e1s, se alienta a todos los homenajeados del Legado PTA a asistir a la Convenci\u00f3n de la PTA de California para recibir la cinta \u201cUn Legado de PTA\u201d y ser reconocidos por su logro. Los premiados que han alcanzado su centenario como asociaci\u00f3n de PTA ser\u00e1n reconocidos en el escenario en la Convenci\u00f3n estatal por el presidente de la PTA de California.<\/p>\n","protected":false},"excerpt":{"rendered":"<p>El Premio Legado de la PTA se entrega cada a\u00f1o por la PTA de California a las unidades, consejos y distritos que han alcanzado un hito determinado anual como una asociaci\u00f3n de PTA organizada. Las PTA locales, de consejo y distrito activas y que hayan llegado a cincuenta (50), sesenta (60), setenta (70), setenta y [&hellip;]<\/p>\n","protected":false},"author":8,"featured_media":0,"parent":3985,"menu_order":0,"comment_status":"closed","ping_status":"closed","template":"","meta":{"footnotes":""},"class_list":["post-4102","page","type-page","status-publish","hentry","entry"],"_links":{"self":[{"href":"https:\/\/toolkit.capta.org\/es\/wp-json\/wp\/v2\/pages\/4102","targetHints":{"allow":["GET"]}}],"collection":[{"href":"https:\/\/toolkit.capta.org\/es\/wp-json\/wp\/v2\/pages"}],"about":[{"href":"https:\/\/toolkit.capta.org\/es\/wp-json\/wp\/v2\/types\/page"}],"author":[{"embeddable":true,"href":"https:\/\/toolkit.capta.org\/es\/wp-json\/wp\/v2\/users\/8"}],"replies":[{"embeddable":true,"href":"https:\/\/toolkit.capta.org\/es\/wp-json\/wp\/v2\/comments?post=4102"}],"version-history":[{"count":0,"href":"https:\/\/toolkit.capta.org\/es\/wp-json\/wp\/v2\/pages\/4102\/revisions"}],"up":[{"embeddable":true,"href":"https:\/\/toolkit.capta.org\/es\/wp-json\/wp\/v2\/pages\/3985"}],"wp:attachment":[{"href":"https:\/\/toolkit.capta.org\/es\/wp-json\/wp\/v2\/media?parent=4102"}],"curies":[{"name":"wp","href":"https:\/\/api.w.org\/{rel}","templated":true}]}}