{"id":4108,"date":"2013-11-22T13:05:06","date_gmt":"2013-11-22T21:05:06","guid":{"rendered":"http:\/\/toolkit.capta.org\/programs\/popular-events\/community-and-wellness-fairs\/"},"modified":"2013-12-13T13:47:08","modified_gmt":"2013-12-13T21:47:08","slug":"community-and-wellness-fairs","status":"publish","type":"page","link":"https:\/\/toolkit.capta.org\/es\/programs\/popular-events\/community-and-wellness-fairs\/","title":{"rendered":"Ferias comunitarias de salud y bienestar"},"content":{"rendered":"<p>El patrocinio de una feria comunitaria de salud y bienestar permitir\u00e1 a la PTA compartir informaci\u00f3n pr\u00e1ctica y valiosa.<\/p>\n<p>Las ferias pueden:<\/p>\n<ul>\n<li>Promover buenas pr\u00e1cticas personales y familiares.<\/li>\n<li>Proveer servicios de diagn\u00f3stico a su escuela y comunidad (y seguimiento, cuando las pruebas iniciales indican que se requieren ex\u00e1menes adicionales).<\/li>\n<li>Utilizar profesionales de la comunidad para identificar problemas potenciales relacionados con la salud que, si se tratan adecuadamente, pueden eliminarse o puede evitarse su agravamiento.<\/li>\n<li>Promover la seguridad en la casa, la escuela y la comunidad.<\/li>\n<li>Proveer a la comunidad con una variedad de informaci\u00f3n y recursos educativos.<\/li>\n<li>Enfatizar la pr\u00e1ctica de buenos h\u00e1bitos.<\/li>\n<li>Establecer conexiones con las organizaciones y dependencias de su comunidad.<\/li>\n<\/ul>\n<p>Los materiales y gu\u00edas de planificaci\u00f3n pueden encontrarse en Ferias de la salud en la punta de sus dedos&#8230;una gu\u00eda pr\u00e1ctica para una feria de salud exitosa, www.capta.org, bajo Programas, Salud, Eventos.<\/p>\n","protected":false},"excerpt":{"rendered":"<p>El patrocinio de una feria comunitaria de salud y bienestar permitir\u00e1 a la PTA compartir informaci\u00f3n pr\u00e1ctica y valiosa. Las ferias pueden: Promover buenas pr\u00e1cticas personales y familiares. Proveer servicios de diagn\u00f3stico a su escuela y comunidad (y seguimiento, cuando las pruebas iniciales indican que se requieren ex\u00e1menes adicionales). Utilizar profesionales de la comunidad para [&hellip;]<\/p>\n","protected":false},"author":8,"featured_media":0,"parent":3988,"menu_order":0,"comment_status":"closed","ping_status":"closed","template":"","meta":{"footnotes":""},"class_list":["post-4108","page","type-page","status-publish","hentry","entry"],"_links":{"self":[{"href":"https:\/\/toolkit.capta.org\/es\/wp-json\/wp\/v2\/pages\/4108","targetHints":{"allow":["GET"]}}],"collection":[{"href":"https:\/\/toolkit.capta.org\/es\/wp-json\/wp\/v2\/pages"}],"about":[{"href":"https:\/\/toolkit.capta.org\/es\/wp-json\/wp\/v2\/types\/page"}],"author":[{"embeddable":true,"href":"https:\/\/toolkit.capta.org\/es\/wp-json\/wp\/v2\/users\/8"}],"replies":[{"embeddable":true,"href":"https:\/\/toolkit.capta.org\/es\/wp-json\/wp\/v2\/comments?post=4108"}],"version-history":[{"count":0,"href":"https:\/\/toolkit.capta.org\/es\/wp-json\/wp\/v2\/pages\/4108\/revisions"}],"up":[{"embeddable":true,"href":"https:\/\/toolkit.capta.org\/es\/wp-json\/wp\/v2\/pages\/3988"}],"wp:attachment":[{"href":"https:\/\/toolkit.capta.org\/es\/wp-json\/wp\/v2\/media?parent=4108"}],"curies":[{"name":"wp","href":"https:\/\/api.w.org\/{rel}","templated":true}]}}