{"id":4122,"date":"2013-11-19T11:56:15","date_gmt":"2013-11-19T19:56:15","guid":{"rendered":"http:\/\/toolkit.capta.org\/programs\/popular-events\/red-ribbon-week\/"},"modified":"2014-05-15T14:06:38","modified_gmt":"2014-05-15T21:06:38","slug":"red-ribbon-week","status":"publish","type":"page","link":"https:\/\/toolkit.capta.org\/es\/programs\/popular-events\/red-ribbon-week\/","title":{"rendered":"Celebraci\u00f3n de la Semana del Lazo Rojo"},"content":{"rendered":"<p><em>Revisado en octubre de 2010 \u2013 Asuntos Comunitarios<\/em><\/p>\n<p><a href=\"http:\/\/toolkit.capta.org\/wp-content\/uploads\/2013\/11\/ribbon.png\"><img loading=\"lazy\" decoding=\"async\" class=\"size-full wp-image-4335 alignright\" src=\"http:\/\/toolkit.capta.org\/wp-content\/uploads\/2013\/11\/ribbon.png\" alt=\"ribbon\" width=\"69\" height=\"102\" \/><\/a>En 1985 Enrique \u201cKiki\u201d Camarena fue secuestrado, brutalmente torturado y asesinado por narcotraficantes mexicanos. Su tr\u00e1gica muerte abri\u00f3 los ojos de muchos estadounidenses a los peligros de las drogas y el alcance internacional del tr\u00e1fico de drogas.<\/p>\n<p>Poco despu\u00e9s de la muerte de \u201cKiki\u201d, el congresista Duncan Hunter y el amigo de la escuela secundaria de \u201cKiki\u201d Henry Lozano lanzaron \u201cClubes Camarena\u201d en la ciudad natal de \u201cKiki\u201d, Calexico en California. Cientos de miembros del club se comprometieron a llevar una vida libre de drogas para honrar la memoria de \u201cKiki\u201d Camarena. Estas promesas fueron entregadas a la primera dama Nancy Reagan en una conferencia nacional de padres que luchan contra el uso de drogas entre la juventud. Varias organizaciones de padres del estado pidieron a grupos comunitarios llevar cintas rojas durante la \u00faltima semana de octubre como s\u00edmbolo de su compromiso de estar libres de drogas. En 1988, la Asociaci\u00f3n Nacional de la Familia (NFP) coordin\u00f3 la primera Semana Nacional de List\u00f3n Rojo y el Presidente y la se\u00f1ora Reagan fueron presidentes honorarios.<\/p>\n<p><strong>C\u00f3mo celebrar la semana del list\u00f3n rojo<\/strong><\/p>\n<ul>\n<li>El NFP calcula que m\u00e1s de 80 millones de personas participan en eventos del List\u00f3n Rojo cada a\u00f1o.<\/li>\n<li>La campa\u00f1a es una forma unificada para que las comunidades adopten una postura contra las drogas y para mostrar intolerancia por el uso de drogas il\u00edcitas y las consecuencias para todos los estadounidenses.<\/li>\n<li>Las escuelas, empresas, comunidad religiosa, medios de comunicaci\u00f3n, familias y coaliciones comunitarias se unen para celebrar la semana del List\u00f3n Rojo de muchas maneras, tales como: patrocinar concursos de ensayo y carteles; organizar carreras sin drogas; decoraci\u00f3n de edificios en rojo; entregar listones rojos a los clientes; celebraci\u00f3n de desfiles o eventos comunitarios y dando a conocer el valor de un estilo de vida saludable, libre de drogas.<\/li>\n<\/ul>\n<p><strong>Recursos adicionales<\/strong><\/p>\n<p>California Department of Education (www.cde.ca.gov\/ls\/he\/at)<br \/>\nCommunity Alliances for Drug Free Youth (CADFY) (www.CADFY.org)<br \/>\nCalifornia Friday Night Live Partnership (www.fridaynightlive.org)<br \/>\nU.S. Drug Enforcement Administration (DEA) (www.dea.gov and www.justthinktwice.com)<br \/>\nPartnership for a Drug-Free California (www.drugfree.org)<br \/>\nSundt Memorial Foundation (www. sundtmemorial.org)<br \/>\nThe Enrique S. Camarena Educational Foundation (www.CamarenaFoundation.org)<br \/>\nTime to Talk (Partnership for a drug free America website directed at parents) (www.timetotalk.org)<\/p>\n<div class=\"spotlightbox\">\n<p>Hoy, las escuelas y las comunidades a trav\u00e9s de la naci\u00f3n crean actividades y campa\u00f1as de medios de patrocinio durante la Semana del Lazo Rojo para aumentar el conocimiento del p\u00fablico acerca de los problemas causados por el abuso de sustancia y promueven las estrategias de investigaci\u00f3n basados en la prevenci\u00f3n y programas a trav\u00e9s del a\u00f1o.<\/p>\n<p style=\"text-align: right;\">Community Alliances for Drug Free Youth (CADFY), www.cadfy.org<\/p>\n<\/div>\n","protected":false},"excerpt":{"rendered":"<p>Revisado en octubre de 2010 \u2013 Asuntos Comunitarios En 1985 Enrique \u201cKiki\u201d Camarena fue secuestrado, brutalmente torturado y asesinado por narcotraficantes mexicanos. Su tr\u00e1gica muerte abri\u00f3 los ojos de muchos estadounidenses a los peligros de las drogas y el alcance internacional del tr\u00e1fico de drogas. Poco despu\u00e9s de la muerte de \u201cKiki\u201d, el congresista Duncan [&hellip;]<\/p>\n","protected":false},"author":8,"featured_media":0,"parent":3988,"menu_order":0,"comment_status":"closed","ping_status":"closed","template":"","meta":{"footnotes":""},"class_list":["post-4122","page","type-page","status-publish","hentry","entry"],"_links":{"self":[{"href":"https:\/\/toolkit.capta.org\/es\/wp-json\/wp\/v2\/pages\/4122","targetHints":{"allow":["GET"]}}],"collection":[{"href":"https:\/\/toolkit.capta.org\/es\/wp-json\/wp\/v2\/pages"}],"about":[{"href":"https:\/\/toolkit.capta.org\/es\/wp-json\/wp\/v2\/types\/page"}],"author":[{"embeddable":true,"href":"https:\/\/toolkit.capta.org\/es\/wp-json\/wp\/v2\/users\/8"}],"replies":[{"embeddable":true,"href":"https:\/\/toolkit.capta.org\/es\/wp-json\/wp\/v2\/comments?post=4122"}],"version-history":[{"count":0,"href":"https:\/\/toolkit.capta.org\/es\/wp-json\/wp\/v2\/pages\/4122\/revisions"}],"up":[{"embeddable":true,"href":"https:\/\/toolkit.capta.org\/es\/wp-json\/wp\/v2\/pages\/3988"}],"wp:attachment":[{"href":"https:\/\/toolkit.capta.org\/es\/wp-json\/wp\/v2\/media?parent=4122"}],"curies":[{"name":"wp","href":"https:\/\/api.w.org\/{rel}","templated":true}]}}