{"id":4126,"date":"2013-11-19T12:15:45","date_gmt":"2013-11-19T20:15:45","guid":{"rendered":"http:\/\/toolkit.capta.org\/programs\/scholarships-and-grants\/scholarships\/"},"modified":"2015-07-07T15:47:10","modified_gmt":"2015-07-07T22:47:10","slug":"scholarships","status":"publish","type":"page","link":"https:\/\/toolkit.capta.org\/es\/programs\/scholarships-and-grants\/scholarships\/","title":{"rendered":"Becas"},"content":{"rendered":"<p>Los fondos del programa de becas para fomentar diversos tipos de educaci\u00f3n superior son aprobados anualmente por la PTA de California.<\/p>\n<p>Las becas est\u00e1n disponibles para graduados del \u00faltimo a\u00f1o de la secundaria en reconocimiento a sus servicios voluntarios en la escuela y en la comunidad. Las becas deben usarse en el primer a\u00f1o, luego de la graduaci\u00f3n de la escuela secundaria.<\/p>\n<p>Tambi\u00e9n se otorgan becas a maestros acreditados, enfermeras escolares y consejeros para realizar estudios avanzados, y a voluntarios de la PTA con un m\u00ednimo de tres a\u00f1os de servicio en la PTA para continuar su educaci\u00f3n.<\/p>\n<p>Las solicitudes est\u00e1n disponibles en la <em>Carpeta de recursos<\/em> de la PTA de California, la oficina de la PTA de California o en la p\u00e1gina de Internet <a href=\"http:\/\/capta.org\/\" target=\"_blank\">capta.org<\/a>.<\/p>\n<p><strong>Comit\u00e9 de becas y subsidios<br \/>\n<\/strong>Recomienda las normas necesarias.<br \/>\nAdministra los programas vigentes de becas y subsidios.<br \/>\nExamina cada proyecto de beca y subsidio.<br \/>\nSelecciona a los beneficiarios de becas y subsidios.<br \/>\nRecomienda cambios al programa de becas y subsidios del a\u00f1o siguiente a la Junta de Gerentes de la PTA de California para su adopci\u00f3n.<\/p>\n","protected":false},"excerpt":{"rendered":"<p>Los fondos del programa de becas para fomentar diversos tipos de educaci\u00f3n superior son aprobados anualmente por la PTA de California. Las becas est\u00e1n disponibles para graduados del \u00faltimo a\u00f1o de la secundaria en reconocimiento a sus servicios voluntarios en la escuela y en la comunidad. Las becas deben usarse en el primer a\u00f1o, luego [&hellip;]<\/p>\n","protected":false},"author":8,"featured_media":0,"parent":3990,"menu_order":0,"comment_status":"closed","ping_status":"closed","template":"","meta":{"footnotes":""},"class_list":["post-4126","page","type-page","status-publish","hentry","entry"],"_links":{"self":[{"href":"https:\/\/toolkit.capta.org\/es\/wp-json\/wp\/v2\/pages\/4126","targetHints":{"allow":["GET"]}}],"collection":[{"href":"https:\/\/toolkit.capta.org\/es\/wp-json\/wp\/v2\/pages"}],"about":[{"href":"https:\/\/toolkit.capta.org\/es\/wp-json\/wp\/v2\/types\/page"}],"author":[{"embeddable":true,"href":"https:\/\/toolkit.capta.org\/es\/wp-json\/wp\/v2\/users\/8"}],"replies":[{"embeddable":true,"href":"https:\/\/toolkit.capta.org\/es\/wp-json\/wp\/v2\/comments?post=4126"}],"version-history":[{"count":0,"href":"https:\/\/toolkit.capta.org\/es\/wp-json\/wp\/v2\/pages\/4126\/revisions"}],"up":[{"embeddable":true,"href":"https:\/\/toolkit.capta.org\/es\/wp-json\/wp\/v2\/pages\/3990"}],"wp:attachment":[{"href":"https:\/\/toolkit.capta.org\/es\/wp-json\/wp\/v2\/media?parent=4126"}],"curies":[{"name":"wp","href":"https:\/\/api.w.org\/{rel}","templated":true}]}}