{"id":4129,"date":"2013-11-19T12:18:37","date_gmt":"2013-11-19T20:18:37","guid":{"rendered":"http:\/\/toolkit.capta.org\/programs\/scholarships-and-grants\/scholarships\/graduating-high-school-senior-scholarship\/"},"modified":"2017-10-05T16:39:29","modified_gmt":"2017-10-05T23:39:29","slug":"graduating-high-school-senior-scholarship","status":"publish","type":"page","link":"https:\/\/toolkit.capta.org\/es\/programs\/scholarships-and-grants\/scholarships\/graduating-high-school-senior-scholarship\/","title":{"rendered":"Becas para graduados del \u00faltimo a\u00f1o de la secundaria"},"content":{"rendered":"<p><em>(Establecida en 1977\/1978 \u2013 Revisada en octubre de 2014)<\/em><\/p>\n<p>Anualmente, la PTA de California ofrece becas para reconocer a estudiantes del \u00faltimo a\u00f1o de la secundaria que se grad\u00faan entre enero y junio de cada a\u00f1o calendario. Estas becas reconocen a los estudiantes por los logros alcanzados en trabajos voluntarios en la escuela y en la comunidad. Las becas deben usarse luego de finalizar los estudios secundarios, en el primer a\u00f1o en una instituci\u00f3n acreditada como colegio, universidad, colegio comunitario o escuela t\u00e9cnica o vocacional.<\/p>\n<p><strong>Solicitud:<\/strong> el formulario de solicitud y referencia se encuentra en la secci\u00f3n de Formularios de la Carpeta de recursos. Las solicitudes, los formularios de referencia y sus cartas deben entregarse en la oficina de la PTA de California a m\u00e1s tardar al final del d\u00eda laboral, el <strong>1 de febrero<\/strong>. Cuando el 1 de febrero sea un d\u00eda del fin de semana, las solicitudes deber\u00e1n entregarse antes del horario de cierre de la oficina de la PTA de California el lunes siguiente. No se aceptar\u00e1n matasellos.<\/p>\n<p><strong>Calificaciones:<\/strong> el solicitante debe haber trabajado como voluntario en la escuela y en la comunidad y graduarse de una escuela p\u00fablica de California que cuente con una unidad de PTA con sus cuotas al d\u00eda. El solicitante tambi\u00e9n debe ser miembro de la unidad de la PTA\/PTSA de su escuela.<\/p>\n<p><strong>Selecci\u00f3n:<\/strong> los beneficiarios son seleccionados por el Comit\u00e9 de Becas y Subsidios de la PTA de California.<\/p>\n<p>Al ser seleccionado para recibir una beca para graduados de secundaria de la PTA de California, se enviar\u00e1 un cheque al beneficiario junto con la carta de premio. Los cheques se enviar\u00e1n al beneficiario para el 1 de junio del a\u00f1o fiscal en curso.<\/p>\n","protected":false},"excerpt":{"rendered":"<p>(Establecida en 1977\/1978 \u2013 Revisada en octubre de 2014) Anualmente, la PTA de California ofrece becas para reconocer a estudiantes del \u00faltimo a\u00f1o de la secundaria que se grad\u00faan entre enero y junio de cada a\u00f1o calendario. Estas becas reconocen a los estudiantes por los logros alcanzados en trabajos voluntarios en la escuela y en [&hellip;]<\/p>\n","protected":false},"author":8,"featured_media":0,"parent":4126,"menu_order":0,"comment_status":"closed","ping_status":"closed","template":"","meta":{"footnotes":""},"class_list":["post-4129","page","type-page","status-publish","hentry","entry"],"_links":{"self":[{"href":"https:\/\/toolkit.capta.org\/es\/wp-json\/wp\/v2\/pages\/4129","targetHints":{"allow":["GET"]}}],"collection":[{"href":"https:\/\/toolkit.capta.org\/es\/wp-json\/wp\/v2\/pages"}],"about":[{"href":"https:\/\/toolkit.capta.org\/es\/wp-json\/wp\/v2\/types\/page"}],"author":[{"embeddable":true,"href":"https:\/\/toolkit.capta.org\/es\/wp-json\/wp\/v2\/users\/8"}],"replies":[{"embeddable":true,"href":"https:\/\/toolkit.capta.org\/es\/wp-json\/wp\/v2\/comments?post=4129"}],"version-history":[{"count":2,"href":"https:\/\/toolkit.capta.org\/es\/wp-json\/wp\/v2\/pages\/4129\/revisions"}],"predecessor-version":[{"id":8855,"href":"https:\/\/toolkit.capta.org\/es\/wp-json\/wp\/v2\/pages\/4129\/revisions\/8855"}],"up":[{"embeddable":true,"href":"https:\/\/toolkit.capta.org\/es\/wp-json\/wp\/v2\/pages\/4126"}],"wp:attachment":[{"href":"https:\/\/toolkit.capta.org\/es\/wp-json\/wp\/v2\/media?parent=4129"}],"curies":[{"name":"wp","href":"https:\/\/api.w.org\/{rel}","templated":true}]}}