{"id":4133,"date":"2013-11-19T12:19:33","date_gmt":"2013-11-19T20:19:33","guid":{"rendered":"http:\/\/toolkit.capta.org\/programs\/scholarships-and-grants\/scholarships\/continuing-education-scholarship-for-credentialed-teachers-and-counselors\/"},"modified":"2020-10-14T12:18:42","modified_gmt":"2020-10-14T19:18:42","slug":"continuing-education-scholarship-for-credentialed-teachers-and-counselors","status":"publish","type":"page","link":"https:\/\/toolkit.capta.org\/es\/programs\/scholarships-and-grants\/scholarships\/continuing-education-scholarship-for-credentialed-teachers-and-counselors\/","title":{"rendered":"Becas de educaci\u00f3n continuada para personal de la escuela"},"content":{"rendered":"<p><em>(Establecida en 1976 \u2013 Revisada en agosto 2014)<\/em><\/p>\n<p>Todos los a\u00f1os, la PTA de California ofrece becas para la educaci\u00f3n continua, incluso para cursos de verano, disponibles entre el 1\u00ba de enero y el 31 de diciembre.<\/p>\n<p><strong>Solicitud:<\/strong> <a href=\"http:\/\/downloads.capta.org\/toolkit\/formularios\/BecasDeEducacionContinuada-MaestroAcreditadosYConsejerosEscolares.pdf\" target=\"_blank\" rel=\"noopener noreferrer\">el formulario de solicitud y referencia<\/a> se encuentra en la secci\u00f3n de Formularios de la <em>Carpeta de recursos<\/em>. Las solicitudes, los formularios de referencia y sus cartas deben entregarse en la oficina de la PTA de California a m\u00e1s tardar al final del d\u00eda laboral, el <strong>1 de octubre<\/strong>. Cuando el 1 de octubre sea un d\u00eda del fin de semana, las solicitudes deber\u00e1n entregarse antes del horario de cierre de la oficina de la PTA de California el lunes siguiente. No se aceptar\u00e1n matasellos.<\/p>\n<p><strong>Calificaciones:<\/strong> las becas se otorgan a maestros y consejeros acreditados que hayan trabajado tiempo completo en una escuela p\u00fablica de California durante el a\u00f1o lectivo anterior, que tengan un m\u00ednimo de tres a\u00f1os de experiencia en escuelas p\u00fablicas, que tengan un contrato de trabajo de tiempo completo para el a\u00f1o en curso y que planeen seguir trabajando como maestros o consejeros. El solicitante tambi\u00e9n debe ser miembro de una unidad de la PTA\/PTSA con sus cuotas al d\u00eda y debe tener un cargo de maestro o consejero en la escuela a la cual pertenece dicha PTA\/PTSA.<\/p>\n<p><strong>Selecci\u00f3n:<\/strong> los beneficiarios son seleccionados por el Comit\u00e9 de Becas y Subsidios y aprobados por la PTA de California. Un cheque para el subsidio se enviar\u00e1 al presidente del distrito de PTA del recipiente para ser presentado al recipiente.<\/p>\n","protected":false},"excerpt":{"rendered":"<p>(Establecida en 1976 \u2013 Revisada en agosto 2014) Todos los a\u00f1os, la PTA de California ofrece becas para la educaci\u00f3n continua, incluso para cursos de verano, disponibles entre el 1\u00ba de enero y el 31 de diciembre. Solicitud: el formulario de solicitud y referencia se encuentra en la secci\u00f3n de Formularios de la Carpeta de [&hellip;]<\/p>\n","protected":false},"author":8,"featured_media":0,"parent":4126,"menu_order":0,"comment_status":"closed","ping_status":"closed","template":"","meta":{"footnotes":""},"class_list":["post-4133","page","type-page","status-publish","hentry","entry"],"_links":{"self":[{"href":"https:\/\/toolkit.capta.org\/es\/wp-json\/wp\/v2\/pages\/4133","targetHints":{"allow":["GET"]}}],"collection":[{"href":"https:\/\/toolkit.capta.org\/es\/wp-json\/wp\/v2\/pages"}],"about":[{"href":"https:\/\/toolkit.capta.org\/es\/wp-json\/wp\/v2\/types\/page"}],"author":[{"embeddable":true,"href":"https:\/\/toolkit.capta.org\/es\/wp-json\/wp\/v2\/users\/8"}],"replies":[{"embeddable":true,"href":"https:\/\/toolkit.capta.org\/es\/wp-json\/wp\/v2\/comments?post=4133"}],"version-history":[{"count":2,"href":"https:\/\/toolkit.capta.org\/es\/wp-json\/wp\/v2\/pages\/4133\/revisions"}],"predecessor-version":[{"id":10424,"href":"https:\/\/toolkit.capta.org\/es\/wp-json\/wp\/v2\/pages\/4133\/revisions\/10424"}],"up":[{"embeddable":true,"href":"https:\/\/toolkit.capta.org\/es\/wp-json\/wp\/v2\/pages\/4126"}],"wp:attachment":[{"href":"https:\/\/toolkit.capta.org\/es\/wp-json\/wp\/v2\/media?parent=4133"}],"curies":[{"name":"wp","href":"https:\/\/api.w.org\/{rel}","templated":true}]}}